{"id":10008,"date":"2024-05-14T17:20:41","date_gmt":"2024-05-14T17:20:41","guid":{"rendered":"https:\/\/hekalsoluciones.com\/hekalsoluciones\/?page_id=10008"},"modified":"2025-01-13T17:28:43","modified_gmt":"2025-01-13T17:28:43","slug":"promociones-del-mes","status":"publish","type":"page","link":"https:\/\/hekalsoluciones.com\/hekalsoluciones\/promociones-del-mes\/","title":{"rendered":"PROMOCIONES DEL MES"},"content":{"rendered":"<p>[vc_row full_width=\u00bbstretch_row_content\u00bb][vc_column]\n\t\t\t<!-- START baner conjunto REVOLUTION SLIDER 6.2.9 --><p class=\"rs-p-wp-fix\"><\/p>\n\t\t\t<rs-module-wrap id=\"rev_slider_21_1_wrapper\" data-source=\"gallery\" style=\"background:transparent;padding:0;margin:0px auto;margin-top:0;margin-bottom:0;max-width:none;\">\n\t\t\t\t<rs-module id=\"rev_slider_21_1\" style=\"\" data-version=\"6.2.9\">\n\t\t\t\t\t<rs-slides>\n\t\t\t\t\t\t<rs-slide data-key=\"rs-72\" data-title=\"Slide\" data-anim=\"ei:d;eo:d;s:d;r:0;t:slidingoverlayup;sl:d;\">\n\t\t\t\t\t\t\t<img src=\"\/\/hekalsoluciones.com\/hekalsoluciones\/wp-content\/uploads\/2024\/07\/1.png\" title=\"1\" width=\"6912\" height=\"3456\" data-parallax=\"off\" class=\"rev-slidebg\" data-no-retina>\n<!--\n\t\t\t\t\t\t\t--><rs-layer\n\t\t\t\t\t\t\t\tid=\"slider-21-slide-72-layer-5\" \n\t\t\t\t\t\t\t\tdata-type=\"image\"\n\t\t\t\t\t\t\t\tdata-rsp_ch=\"on\"\n\t\t\t\t\t\t\t\tdata-xy=\"x:c;y:m;\"\n\t\t\t\t\t\t\t\tdata-text=\"w:normal;s:20,16,12,10;l:0,20,15,13;\"\n\t\t\t\t\t\t\t\tdata-dim=\"w:1039px,858px,651px,568px;h:520px,429px,325px,284px;\"\n\t\t\t\t\t\t\t\tdata-frame_999=\"o:0;st:w;\"\n\t\t\t\t\t\t\t\tstyle=\"z-index:8;\"\n\t\t\t\t\t\t\t><img src=\"\/\/hekalsoluciones.com\/hekalsoluciones\/wp-content\/uploads\/2024\/07\/2.png\" width=\"6912\" height=\"3456\" data-no-retina> \n\t\t\t\t\t\t\t<\/rs-layer><!--\n-->\t\t\t\t\t\t<\/rs-slide>\n\t\t\t\t\t<\/rs-slides>\n\t\t\t\t<\/rs-module>\n\t\t\t\t<script type=\"text\/javascript\">\n\t\t\t\t\tsetREVStartSize({c: 'rev_slider_21_1',rl:[1240,1024,778,480],el:[417,516,390,340],gw:[1240,1024,778,680],gh:[417,516,390,340],type:'standard',justify:'',layout:'fullwidth',mh:\"0\"});\n\t\t\t\t\tvar\trevapi21,\n\t\t\t\t\t\ttpj;\n\t\t\t\t\tjQuery(function() {\n\t\t\t\t\t\ttpj = jQuery;\n\t\t\t\t\t\trevapi21 = tpj(\"#rev_slider_21_1\")\n\t\t\t\t\t\tif(revapi21==undefined || revapi21.revolution == undefined){\n\t\t\t\t\t\t\trevslider_showDoubleJqueryError(\"rev_slider_21_1\");\n\t\t\t\t\t\t}else{\n\t\t\t\t\t\t\trevapi21.revolution({\n\t\t\t\t\t\t\t\tvisibilityLevels:\"1240,1024,778,480\",\n\t\t\t\t\t\t\t\tgridwidth:\"1240,1024,778,680\",\n\t\t\t\t\t\t\t\tgridheight:\"417,516,390,340\",\n\t\t\t\t\t\t\t\tminHeight:\"none\",\n\t\t\t\t\t\t\t\tspinner:\"spinner0\",\n\t\t\t\t\t\t\t\tperspective:600,\n\t\t\t\t\t\t\t\tperspectiveType:\"local\",\n\t\t\t\t\t\t\t\teditorheight:\"417,516,390,340\",\n\t\t\t\t\t\t\t\tresponsiveLevels:\"1240,1024,778,480\",\n\t\t\t\t\t\t\t\tprogressBar:{disableProgressBar:true},\n\t\t\t\t\t\t\t\tnavigation: {\n\t\t\t\t\t\t\t\t\tmouseScrollNavigation:false,\n\t\t\t\t\t\t\t\t\tonHoverStop:false,\n\t\t\t\t\t\t\t\t\ttouch: {\n\t\t\t\t\t\t\t\t\t\ttouchenabled:true\n\t\t\t\t\t\t\t\t\t}\n\t\t\t\t\t\t\t\t},\n\t\t\t\t\t\t\t\tparallax: {\n\t\t\t\t\t\t\t\t\tlevels:[5,10,15,20,25,30,35,40,45,46,47,48,49,50,51,55],\n\t\t\t\t\t\t\t\t\ttype:\"mouse\"\n\t\t\t\t\t\t\t\t},\n\t\t\t\t\t\t\t\tfallbacks: {\n\t\t\t\t\t\t\t\t\tallowHTML5AutoPlayOnAndroid:true\n\t\t\t\t\t\t\t\t},\n\t\t\t\t\t\t\t});\n\t\t\t\t\t\t}\n\t\t\t\t\t\t\n\t\t\t\t\t});\n\t\t\t\t<\/script>\n\t\t\t\t<script>\n\t\t\t\t\tvar htmlDivCss = unescape(\"%40media%20%28max-width%3A%201200px%29%20and%20%28min-width%3A%20900px%29%7B%0A%09.tp-revslider-mainul%20li%3Anth-child%282%29%20div%3Anth-child%282%29%2C%0A%20%20%20%20.tp-revslider-mainul%20li%3Anth-child%282%29%20div%3Anth-child%283%29%2C%0A%20%20%20%20.tp-revslider-mainul%20li%3Anth-child%282%29%20div%3Anth-child%284%29%2C%0A%20%20%20%20.tp-revslider-mainul%20li%3Anth-child%282%29%20div%3Anth-child%286%29%2C%0A%09.tp-revslider-mainul%20li%3Afirst-child%20div%3Anth-child%282%29%2C%20%0A%20%20%20%20.tp-revslider-mainul%20li%3Afirst-child%20div%3Anth-child%283%29%2C%20%0A%20%20%20%20.tp-revslider-mainul%20li%3Afirst-child%20div%3Anth-child%284%29%2C%0A%20%20%20%20.tp-revslider-mainul%20li%3Anth-child%283%29%20div%3Anth-child%283%29%2C%20%0A%20%20%20%20.tp-revslider-mainul%20li%3Anth-child%283%29%20div%3Anth-child%284%29%2C%20%0A%20%20%20%20.tp-revslider-mainul%20li%3Anth-child%283%29%20div%3Anth-child%285%29%20%7B%0A%20%20%20%20%20%20%20%20left%3A%2060px%20%21important%3B%0A%20%20%20%20%7D%0A%7D%0A%0A%40media%20%28max-width%3A%20767px%29%20%7B%0Ars-slides%2C%0Ars-module%2C%0Ars-module-wrap%2C%0Ars-fullwidth-wrap%7B%0Amax-height%3A%20200px%20%21important%3B%0A%7D%0A%7D\");\n\t\t\t\t\tvar htmlDiv = document.getElementById('rs-plugin-settings-inline-css');\n\t\t\t\t\tif(htmlDiv) {\n\t\t\t\t\t\thtmlDiv.innerHTML = htmlDiv.innerHTML + htmlDivCss;\n\t\t\t\t\t}else{\n\t\t\t\t\t\tvar htmlDiv = document.createElement('div');\n\t\t\t\t\t\thtmlDiv.innerHTML = '<style>' + htmlDivCss + '<\/style>';\n\t\t\t\t\t\tdocument.getElementsByTagName('head')[0].appendChild(htmlDiv.childNodes[0]);\n\t\t\t\t\t}\n\t\t\t\t<\/script>\n\t\t\t<\/rs-module-wrap>\n\t\t\t<!-- END REVOLUTION SLIDER -->\n[\/vc_column][\/vc_row][vc_row][vc_column]<div class=\"woocommerce columns-4 \"><ul data-view=\"grid\" data-toggle=\"regular-products\" class=\"products columns-4 columns__wide--2\"><li class=\"product type-product post-10432 status-publish first instock product_cat-accesorios-computo product_cat-sonido-2 product_tag-1419 product_tag-auriculares product_tag-dell product_tag-dell-pro product_tag-wh1022 has-post-thumbnail taxable shipping-taxable purchasable product-type-simple yith-wcbm-product-has-badges\">\n\t<div class=\"product-outer product-item__outer\"><div class=\"product-inner product-item__inner\"><div class=\"product-loop-header product-item__header\"><span class=\"loop-product-categories\"><a href=\"https:\/\/hekalsoluciones.com\/hekalsoluciones\/categoria-producto\/accesorios\/accesorios-computo\/\" rel=\"tag\">Accesorios Computo<\/a>, <a href=\"https:\/\/hekalsoluciones.com\/hekalsoluciones\/categoria-producto\/sonido-2\/\" rel=\"tag\">Sonido<\/a><\/span><a href=\"https:\/\/hekalsoluciones.com\/hekalsoluciones\/producto\/auriculares-estereo-dell-pro-wh1022\/\" class=\"woocommerce-LoopProduct-link woocommerce-loop-product__link\"><h2 class=\"woocommerce-loop-product__title\">Auriculares est\u00e9reo Dell Pro \u2013 WH1022<\/h2><div class=\"product-thumbnail product-item__thumbnail\"><div class='container-image-and-badge  '><img width=\"200\" height=\"200\" src=\"https:\/\/hekalsoluciones.com\/hekalsoluciones\/wp-content\/uploads\/2024\/07\/wh1022-cau-01-bk.psd-200x200.png\" class=\"attachment-woocommerce_thumbnail size-woocommerce_thumbnail\" alt=\"\" loading=\"lazy\" \/>\n<div class='yith-wcbm-badge yith-wcbm-badge-10297 yith-wcbm-badge-text yith-wcbm-badge--on-product-10432 yith-wcbm-badge-text' data-position='{&quot;top&quot;:&quot;0&quot;,&quot;right&quot;:&quot;0&quot;,&quot;bottom&quot;:&quot;auto&quot;,&quot;left&quot;:&quot;auto&quot;}' data-transform=\"\">\n\t<div class='yith-wcbm-badge__wrap'>\n\t\t<div class=\"yith-wcbm-badge-text\"><p style=\"text-align: center\"><span style=\"font-family: 'arial black', 'avant garde';color: #ffffff;font-size: 8pt\">+ IVA<\/span><\/p><\/div>\n\t<\/div>\n<\/div>\n<!--yith-wcbm-badge-->\n<\/div><!--container-image-and-badge--><\/div><\/a><\/div><!-- \/.product-loop-header --><div class=\"product-loop-body product-item__body\"><span class=\"loop-product-categories\"><a href=\"https:\/\/hekalsoluciones.com\/hekalsoluciones\/categoria-producto\/accesorios\/accesorios-computo\/\" rel=\"tag\">Accesorios Computo<\/a>, <a href=\"https:\/\/hekalsoluciones.com\/hekalsoluciones\/categoria-producto\/sonido-2\/\" rel=\"tag\">Sonido<\/a><\/span><a href=\"https:\/\/hekalsoluciones.com\/hekalsoluciones\/producto\/auriculares-estereo-dell-pro-wh1022\/\" class=\"woocommerce-LoopProduct-link woocommerce-loop-product__link\"><h2 class=\"woocommerce-loop-product__title\">Auriculares est\u00e9reo Dell Pro \u2013 WH1022<\/h2>\t\t<div class=\"product-rating\">\n\t\t\t<div class=\"star-rating\" title=\"Rated 0 out of 5\"><span style=\"width:0%\"><strong class=\"rating\">0<\/strong> out of 5<\/span><\/div> (0)\n\t\t<\/div>\n\t\t\t\t<div class=\"product-short-description\">\n\t\t\t<p>Disfruta de una experiencia de aprendizaje c\u00f3moda y sin distracciones con audio adaptativo, micr\u00f3fono ajustable con cancelaci\u00f3n del ruido y controles de audio accesibles.<\/p>\n<p><b><img class=\"aligncenter wp-image-10280\" src=\"https:\/\/hekalsoluciones.com\/hekalsoluciones\/wp-content\/uploads\/2024\/06\/ENVIO-GRATIS.png\" alt=\"\" width=\"535\" height=\"209\" \/><\/b><\/p>\n\t\t<\/div>\n\t\t\t\t<div class=\"product-sku\">SKU: WH1022<\/div><\/a><\/div><!-- \/.product-loop-body --><div class=\"product-loop-footer product-item__footer\"><div class=\"price-add-to-cart\">\n\t<span class=\"price\"><span class=\"electro-price\"><span class=\"woocommerce-Price-amount amount\"><span class=\"woocommerce-Price-currencySymbol\">&#36;<\/span>120,000.00<\/span><\/span><\/span>\n<div class=\"add-to-cart-wrap\" data-toggle=\"tooltip\" data-title=\"A\u00f1adir al carrito\"><a href=\"?add-to-cart=10432\" data-quantity=\"1\" class=\"button product_type_simple add_to_cart_button ajax_add_to_cart\" data-product_id=\"10432\" data-product_sku=\"WH1022\" aria-label=\"A\u00f1ade &ldquo;Auriculares est\u00e9reo Dell Pro \u2013 WH1022&rdquo; a tu carrito\" rel=\"nofollow\">A\u00f1adir al carrito<\/a><\/div><\/div><!-- \/.price-add-to-cart --><div class=\"hover-area\"><div class=\"action-buttons\">\n<div class=\"yith-wcwl-add-to-wishlist add-to-wishlist-10432  wishlist-fragment on-first-load\" data-fragment-ref=\"10432\" data-fragment-options=\"{&quot;base_url&quot;:&quot;&quot;,&quot;in_default_wishlist&quot;:false,&quot;is_single&quot;:false,&quot;show_exists&quot;:false,&quot;product_id&quot;:10432,&quot;parent_product_id&quot;:10432,&quot;product_type&quot;:&quot;simple&quot;,&quot;show_view&quot;:false,&quot;browse_wishlist_text&quot;:&quot;Explorar la lista de deseos&quot;,&quot;already_in_wishslist_text&quot;:&quot;\\u00a1El producto ya est\\u00e1 en tu lista de deseos!&quot;,&quot;product_added_text&quot;:&quot;\\u00a1Producto a\\u00f1adido!&quot;,&quot;heading_icon&quot;:&quot;fa-heart-o&quot;,&quot;available_multi_wishlist&quot;:false,&quot;disable_wishlist&quot;:false,&quot;show_count&quot;:false,&quot;ajax_loading&quot;:false,&quot;loop_position&quot;:&quot;after_add_to_cart&quot;,&quot;item&quot;:&quot;add_to_wishlist&quot;}\">\n\t\t\t\n\t\t\t<!-- ADD TO WISHLIST -->\n\t\t\t\n<div class=\"yith-wcwl-add-button\">\n\t<a href=\"?add_to_wishlist=10432\" rel=\"nofollow\" data-product-id=\"10432\" data-product-type=\"simple\" data-original-product-id=\"10432\" class=\"add_to_wishlist single_add_to_wishlist\" data-title=\"A\u00f1adir a la lista de deseos\">\n\t\t<i class=\"yith-wcwl-icon fa fa-heart-o\"><\/i>\t\t<span>A\u00f1adir a la lista de deseos<\/span>\n\t<\/a>\n<\/div>\n\t\t\t<!-- COUNT TEXT -->\n\t\t\t\n\t\t\t<\/div><a href=\"https:\/\/hekalsoluciones.com\/hekalsoluciones?action=yith-woocompare-add-product&id=10432\" class=\"add-to-compare-link\" data-product_id=\"10432\">Compare<\/a><\/div><\/div><\/div><!-- \/.product-loop-footer --><\/div><!-- \/.product-inner --><\/div><!-- \/.product-outer --><\/li>\n<\/ul>\n<\/div><div class=\"woocommerce columns-4 \"><\/div><div class=\"woocommerce columns-4 \"><ul data-view=\"grid\" data-toggle=\"regular-products\" class=\"products columns-4 columns__wide--2\"><li class=\"product type-product post-9002 status-publish first instock product_cat-impresoras-de-toner-negro product_tag-7md74abgj product_tag-hp product_tag-impresora-hp product_tag-impresora-laser product_tag-impresora-multifuncional has-post-thumbnail purchasable product-type-simple yith-wcbm-product-has-badges\">\n\t<div class=\"product-outer product-item__outer\"><div class=\"product-inner product-item__inner\"><div class=\"product-loop-header product-item__header\"><span class=\"loop-product-categories\"><a href=\"https:\/\/hekalsoluciones.com\/hekalsoluciones\/categoria-producto\/impresoras-de-toner-negro\/\" rel=\"tag\">IMPRESORAS DE TONER NEGRO<\/a><\/span><a href=\"https:\/\/hekalsoluciones.com\/hekalsoluciones\/producto\/impresora-multifuncional-hp-laserjet-m141w\/\" class=\"woocommerce-LoopProduct-link woocommerce-loop-product__link\"><h2 class=\"woocommerce-loop-product__title\">Impresora Multifuncional HP Laser Jet MFP M141w<\/h2><div class=\"product-thumbnail product-item__thumbnail\"><div class='container-image-and-badge  '><img width=\"200\" height=\"200\" src=\"https:\/\/hekalsoluciones.com\/hekalsoluciones\/wp-content\/uploads\/2024\/02\/7MD74A-1_T1679656556-200x200.png\" class=\"attachment-woocommerce_thumbnail size-woocommerce_thumbnail\" alt=\"\" loading=\"lazy\" \/>\n<div class='yith-wcbm-badge yith-wcbm-badge-10297 yith-wcbm-badge-text yith-wcbm-badge--on-product-9002 yith-wcbm-badge-text' data-position='{&quot;top&quot;:&quot;0&quot;,&quot;right&quot;:&quot;0&quot;,&quot;bottom&quot;:&quot;auto&quot;,&quot;left&quot;:&quot;auto&quot;}' data-transform=\"\">\n\t<div class='yith-wcbm-badge__wrap'>\n\t\t<div class=\"yith-wcbm-badge-text\"><p style=\"text-align: center\"><span style=\"font-family: 'arial black', 'avant garde';color: #ffffff;font-size: 8pt\">+ IVA<\/span><\/p><\/div>\n\t<\/div>\n<\/div>\n<!--yith-wcbm-badge-->\n<\/div><!--container-image-and-badge--><\/div><\/a><\/div><!-- \/.product-loop-header --><div class=\"product-loop-body product-item__body\"><span class=\"loop-product-categories\"><a href=\"https:\/\/hekalsoluciones.com\/hekalsoluciones\/categoria-producto\/impresoras-de-toner-negro\/\" rel=\"tag\">IMPRESORAS DE TONER NEGRO<\/a><\/span><a href=\"https:\/\/hekalsoluciones.com\/hekalsoluciones\/producto\/impresora-multifuncional-hp-laserjet-m141w\/\" class=\"woocommerce-LoopProduct-link woocommerce-loop-product__link\"><h2 class=\"woocommerce-loop-product__title\">Impresora Multifuncional HP Laser Jet MFP M141w<\/h2>\t\t<div class=\"product-rating\">\n\t\t\t<div class=\"star-rating\" title=\"Rated 0 out of 5\"><span style=\"width:0%\"><strong class=\"rating\">0<\/strong> out of 5<\/span><\/div> (0)\n\t\t<\/div>\n\t\t\t\t<div class=\"product-short-description\">\n\t\t\t<div>\n<ul>\n<li>Reemplazo 135w Hasta 20 ppm<\/li>\n<li>Volumen de p\u00e1ginas mensuales recomendado 100 a 2000<\/li>\n<li>Conectividad<\/li>\n<li>est\u00e1ndar USB 2.0 de alta velocidad<\/li>\n<li>conexi\u00f3n inal\u00e1mbrica 802.11 b\/g\/n<\/li>\n<li>Capacidad de entrada m\u00e1xima (hojas) Hasta 150 hojas<\/li>\n<li>capacidad de impresi\u00f3n m\u00f3vil Aplicaci\u00f3n HP Smart; Apple AirPrint\u2122; Google Cloud Print\u2122; Aplicaciones m\u00f3viles<\/li>\n<li>Certificaci\u00f3n Mopria\u2122<\/li>\n<li>Impresi\u00f3n Wi-Fi Direct<b><img class=\"aligncenter wp-image-10280\" src=\"https:\/\/hekalsoluciones.com\/hekalsoluciones\/wp-content\/uploads\/2024\/06\/ENVIO-GRATIS.png\" alt=\"\" width=\"535\" height=\"209\" \/><\/b><\/li>\n<\/ul>\n<\/div>\n\t\t<\/div>\n\t\t\t\t<div class=\"product-sku\">SKU: 7MD74A#BGJ<\/div><\/a><\/div><!-- \/.product-loop-body --><div class=\"product-loop-footer product-item__footer\"><div class=\"price-add-to-cart\">\n\t<span class=\"price\"><span class=\"electro-price\"><span class=\"woocommerce-Price-amount amount\"><span class=\"woocommerce-Price-currencySymbol\">&#36;<\/span>787,000.00<\/span><\/span><\/span>\n<div class=\"add-to-cart-wrap\" data-toggle=\"tooltip\" data-title=\"A\u00f1adir al carrito\"><a href=\"?add-to-cart=9002\" data-quantity=\"1\" class=\"button product_type_simple add_to_cart_button ajax_add_to_cart\" data-product_id=\"9002\" data-product_sku=\"7MD74A#BGJ\" aria-label=\"A\u00f1ade &ldquo;Impresora Multifuncional HP Laser Jet MFP M141w&rdquo; a tu carrito\" rel=\"nofollow\">A\u00f1adir al carrito<\/a><\/div><\/div><!-- \/.price-add-to-cart --><div class=\"hover-area\"><div class=\"action-buttons\">\n<div class=\"yith-wcwl-add-to-wishlist add-to-wishlist-9002  wishlist-fragment on-first-load\" data-fragment-ref=\"9002\" data-fragment-options=\"{&quot;base_url&quot;:&quot;&quot;,&quot;in_default_wishlist&quot;:false,&quot;is_single&quot;:false,&quot;show_exists&quot;:false,&quot;product_id&quot;:9002,&quot;parent_product_id&quot;:9002,&quot;product_type&quot;:&quot;simple&quot;,&quot;show_view&quot;:false,&quot;browse_wishlist_text&quot;:&quot;Explorar la lista de deseos&quot;,&quot;already_in_wishslist_text&quot;:&quot;\\u00a1El producto ya est\\u00e1 en tu lista de deseos!&quot;,&quot;product_added_text&quot;:&quot;\\u00a1Producto a\\u00f1adido!&quot;,&quot;heading_icon&quot;:&quot;fa-heart-o&quot;,&quot;available_multi_wishlist&quot;:false,&quot;disable_wishlist&quot;:false,&quot;show_count&quot;:false,&quot;ajax_loading&quot;:false,&quot;loop_position&quot;:&quot;after_add_to_cart&quot;,&quot;item&quot;:&quot;add_to_wishlist&quot;}\">\n\t\t\t\n\t\t\t<!-- ADD TO WISHLIST -->\n\t\t\t\n<div class=\"yith-wcwl-add-button\">\n\t<a href=\"?add_to_wishlist=9002\" rel=\"nofollow\" data-product-id=\"9002\" data-product-type=\"simple\" data-original-product-id=\"9002\" class=\"add_to_wishlist single_add_to_wishlist\" data-title=\"A\u00f1adir a la lista de deseos\">\n\t\t<i class=\"yith-wcwl-icon fa fa-heart-o\"><\/i>\t\t<span>A\u00f1adir a la lista de deseos<\/span>\n\t<\/a>\n<\/div>\n\t\t\t<!-- COUNT TEXT -->\n\t\t\t\n\t\t\t<\/div><a href=\"https:\/\/hekalsoluciones.com\/hekalsoluciones?action=yith-woocompare-add-product&id=9002\" class=\"add-to-compare-link\" data-product_id=\"9002\">Compare<\/a><\/div><\/div><\/div><!-- \/.product-loop-footer --><\/div><!-- \/.product-inner --><\/div><!-- \/.product-outer --><\/li>\n<\/ul>\n<\/div>[\/vc_column][\/vc_row]<\/p>\n","protected":false},"excerpt":{"rendered":"<p>[vc_row full_width=\u00bbstretch_row_content\u00bb][vc_column][\/vc_column][\/vc_row][vc_row][vc_column][\/vc_column][\/vc_row]<\/p>\n","protected":false},"author":5,"featured_media":0,"parent":0,"menu_order":0,"comment_status":"closed","ping_status":"closed","template":"","meta":{"_monsterinsights_skip_tracking":false,"_monsterinsights_sitenote_active":false,"_monsterinsights_sitenote_note":"","_monsterinsights_sitenote_category":0},"aioseo_notices":[],"_links":{"self":[{"href":"https:\/\/hekalsoluciones.com\/hekalsoluciones\/wp-json\/wp\/v2\/pages\/10008"}],"collection":[{"href":"https:\/\/hekalsoluciones.com\/hekalsoluciones\/wp-json\/wp\/v2\/pages"}],"about":[{"href":"https:\/\/hekalsoluciones.com\/hekalsoluciones\/wp-json\/wp\/v2\/types\/page"}],"author":[{"embeddable":true,"href":"https:\/\/hekalsoluciones.com\/hekalsoluciones\/wp-json\/wp\/v2\/users\/5"}],"replies":[{"embeddable":true,"href":"https:\/\/hekalsoluciones.com\/hekalsoluciones\/wp-json\/wp\/v2\/comments?post=10008"}],"version-history":[{"count":5,"href":"https:\/\/hekalsoluciones.com\/hekalsoluciones\/wp-json\/wp\/v2\/pages\/10008\/revisions"}],"predecessor-version":[{"id":10657,"href":"https:\/\/hekalsoluciones.com\/hekalsoluciones\/wp-json\/wp\/v2\/pages\/10008\/revisions\/10657"}],"wp:attachment":[{"href":"https:\/\/hekalsoluciones.com\/hekalsoluciones\/wp-json\/wp\/v2\/media?parent=10008"}],"curies":[{"name":"wp","href":"https:\/\/api.w.org\/{rel}","templated":true}]}}