{"id":2183,"date":"2016-02-28T08:28:22","date_gmt":"2016-02-28T08:28:22","guid":{"rendered":"https:\/\/demo2.chethemes.com\/electro\/?page_id=2183"},"modified":"2020-06-16T23:27:44","modified_gmt":"2020-06-16T23:27:44","slug":"terms-and-conditions","status":"publish","type":"page","link":"https:\/\/hekalsoluciones.com\/hekalsoluciones\/terms-and-conditions\/","title":{"rendered":"Terminos y Condiciones"},"content":{"rendered":"<section class=\"section inner-bottom-xs\">\n<h2><\/h2>\n<\/section>\n<section class=\"section intellectual-property\">HEKAL SOLUCIONES SAS comunica a sus grupos de inter\u00e9s la Pol\u00edtica de Privacidad y Protecci\u00f3n de datos personales que ha sido adoptada en cumplimiento del r\u00e9gimen legal vigente contenido en las leyes estatutarias 1581 de 2012 y 1266 de 2008.<\/p>\n<p>HEKAL SOLUCIONES SAS. trata datos personales de sus grupos de inter\u00e9s en ejercicio de su objeto social. Adicionalmente, realiza la comercializaci\u00f3n y distribuci\u00f3n de sus productos con marcas propias o marcas de uso autorizado por terceros, a trav\u00e9s de canales electr\u00f3nicos, f\u00edsicos entre otros presentes y aquellos que pudieren surgir en un futuro.<\/p>\n<p>Los datos personales en custodia de HEKAL SOLUCIONES SAS., en su condici\u00f3n de Responsable y\/o Encargado seg\u00fan sea el caso, ser\u00e1n tratados dando cumplimiento a los principios y regulaciones previstas en las leyes colombianas y en las pol\u00edticas internas de privacidad y protecci\u00f3n de datos personales.<\/p>\n<p>Los datos personales en poder de HEKAL SOLUCIONES SAS. ser\u00e1n tratados de conformidad con las siguientes finalidades de car\u00e1cter general:<\/p>\n<ul>\n<li>Para el cumplimiento de las obligaciones derivadas de los contratos comerciales y dem\u00e1s negocios jur\u00eddicos que celebra HEKAL SOLUCIONES SAS. en desarrollo de su objeto social.<\/li>\n<li>Para el cumplimiento de las obligaciones y\/o compromisos derivados de las relaciones, contractuales o no, existentes con sus grupos de inter\u00e9s.<\/li>\n<li>Para el cumplimiento de las obligaciones legales que involucren datos personales de sus grupos de inter\u00e9s.<\/li>\n<li>Para la gesti\u00f3n comercial y relacionamiento con sus grupos de inter\u00e9s.<\/li>\n<li>Para comunicar a sus grupos de inter\u00e9s informaci\u00f3n sobre sus bienes, servicios, publicaciones, eventos de capacitaci\u00f3n y actividades comerciales y publicitarias asociadas a su actividad empresarial, sea que \u00e9sta se realice o no de manera directa por HEKAL SOLUCIONES SAS.<\/li>\n<li>Para desplegar hacia sus grupos de inter\u00e9s actividades de responsabilidad social empresarial.<\/li>\n<li>Para gestionar la seguridad de las personas, bienes y activos de informaci\u00f3n en custodia de la organizaci\u00f3n.<\/li>\n<\/ul>\n<p>En cada proceso empresarial, de acuerdo con los datos personales recolectados y el tratamiento a realizar, se informar\u00e1n de manera previa en el respectivo aviso de privacidad las finalidades particulares, la raz\u00f3n social de HEKAL SOLUCIONES SAS. y sus datos de contacto. Si el tratamiento se efectuare por un encargado, este estar\u00e1 bajo las directrices generales de HEKAL SOLUCIONES SAS., y deber\u00e1 dar cumplimiento a los derechos que le asisten al Titular y poner en marcha los mecanismos dispuestos para dar a conocer las Pol\u00edticas de Privacidad y Protecci\u00f3n de datos personales respectivas.<\/p>\n<p>Cualquier persona que haga parte de uno de los grupos de inter\u00e9s de HEKAL SOLUCIONES SAS en su condici\u00f3n de Titular o leg\u00edtimamente autorizado y en relaci\u00f3n con el tratamiento de sus datos personales, tiene derecho a:<\/p>\n<ul>\n<li>Ejercer el derecho de Habeas Data, el cual consiste en conocer, actualizar y rectificar su informaci\u00f3n de car\u00e1cter personal, as\u00ed como cancelar los mismos en aquellos casos en que proceda, de acuerdo con las normas vigentes. Para ejercer este derecho el Titular de los datos deber\u00eda seguir los canales dispuestos por HEKAL SOLUCIONES SAS., los cuales se encuentran detallados en la presente Pol\u00edtica.<\/li>\n<li>Solicitar evidencia de la existencia del consentimiento otorgado, salvo cuando exista una autorizaci\u00f3n legal para el tratamiento o el mismo se realice en el marco de una relaci\u00f3n contractual.<\/li>\n<li>Ejercer las acciones que la Ley reconoce en materia de protecci\u00f3n de datos personales y Habeas Data.<\/li>\n<\/ul>\n<p>El ejercicio del derecho de Habeas Data, as\u00ed como el acceso por el Titular o quien demuestre un leg\u00edtimo inter\u00e9s a sus datos personales, deber\u00e1 realizarse a trav\u00e9s de los canales dispuestos por HEKAL SOLUCIONES SAS., enviando para ello una comunicaci\u00f3n escrita al correo tiendadigital@hekalsoluciones.com<\/p>\n<p>Quien ejerce el derecho de Habeas Data deber\u00e1 suministrar la descripci\u00f3n detallada de la solicitud relacionada con sus datos personales, sus datos de contacto para efectos de tramitar, atender y responder su solicitud, y desplegar las cargas necesarias para el ejercicio de sus derechos.<\/p>\n<p>Los datos de contacto solicitados son los siguientes: nombre, apellido, tipo y n\u00famero de documento de identidad, direcci\u00f3n f\u00edsica, ciudad, n\u00famero de tel\u00e9fono y correo electr\u00f3nico.<\/p>\n<p>Recibida la solicitud para el ejercicio del derecho de Habeas Data, HEKAL SOLUCIONES SAS dar\u00e1 respuesta al Titular o al tercero legitimado en los t\u00e9rminos previstos en la Ley.<\/p>\n<p>Esta Pol\u00edtica ha sido aprobada por HEKAL SOLUCIONES SAS, como una modificaci\u00f3n a la Pol\u00edtica inicialmente publicada en este medio, y entrar\u00e1 en vigencia a partir del 30 de abril del a\u00f1o 2018.<\/p>\n<\/section>\n","protected":false},"excerpt":{"rendered":"<p>HEKAL SOLUCIONES SAS comunica a sus grupos de inter\u00e9s la Pol\u00edtica de Privacidad y Protecci\u00f3n de datos personales que ha sido adoptada en cumplimiento del r\u00e9gimen legal vigente contenido en<\/p>\n","protected":false},"author":3,"featured_media":0,"parent":0,"menu_order":0,"comment_status":"closed","ping_status":"closed","template":"","meta":{"_monsterinsights_skip_tracking":false,"_monsterinsights_sitenote_active":false,"_monsterinsights_sitenote_note":"","_monsterinsights_sitenote_category":0},"aioseo_notices":[],"_links":{"self":[{"href":"https:\/\/hekalsoluciones.com\/hekalsoluciones\/wp-json\/wp\/v2\/pages\/2183"}],"collection":[{"href":"https:\/\/hekalsoluciones.com\/hekalsoluciones\/wp-json\/wp\/v2\/pages"}],"about":[{"href":"https:\/\/hekalsoluciones.com\/hekalsoluciones\/wp-json\/wp\/v2\/types\/page"}],"author":[{"embeddable":true,"href":"https:\/\/hekalsoluciones.com\/hekalsoluciones\/wp-json\/wp\/v2\/users\/3"}],"replies":[{"embeddable":true,"href":"https:\/\/hekalsoluciones.com\/hekalsoluciones\/wp-json\/wp\/v2\/comments?post=2183"}],"version-history":[{"count":0,"href":"https:\/\/hekalsoluciones.com\/hekalsoluciones\/wp-json\/wp\/v2\/pages\/2183\/revisions"}],"wp:attachment":[{"href":"https:\/\/hekalsoluciones.com\/hekalsoluciones\/wp-json\/wp\/v2\/media?parent=2183"}],"curies":[{"name":"wp","href":"https:\/\/api.w.org\/{rel}","templated":true}]}}