{"id":10503,"date":"2024-08-29T18:38:10","date_gmt":"2024-08-29T18:38:10","guid":{"rendered":"https:\/\/hekalsoluciones.com\/hekalsoluciones\/?post_type=product&#038;p=10503"},"modified":"2026-04-28T17:24:35","modified_gmt":"2026-04-28T17:24:35","slug":"monitor-profesional-dell-27-p2722h-copia","status":"publish","type":"product","link":"https:\/\/hekalsoluciones.com\/hekalsoluciones\/producto\/monitor-profesional-dell-27-p2722h-copia\/","title":{"rendered":"Monitor Pro P2725H 27"},"content":{"rendered":"<p>Monitor Pro P2725H 27<\/p>\n","protected":false},"excerpt":{"rendered":"<p>Monitor Profesional Dell 27&#8243;<\/p>\n<ul>\n<li>VGA, HDMI, DisplayPort \/ Altura Ajustable &#8211; Rotaci\u00f3n<\/li>\n<li>Resoluci\u00f3n 1920 x 1080 at 60 Hz<\/li>\n<li>2 x puertos USB 3.0 (2 en el lateral) 1 puerto USB 3.0 &#8211; upstream 2 x puertos USB 2.0 (2 en la parte inferior)<\/li>\n<li>3 a\u00f1os de garant\u00eda del Panel Premium 3 a\u00f1os de servicio de intercambio anticipado y garant\u00eda limitada de hardware.<b><img loading=\"lazy\" class=\"aligncenter wp-image-10280\" src=\"https:\/\/hekalsoluciones.com\/hekalsoluciones\/wp-content\/uploads\/2024\/06\/ENVIO-GRATIS.png\" alt=\"\" width=\"535\" height=\"209\" srcset=\"https:\/\/hekalsoluciones.com\/hekalsoluciones\/wp-content\/uploads\/2024\/06\/ENVIO-GRATIS.png 1280w, https:\/\/hekalsoluciones.com\/hekalsoluciones\/wp-content\/uploads\/2024\/06\/ENVIO-GRATIS-300x117.png 300w, https:\/\/hekalsoluciones.com\/hekalsoluciones\/wp-content\/uploads\/2024\/06\/ENVIO-GRATIS-1024x400.png 1024w, https:\/\/hekalsoluciones.com\/hekalsoluciones\/wp-content\/uploads\/2024\/06\/ENVIO-GRATIS-768x300.png 768w\" sizes=\"(max-width: 535px) 100vw, 535px\" \/><\/b><\/li>\n<\/ul>\n","protected":false},"featured_media":10508,"comment_status":"open","ping_status":"closed","template":"","meta":{"_monsterinsights_skip_tracking":false,"_monsterinsights_sitenote_active":false,"_monsterinsights_sitenote_note":"","_monsterinsights_sitenote_category":0},"aioseo_notices":[],"_links":{"self":[{"href":"https:\/\/hekalsoluciones.com\/hekalsoluciones\/wp-json\/wp\/v2\/product\/10503"}],"collection":[{"href":"https:\/\/hekalsoluciones.com\/hekalsoluciones\/wp-json\/wp\/v2\/product"}],"about":[{"href":"https:\/\/hekalsoluciones.com\/hekalsoluciones\/wp-json\/wp\/v2\/types\/product"}],"replies":[{"embeddable":true,"href":"https:\/\/hekalsoluciones.com\/hekalsoluciones\/wp-json\/wp\/v2\/comments?post=10503"}],"wp:featuredmedia":[{"embeddable":true,"href":"https:\/\/hekalsoluciones.com\/hekalsoluciones\/wp-json\/wp\/v2\/media\/10508"}],"wp:attachment":[{"href":"https:\/\/hekalsoluciones.com\/hekalsoluciones\/wp-json\/wp\/v2\/media?parent=10503"}],"curies":[{"name":"wp","href":"https:\/\/api.w.org\/{rel}","templated":true}]}}