{"id":10603,"date":"2024-10-03T17:44:21","date_gmt":"2024-10-03T17:44:21","guid":{"rendered":"https:\/\/hekalsoluciones.com\/hekalsoluciones\/?post_type=product&#038;p=10603"},"modified":"2024-10-03T17:45:31","modified_gmt":"2024-10-03T17:45:31","slug":"combo-mouse-y-teclado-inalambricos-dell-pro-km5221w-esp","status":"publish","type":"product","link":"https:\/\/hekalsoluciones.com\/hekalsoluciones\/producto\/combo-mouse-y-teclado-inalambricos-dell-pro-km5221w-esp\/","title":{"rendered":"Combo Mouse y Teclado Inal\u00e1mbricos Dell Pro &#8211; KM5221W &#8211; ESP"},"content":{"rendered":"<div class=\"pd-feature-wrap ImageTop\">\n<div class=\"pd-feature-item\">\n<div class=\"pd-media-container\">\n<div class=\"pd-item-image-wrap\"><img class=\"u-max-full-width\" src=\"https:\/\/i.dell.com\/is\/image\/DellContent\/\/content\/dam\/global-site-design\/product_images\/peripherals\/input_devices\/dell\/keyboards\/km5221w\/pdp\/dell-keyboard-mouse-km5221w-pdp-mod-1.jpg?fmt=jpg&amp;wid=390&amp;hei=321\" alt=\"Productividad al alcance de la mano\" \/><\/div>\n<\/div>\n<div class=\"pd-content-wrap\">\n<h2 class=\"pd-bottom-title\">Productividad al alcance de la mano<\/h2>\n<div class=\"pd-item-desc\">\n<p>Mejore su productividad durante todo el d\u00eda con este conjunto de teclado y rat\u00f3n inal\u00e1mbricos RF a 2,4\u00a0GHz. Con 12\u00a0teclas programables y un clic en la rueda de desplazamiento programable, puede acceder r\u00e1pidamente a las aplicaciones, las carpetas y las funciones que se utilizan con mayor frecuencia. El teclado inal\u00e1mbrico de tama\u00f1o completo incluye una almohadilla num\u00e9rica dedicada, teclas de funci\u00f3n y predefinidos programados que pueden mejorar su eficiencia.<\/p>\n<p><a href=\"https:\/\/www.delltechnologies.com\/resources\/en-us\/asset\/data-sheets\/products\/electronics-accessories\/dell-pro-wireless-keyboard-and-mouse-km5221w-data-sheet.pdf\" target=\"_blank\" rel=\"noopener\">Teclado y rat\u00f3n inal\u00e1mbricos Dell Pro: hoja de datos de KM5221W<\/a>\u00a0(en ingl\u00e9s)<\/p>\n<\/div>\n<\/div>\n<\/div>\n<\/div>\n<div class=\"pd-feature-wrap TextLeftImageRight\">\n<div class=\"pd-feature-item\">\n<div class=\"pd-media-container\">\n<div class=\"pd-item-image-wrap\"><img class=\"u-max-full-width\" src=\"https:\/\/i.dell.com\/is\/image\/DellContent\/\/content\/dam\/global-site-design\/product_images\/peripherals\/input_devices\/dell\/keyboards\/km5221w\/pdp\/dell-keyboard-mouse-km5221w-pdp-mod-2.jpg?fmt=jpg&amp;wid=390&amp;hei=321\" alt=\"Gesti\u00f3n sencilla\" \/><\/div>\n<\/div>\n<div class=\"pd-content-wrap\">\n<h2 class=\"pd-bottom-title\">Gesti\u00f3n sencilla<\/h2>\n<div class=\"pd-item-desc\">\n<p>Navegue f\u00e1cilmente por monitores de resoluciones distintas en casa o en la oficina. El software Dell Peripheral Manager (DPM) le permite gestionar los dispositivos de entrada y ajustarlos a sus ppp predefinidos predeterminados a 1000, 1600, 2400 o 4000.<\/p>\n<p>Con DPM, puede personalizar teclas y botones de acceso directo, emparejar dispositivos, ajustar los ppp, comprobar el estado de la bater\u00eda y la conectividad y actualizar al firmware m\u00e1s reciente.<\/p>\n<p><a href=\"https:\/\/www.dell.com\/support\/kbdoc\/en-us\/000128900\/dell-peripheral-manager-usage-and-troubleshooting\" target=\"_blank\" rel=\"noopener\">Obtenga m\u00e1s informaci\u00f3n sobre Dell Peripheral Manager<\/a>\u00a0(en ingl\u00e9s)<\/p>\n<\/div>\n<\/div>\n<\/div>\n<\/div>\n<div class=\"pd-feature-wrap ImageTop\">\n<div class=\"pd-feature-item\">\n<div class=\"pd-media-container\">\n<div class=\"pd-item-image-wrap\"><img class=\"u-max-full-width\" src=\"https:\/\/i.dell.com\/is\/image\/DellContent\/\/content\/dam\/global-site-design\/product_images\/peripherals\/input_devices\/dell\/keyboards\/km5221w\/pdp\/dell-keyboard-mouse-km5221w-pdp-mod-3.jpg?fmt=jpg&amp;wid=390&amp;hei=321\" alt=\"Trabaje con comodidad\" \/><\/div>\n<\/div>\n<div class=\"pd-content-wrap\">\n<h2 class=\"pd-bottom-title\">Trabaje con comodidad<\/h2>\n<div class=\"pd-item-desc\">\n<p>Trabaje con uno de los teclados inal\u00e1mbricos m\u00e1s silenciosos, ya sea en una conferencia telef\u00f3nica o cerca de otras personas.<\/p>\n<p>Gracias a su dise\u00f1o sim\u00e9trico, el rat\u00f3n inal\u00e1mbrico es ideal tanto para usuarios zurdos como diestros. Las patas de inclinaci\u00f3n ofrecen dos \u00e1ngulos ajustables para el teclado, lo que le proporciona la flexibilidad de elegir la posici\u00f3n de escritura preferida.<\/p>\n<\/div>\n<\/div>\n<\/div>\n<\/div>\n<div class=\"pd-feature-wrap TextLeftImageRight\">\n<div class=\"pd-feature-item\">\n<div class=\"pd-media-container\">\n<div class=\"pd-item-image-wrap\"><img class=\"u-max-full-width\" src=\"https:\/\/i.dell.com\/is\/image\/DellContent\/\/content\/dam\/global-site-design\/product_images\/peripherals\/input_devices\/dell\/keyboards\/km5221w\/pdp\/dell-keyboard-mouse-km5221w-pdp-mod-4.jpg?fmt=jpg&amp;wid=390&amp;hei=321\" alt=\"Duradero y seguro\" \/><\/div>\n<\/div>\n<div class=\"pd-content-wrap\">\n<h2 class=\"pd-bottom-title\">Duradero y seguro<\/h2>\n<div class=\"pd-item-desc\">\n<p>El teclado y el rat\u00f3n inal\u00e1mbricos Dell Pro se han dise\u00f1ado para durar con una de las bater\u00edas l\u00edderes del sector, que dura hasta 36 meses<a class=\"technote microcontent\" rel=\"technotes:dell-1359-keyboards1\"><sup><small>i<\/small><\/sup><\/a>. Disfrute de la tranquilidad de saber que este conjunto de teclado y rat\u00f3n se ha sometido a pruebas rigurosas para garantizar una conexi\u00f3n perfecta con su PC Dell.<\/p>\n<p>El teclado ofrece cifrado AES de 128\u00a0bits (Advanced Encryption Standard) que protege la transmisi\u00f3n de datos entre PC y dispositivos, lo que le proporciona una conexi\u00f3n segura mientras escribe.<\/p>\n<p>Minimice el riesgo de tiempo de inactividad con 3 a\u00f1os de servicio de recambio avanzado. Si necesita una sustituci\u00f3n, se le enviar\u00e1 al siguiente d\u00eda laborable durante los 3 a\u00f1os de vigencia de la garant\u00eda limitada de hardware.<\/p>\n<\/div>\n<\/div>\n<\/div>\n<\/div>\n<div class=\"pd-feature-wrap ImageTop\">\n<div class=\"pd-feature-item\">\n<div class=\"pd-content-wrap\">\n<h2 class=\"pd-bottom-title\">Compatibilidad<\/h2>\n<div class=\"pd-item-desc\"><strong>2,4\u00a0GHz<\/strong><br \/>\nSistemas operativos Windows 7, Windows 8.1 y 10; Mac Linux (Red Hat Enterprise 8.0\/Ubuntu 18.4); Chrome y Android<strong>Dell Peripheral Manager<\/strong><br \/>\nWindows 10 o posterior<\/div>\n<\/div>\n<\/div>\n<\/div>\n<div class=\"pd-feature-wrap ImageTop\">\n<div class=\"pd-feature-item\">\n<div class=\"pd-media-container\">\n<div class=\"pd-item-image-wrap\"><img class=\"u-max-full-width\" src=\"https:\/\/i.dell.com\/is\/image\/DellContent\/\/content\/dam\/global-site-design\/product_images\/peripherals\/input_devices\/dell\/keyboards\/km5221w\/pdp\/dell-keyboard-mouse-km5221w-pdp-mod-5.jpg?fmt=jpg&amp;wid=965&amp;hei=354\" alt=\"Caracter\u00edsticas del producto\" \/><\/div>\n<\/div>\n<div class=\"pd-content-wrap\">\n<h2 class=\"pd-bottom-title\">Caracter\u00edsticas del producto<\/h2>\n<div class=\"pd-item-desc\">1. Teclas de funci\u00f3n programables | 2. Teclas dedicadas | 3. Bot\u00f3n de encendido\/apagado | 4. Bloqueo de may\u00fasculas | 5. Bloqueo num\u00e9rico | 6. Indicador de la carga restante de la bater\u00eda | 7. Rueda de desplazamiento (bot\u00f3n central de clic programable) | 8. Indicador de bater\u00eda<\/div>\n<\/div>\n<\/div>\n<\/div>\n<div class=\"pd-feature-wrap ImageTop\">\n<div class=\"pd-feature-item\">\n<div class=\"pd-content-wrap\">\n<h2 class=\"pd-bottom-title\">Garant\u00eda<\/h2>\n<div class=\"pd-item-desc\">3 a\u00f1os de servicio de recambio avanzado (env\u00edo al siguiente d\u00eda laborable)<\/div>\n<\/div>\n<\/div>\n<\/div>\n","protected":false},"excerpt":{"rendered":"<table class=\"table mb-0 p-info-specification-table\">\n<tbody>\n<tr class=\"border-bottom\">\n<th class=\"bg-light font-weight-normal text-dark\" width=\"40%\">Marca<\/th>\n<td width=\"60%\">Dell<\/td>\n<\/tr>\n<tr class=\"border-bottom\">\n<th class=\"bg-light font-weight-normal text-dark\" width=\"40%\">Serie<\/th>\n<td width=\"60%\">KM5221W<\/td>\n<\/tr>\n<tr class=\"border-bottom\">\n<th class=\"bg-light font-weight-normal text-dark\" width=\"40%\">Modelo<\/th>\n<td width=\"60%\">KM5221WBKR-ES<\/td>\n<\/tr>\n<\/tbody>\n<thead>\n<tr>\n<th colspan=\"2\">\n<h5 class=\"mb-0 pt-4 h6\">Teclado<\/h5>\n<\/th>\n<\/tr>\n<\/thead>\n<tbody>\n<tr class=\"border-bottom\">\n<th class=\"bg-light font-weight-normal text-dark\" width=\"40%\">Dise\u00f1o<\/th>\n<td width=\"60%\">Est\u00e1ndar<\/td>\n<\/tr>\n<tr class=\"border-bottom\">\n<th class=\"bg-light font-weight-normal text-dark\" width=\"40%\">Color<\/th>\n<td width=\"60%\">Negro<\/td>\n<\/tr>\n<tr class=\"border-bottom\">\n<th class=\"bg-light font-weight-normal text-dark\" width=\"40%\">Lenguaje<\/th>\n<td width=\"60%\">Ingles<\/td>\n<\/tr>\n<tr class=\"border-bottom\">\n<th class=\"bg-light font-weight-normal text-dark\" width=\"40%\">Teclas<\/th>\n<td width=\"60%\">Membrana<\/td>\n<\/tr>\n<tr class=\"border-bottom\">\n<th class=\"bg-light font-weight-normal text-dark\" width=\"40%\">Conexi\u00f3n<\/th>\n<td width=\"60%\">Inal\u00e1mbrico<\/td>\n<\/tr>\n<tr class=\"border-bottom\">\n<th class=\"bg-light font-weight-normal text-dark\" width=\"40%\">Interfaz<\/th>\n<td width=\"60%\">USB<\/td>\n<\/tr>\n<tr class=\"border-bottom\">\n<th class=\"bg-light font-weight-normal text-dark\" width=\"40%\">Iluminaci\u00f3n<\/th>\n<td width=\"60%\">Sin Luces<\/td>\n<\/tr>\n<tr class=\"border-bottom\">\n<th class=\"bg-light font-weight-normal text-dark\" width=\"40%\">Reposamu\u00f1ecas<\/th>\n<td width=\"60%\">No Incluido<\/td>\n<\/tr>\n<tr class=\"border-bottom\">\n<th class=\"bg-light font-weight-normal text-dark\" width=\"40%\">Detalles<\/th>\n<td width=\"60%\">\u2022Funci\u00f3n de teclas de acceso r\u00e1pido: silenciar, reproducir o pausar, retroceder, avanzar, volumen -, volumen +.<\/td>\n<\/tr>\n<tr class=\"border-bottom\">\n<th class=\"bg-light font-weight-normal text-dark\" width=\"40%\">Dimensiones<\/th>\n<td width=\"60%\">44,2 x 12,75 x 2,54cm<\/td>\n<\/tr>\n<tr class=\"border-bottom\">\n<th class=\"bg-light font-weight-normal text-dark\" width=\"40%\">Peso<\/th>\n<td width=\"60%\">426g<\/td>\n<\/tr>\n<tr class=\"border-bottom\">\n<th class=\"bg-light font-weight-normal text-dark\" width=\"40%\">Bater\u00edas<\/th>\n<td width=\"60%\">3 x Bater\u00edas AA (Incluidas)<\/td>\n<\/tr>\n<\/tbody>\n<thead>\n<tr>\n<th colspan=\"2\">\n<h5 class=\"mb-0 pt-4 h6\">Mouse<\/h5>\n<\/th>\n<\/tr>\n<\/thead>\n<tbody>\n<tr class=\"border-bottom\">\n<th class=\"bg-light font-weight-normal text-dark\" width=\"40%\">Marca<\/th>\n<td width=\"60%\">Dell<\/td>\n<\/tr>\n<tr class=\"border-bottom\">\n<th class=\"bg-light font-weight-normal text-dark\" width=\"40%\">Tipo<\/th>\n<td width=\"60%\">Inal\u00e1mbrico<\/td>\n<\/tr>\n<tr class=\"border-bottom\">\n<th class=\"bg-light font-weight-normal text-dark\" width=\"40%\">Interfaz<\/th>\n<td width=\"60%\">USB<\/td>\n<\/tr>\n<tr class=\"border-bottom\">\n<th class=\"bg-light font-weight-normal text-dark\" width=\"40%\">Detecci\u00f3n<\/th>\n<td width=\"60%\">\u00d3ptico<\/td>\n<\/tr>\n<tr class=\"border-bottom\">\n<th class=\"bg-light font-weight-normal text-dark\" width=\"40%\">Dpi M\u00e1ximo<\/th>\n<td width=\"60%\">1000<\/td>\n<\/tr>\n<tr class=\"border-bottom\">\n<th class=\"bg-light font-weight-normal text-dark\" width=\"40%\">Botones<\/th>\n<td width=\"60%\">3<\/td>\n<\/tr>\n<tr class=\"border-bottom\">\n<th class=\"bg-light font-weight-normal text-dark\" width=\"40%\">Orientaci\u00f3n<\/th>\n<td width=\"60%\">Ambidiestro<\/td>\n<\/tr>\n<tr class=\"border-bottom\">\n<th class=\"bg-light font-weight-normal text-dark\" width=\"40%\">Color<\/th>\n<td width=\"60%\">Negro<\/td>\n<\/tr>\n<tr class=\"border-bottom\">\n<th class=\"bg-light font-weight-normal text-dark\" width=\"40%\">Longitud del Cable<\/th>\n<td width=\"60%\">1.3m<\/td>\n<\/tr>\n<tr class=\"border-bottom\">\n<th class=\"bg-light font-weight-normal text-dark\" width=\"40%\">Peso<\/th>\n<td width=\"60%\">65g<\/td>\n<\/tr>\n<\/tbody>\n<\/table>\n<p><b><img loading=\"lazy\" class=\"aligncenter wp-image-10280\" src=\"https:\/\/hekalsoluciones.com\/hekalsoluciones\/wp-content\/uploads\/2024\/06\/ENVIO-GRATIS.png\" alt=\"\" width=\"535\" height=\"209\" srcset=\"https:\/\/hekalsoluciones.com\/hekalsoluciones\/wp-content\/uploads\/2024\/06\/ENVIO-GRATIS.png 1280w, https:\/\/hekalsoluciones.com\/hekalsoluciones\/wp-content\/uploads\/2024\/06\/ENVIO-GRATIS-300x117.png 300w, https:\/\/hekalsoluciones.com\/hekalsoluciones\/wp-content\/uploads\/2024\/06\/ENVIO-GRATIS-1024x400.png 1024w, https:\/\/hekalsoluciones.com\/hekalsoluciones\/wp-content\/uploads\/2024\/06\/ENVIO-GRATIS-768x300.png 768w\" sizes=\"(max-width: 535px) 100vw, 535px\" \/><\/b><\/p>\n","protected":false},"featured_media":9131,"comment_status":"open","ping_status":"closed","template":"","meta":{"_monsterinsights_skip_tracking":false,"_monsterinsights_sitenote_active":false,"_monsterinsights_sitenote_note":"","_monsterinsights_sitenote_category":0},"aioseo_notices":[],"_links":{"self":[{"href":"https:\/\/hekalsoluciones.com\/hekalsoluciones\/wp-json\/wp\/v2\/product\/10603"}],"collection":[{"href":"https:\/\/hekalsoluciones.com\/hekalsoluciones\/wp-json\/wp\/v2\/product"}],"about":[{"href":"https:\/\/hekalsoluciones.com\/hekalsoluciones\/wp-json\/wp\/v2\/types\/product"}],"replies":[{"embeddable":true,"href":"https:\/\/hekalsoluciones.com\/hekalsoluciones\/wp-json\/wp\/v2\/comments?post=10603"}],"wp:featuredmedia":[{"embeddable":true,"href":"https:\/\/hekalsoluciones.com\/hekalsoluciones\/wp-json\/wp\/v2\/media\/9131"}],"wp:attachment":[{"href":"https:\/\/hekalsoluciones.com\/hekalsoluciones\/wp-json\/wp\/v2\/media?parent=10603"}],"curies":[{"name":"wp","href":"https:\/\/api.w.org\/{rel}","templated":true}]}}