{"id":10640,"date":"2024-11-21T14:18:42","date_gmt":"2024-11-21T14:18:42","guid":{"rendered":"https:\/\/hekalsoluciones.com\/hekalsoluciones\/?post_type=product&#038;p=10640"},"modified":"2026-04-28T17:58:27","modified_gmt":"2026-04-28T17:58:27","slug":"multifuncional-hp-432fdn","status":"publish","type":"product","link":"https:\/\/hekalsoluciones.com\/hekalsoluciones\/producto\/multifuncional-hp-432fdn\/","title":{"rendered":"Impresora multifunci\u00f3n HP Laser 432fdn"},"content":{"rendered":"<p>Ayude a mantener la productividad de su negocio sin incrementar el presupuesto. Esta impresora multifunci\u00f3n l\u00e1ser HP es f\u00e1cil de usar, ofrece una calidad confiable y ayuda a mantener los costos bajos. Impresora apta para seguridad din\u00e1mica. Destinada solo al uso con cartuchos que usen un chip original HP. Multifuncional laser monocrom\u00e1tica, Velocidad de impresi\u00f3n: 40 ppm, Resoluci\u00f3n de impresi\u00f3n: 1200ppp, Ciclo de trabajo mensual: 100.000 p\u00e1ginas, Volumen mensual recomendado: 1500 a 3.500 p\u00e1ginas, Velocidad del procesador: 600 MHz, Memoria: 256MB, Bandeja de entrada de 250 hojas, Bandeja de salida de 150 hojas, Alimentador autom\u00e1tico de documentos: 50 Hojas, Impresi\u00f3n a doble cara: autom\u00e1tico, Esc\u00e1ner plano ADF, Tama\u00f1o de escaneo: 216 x 297 mm, escala de grises: 256, Copias: Hasta 99 copias, reducci\u00f3n\/ampliaci\u00f3n de copias: 25 a 400%, Conectividad: USB, Ethernet Gigabit<\/p>\n<div class=\"shopcommerce-product-attributes\">\n<h4>Especificaciones<\/h4>\n<ul class=\"product-specs\">\n<li><strong>ACCESORIOS INCLUIDOS:<\/strong> <em>N\/A<\/em><\/li>\n<li><strong>UNIDADES DE DIMENSI\u00d3N:<\/strong> CM<\/li>\n<li><strong>UNIDAD DE VELOCIDAD DEL PROCESADOR:<\/strong> MHz<\/li>\n<li><strong>TECNOLOG\u00cdA DE IMPRESI\u00d3N:<\/strong> <em>N\/A<\/em><\/li>\n<li><strong>UNIDAD DE PESO:<\/strong> KG<\/li>\n<li><strong>NOMBRE O DESCRIPCION:<\/strong> Impresora multifunci\u00f3n HP Laser 432fdn<\/li>\n<li><strong>LARGO DEL PAQUETE DE ENV\u00cdO:<\/strong> <em>N\/A<\/em><\/li>\n<li><strong>NOMBRE:<\/strong> Impresora multifunci\u00f3n HP Laser 432fdn<\/li>\n<li><strong>CARACTERISTICAS:<\/strong> Ayude a mantener la productividad de su negocio sin incrementar el presupuesto. Esta impresora multifunci\u00f3n l\u00e1ser HP es f\u00e1cil de usar, ofrece una calidad confiable y ayuda a mantener los costos bajos. Impresora apta para seguridad din\u00e1mica. Destinada solo al uso con cartuchos que usen un chip original HP. Multifuncional laser monocrom\u00e1tica, Velocidad de impresi\u00f3n: 40 ppm, Resoluci\u00f3n de impresi\u00f3n: 1200ppp, Ciclo de trabajo mensual: 100.000 p\u00e1ginas, Volumen mensual recomendado: 1500 a 3.500 p\u00e1ginas, Velocidad del procesador: 600 MHz, Memoria: 256MB, Bandeja de entrada de 250 hojas, Bandeja de salida de 150 hojas, Alimentador autom\u00e1tico de documentos: 50 Hojas, Impresi\u00f3n a doble cara: autom\u00e1tico, Esc\u00e1ner plano ADF, Tama\u00f1o de escaneo: 216 x 297 mm, escala de grises: 256, Copias: Hasta 99 copias, reducci\u00f3n\/ampliaci\u00f3n de copias: 25 a 400%, Conectividad: USB, Ethernet Gigabit<\/li>\n<\/ul>\n<\/div>\n","protected":false},"excerpt":{"rendered":"<p><b>Impresora Multifunci\u00f3n HP Laser 432fdn Hasta 42 ppm Negro, Ciclo de trabajo A4: Hasta 100.000 p\u00e1ginas Volumen mes recomendado 1,500 a 3,500 Conectividad Puerto USB 2.0, USB integrado; RED 10\/100\/1000 , Memoria256MB; M\u00e1ximo 512 MB, procesador 600 MHz , Bandeja 1: hasta 50 hojas; Bandeja 2: hasta 250 hojas, d\u00faplex, Opcionales Bandeja de 550 hojas 7YG00A, memoria de 512 5PJ81A. Toner de inicio 3.000 p\u00e1g. Toner de Cambio W1330A5.000 pag, W1330X 15.000 p\u00e1g, Tambor W1332A30 000 p\u00e1g.<\/b><\/p>\n<ul>\n<li><b><img loading=\"lazy\" class=\"aligncenter wp-image-10280\" src=\"https:\/\/hekalsoluciones.com\/hekalsoluciones\/wp-content\/uploads\/2024\/06\/ENVIO-GRATIS.png\" alt=\"\" width=\"535\" height=\"209\" srcset=\"https:\/\/hekalsoluciones.com\/hekalsoluciones\/wp-content\/uploads\/2024\/06\/ENVIO-GRATIS.png 1280w, https:\/\/hekalsoluciones.com\/hekalsoluciones\/wp-content\/uploads\/2024\/06\/ENVIO-GRATIS-300x117.png 300w, https:\/\/hekalsoluciones.com\/hekalsoluciones\/wp-content\/uploads\/2024\/06\/ENVIO-GRATIS-1024x400.png 1024w, https:\/\/hekalsoluciones.com\/hekalsoluciones\/wp-content\/uploads\/2024\/06\/ENVIO-GRATIS-768x300.png 768w\" sizes=\"(max-width: 535px) 100vw, 535px\" \/><\/b><\/li>\n<\/ul>\n","protected":false},"featured_media":10641,"comment_status":"open","ping_status":"closed","template":"","meta":{"_monsterinsights_skip_tracking":false,"_monsterinsights_sitenote_active":false,"_monsterinsights_sitenote_note":"","_monsterinsights_sitenote_category":0},"aioseo_notices":[],"_links":{"self":[{"href":"https:\/\/hekalsoluciones.com\/hekalsoluciones\/wp-json\/wp\/v2\/product\/10640"}],"collection":[{"href":"https:\/\/hekalsoluciones.com\/hekalsoluciones\/wp-json\/wp\/v2\/product"}],"about":[{"href":"https:\/\/hekalsoluciones.com\/hekalsoluciones\/wp-json\/wp\/v2\/types\/product"}],"replies":[{"embeddable":true,"href":"https:\/\/hekalsoluciones.com\/hekalsoluciones\/wp-json\/wp\/v2\/comments?post=10640"}],"wp:featuredmedia":[{"embeddable":true,"href":"https:\/\/hekalsoluciones.com\/hekalsoluciones\/wp-json\/wp\/v2\/media\/10641"}],"wp:attachment":[{"href":"https:\/\/hekalsoluciones.com\/hekalsoluciones\/wp-json\/wp\/v2\/media?parent=10640"}],"curies":[{"name":"wp","href":"https:\/\/api.w.org\/{rel}","templated":true}]}}