{"id":10668,"date":"2025-02-18T21:58:58","date_gmt":"2025-02-18T21:58:58","guid":{"rendered":"https:\/\/hekalsoluciones.com\/hekalsoluciones\/?post_type=product&#038;p=10668"},"modified":"2026-02-23T22:55:22","modified_gmt":"2026-02-23T22:55:22","slug":"disco-ssd-m-2-nvme-256gb-2230-sk-hynix","status":"publish","type":"product","link":"https:\/\/hekalsoluciones.com\/hekalsoluciones\/producto\/disco-ssd-m-2-nvme-256gb-2230-sk-hynix\/","title":{"rendered":"Disco Ssd M.2 Nvme 256gb 2230 Sk Hynix"},"content":{"rendered":"<p>Interfaz de alta velocidad: Aprovecha al m\u00e1ximo la tecnolog\u00eda PCIe 4.0 para transferencias r\u00e1pidas de datos.<\/p>\n<p>Eficiencia de lectura en b\u00fafer: Velocidad de lectura en b\u00fafer de 1994 MB\/s para un rendimiento fluido.<\/p>\n<p>Funciona con una amplia gama de computadoras y laptops.<\/p>\n<p>Interfaz: NVMe<\/p>\n","protected":false},"excerpt":{"rendered":"<p>Capacidad de almacenamiento digital 256 GB<br \/>\nInterfaz de disco duro NVMe<br \/>\nTecnolog\u00eda de conectividad NVME<br \/>\nCaracter\u00edsticas especiales Port\u00e1til<br \/>\nDescripci\u00f3n del disco duro Disco SSD<br \/>\nDispositivos compatibles Consola de juegos, Port\u00e1til, Escritorio, Tablet<br \/>\nTipo de instalaci\u00f3n Disco duro interno<\/p>\n","protected":false},"featured_media":10669,"comment_status":"closed","ping_status":"closed","template":"","meta":{"_monsterinsights_skip_tracking":false,"_monsterinsights_sitenote_active":false,"_monsterinsights_sitenote_note":"","_monsterinsights_sitenote_category":0},"aioseo_notices":[],"_links":{"self":[{"href":"https:\/\/hekalsoluciones.com\/hekalsoluciones\/wp-json\/wp\/v2\/product\/10668"}],"collection":[{"href":"https:\/\/hekalsoluciones.com\/hekalsoluciones\/wp-json\/wp\/v2\/product"}],"about":[{"href":"https:\/\/hekalsoluciones.com\/hekalsoluciones\/wp-json\/wp\/v2\/types\/product"}],"replies":[{"embeddable":true,"href":"https:\/\/hekalsoluciones.com\/hekalsoluciones\/wp-json\/wp\/v2\/comments?post=10668"}],"wp:featuredmedia":[{"embeddable":true,"href":"https:\/\/hekalsoluciones.com\/hekalsoluciones\/wp-json\/wp\/v2\/media\/10669"}],"wp:attachment":[{"href":"https:\/\/hekalsoluciones.com\/hekalsoluciones\/wp-json\/wp\/v2\/media?parent=10668"}],"curies":[{"name":"wp","href":"https:\/\/api.w.org\/{rel}","templated":true}]}}