{"id":10670,"date":"2025-02-19T13:16:08","date_gmt":"2025-02-19T13:16:08","guid":{"rendered":"https:\/\/hekalsoluciones.com\/hekalsoluciones\/?post_type=product&#038;p=10670"},"modified":"2025-12-09T17:23:28","modified_gmt":"2025-12-09T17:23:28","slug":"portatil-dell-latitude-5420-intel-core-i7-11va-remanufacturado-aaa","status":"publish","type":"product","link":"https:\/\/hekalsoluciones.com\/hekalsoluciones\/producto\/portatil-dell-latitude-5420-intel-core-i7-11va-remanufacturado-aaa\/","title":{"rendered":"Portatil Dell Latitude 5420  Intel\u00ae Core\u2122 i7-11va Remanufacturado"},"content":{"rendered":"<div>PORTATIL\u00a0 CORPORATIVO REMANUFACTURADO\u00a0 (AAA)<\/div>\n<div><\/div>\n<div>Portatil\u00a0 linea corporrativa excelente estado (AAA)\u00a0 \u00a0como nuevo , revisado garantizado\u00a0 calificaci\u00f3n (AAA)<\/div>\n<div>\n<p>Equipo remanufacturado modelo empresarial de gama profesional\u00a0 excelente estado\u00a0 linea\u00a0 corporativa, ideal para empresas, estudiantes y emprendedores. Ahorro comparado con equipos nuevos similares de mas 2 millones, stock limitado.<\/p>\n<p>Reduces residuos electr\u00f3nicos y la huella de carbono, aprovechas al m\u00e1ximo la vida \u00fatil de los equipos y apoyas un consumo tecnol\u00f3gico m\u00e1s responsable. Tecnolog\u00eda corporativa al alcance de tu bolsillo.<\/p>\n<\/div>\n<div><img src=\"https:\/\/i.dell.com\/is\/image\/DellContent\/\/content\/dam\/global-site-design\/product_images\/dell_client_products\/notebooks\/latitude_notebooks\/14_5420\/pdp\/laptops-latitude-5420-pdp-mod-2.jpg?fmt=jpg&amp;wid=965&amp;hei=396\" alt=\"Completamente cargada y lista para trabajar\" \/><\/div>\n<div><\/div>\n","protected":false},"excerpt":{"rendered":"<p><strong>Portatil\u00a0 Dell Latitude 5420 USADO (AAA)<\/strong><\/p>\n<ul>\n<li>\u00a0Intel\u00ae Core\u2122 i7-1165G7<\/li>\n<li>16 GB ampliable a 32 , DDR4 Non-ECC.<\/li>\n<li>Disco M.2\u00a0 512GB PCIe C35 SS<\/li>\n<li>14&#8243; FHD (1920&#215;1080).<\/li>\n<li>Teclado retroiluminado<\/li>\n<li>Intel Integrated Graphics HD Camera<\/li>\n<li>4 Cell 63Whr ExpressChargeTM Capable Battery Intel\u00ae.<\/li>\n<li>Wi-Fi 6 AX201 2&#215;2 .11ax 160MHz + Bluetooth 5.1<\/li>\n<li>Windows 11\u00a0 Pro 64bit<br \/>\n<b><img loading=\"lazy\" class=\"aligncenter wp-image-10280\" src=\"https:\/\/hekalsoluciones.com\/hekalsoluciones\/wp-content\/uploads\/2024\/06\/ENVIO-GRATIS.png\" alt=\"\" width=\"535\" height=\"209\" srcset=\"https:\/\/hekalsoluciones.com\/hekalsoluciones\/wp-content\/uploads\/2024\/06\/ENVIO-GRATIS.png 1280w, https:\/\/hekalsoluciones.com\/hekalsoluciones\/wp-content\/uploads\/2024\/06\/ENVIO-GRATIS-300x117.png 300w, https:\/\/hekalsoluciones.com\/hekalsoluciones\/wp-content\/uploads\/2024\/06\/ENVIO-GRATIS-1024x400.png 1024w, https:\/\/hekalsoluciones.com\/hekalsoluciones\/wp-content\/uploads\/2024\/06\/ENVIO-GRATIS-768x300.png 768w\" sizes=\"(max-width: 535px) 100vw, 535px\" \/><\/b><\/li>\n<\/ul>\n","protected":false},"featured_media":7864,"comment_status":"open","ping_status":"closed","template":"","meta":{"_monsterinsights_skip_tracking":false,"_monsterinsights_sitenote_active":false,"_monsterinsights_sitenote_note":"","_monsterinsights_sitenote_category":0},"aioseo_notices":[],"_links":{"self":[{"href":"https:\/\/hekalsoluciones.com\/hekalsoluciones\/wp-json\/wp\/v2\/product\/10670"}],"collection":[{"href":"https:\/\/hekalsoluciones.com\/hekalsoluciones\/wp-json\/wp\/v2\/product"}],"about":[{"href":"https:\/\/hekalsoluciones.com\/hekalsoluciones\/wp-json\/wp\/v2\/types\/product"}],"replies":[{"embeddable":true,"href":"https:\/\/hekalsoluciones.com\/hekalsoluciones\/wp-json\/wp\/v2\/comments?post=10670"}],"wp:featuredmedia":[{"embeddable":true,"href":"https:\/\/hekalsoluciones.com\/hekalsoluciones\/wp-json\/wp\/v2\/media\/7864"}],"wp:attachment":[{"href":"https:\/\/hekalsoluciones.com\/hekalsoluciones\/wp-json\/wp\/v2\/media?parent=10670"}],"curies":[{"name":"wp","href":"https:\/\/api.w.org\/{rel}","templated":true}]}}