{"id":10671,"date":"2025-02-19T13:52:30","date_gmt":"2025-02-19T13:52:30","guid":{"rendered":"https:\/\/hekalsoluciones.com\/hekalsoluciones\/?post_type=product&#038;p=10671"},"modified":"2025-12-09T16:36:47","modified_gmt":"2025-12-09T16:36:47","slug":"portatil-dell-latitude-3420-core-i7-11va-teanufacturado-aaa","status":"publish","type":"product","link":"https:\/\/hekalsoluciones.com\/hekalsoluciones\/producto\/portatil-dell-latitude-3420-core-i7-11va-teanufacturado-aaa\/","title":{"rendered":"Portatil Dell Latitude 3420 Core i7-11va  Corporativo Remanufacturado"},"content":{"rendered":"<div class=\"ccs-cc-inline-features-block ccs-cc-inline-single-feature\">\n<div class=\"ccs-cc-inline-feature\" data-type=\"text\">\n<div class=\"ccs-cc-inline-feature-content ccs-cc-inline-feature-description\">\n<h3>Portatil DEll latitude 3420 Corei7 11va\u00a0 Remanufacturado<\/h3>\n<p>Equipo remanufacturado modelo empresarial de gama profesional\u00a0 excelente estado\u00a0 linea\u00a0 corporativa, ideal para empresas, estudiantes y emprendedores. Ahorro comparado con equipos nuevos similares de mas 2 millones, stock limitado.<\/p>\n<p>Reduces residuos electr\u00f3nicos y la huella de carbono, aprovechas al m\u00e1ximo la vida \u00fatil de los equipos y apoyas un consumo tecnol\u00f3gico m\u00e1s responsable. Tecnolog\u00eda corporativa al alcance de tu bolsillo.<\/p>\n<p><b data-cnet-ccs-icb-annotation=\"true\">Disponible con Windows 11 Pro :<\/b>\u00a0para una experiencia impecable y vers\u00e1til con la computadora.<\/p>\n<\/div>\n<\/div>\n<\/div>\n<div class=\"ccs-cc-inline-features-block ccs-cc-inline-single-feature\">\n<div class=\"ccs-cc-inline-feature\" data-type=\"media\">\n<div class=\"ccs-cc-inline-feature-content ccs-cc-inline-thumbnail\">procesadores Intel<sup data-cnet-ccs-icb-annotation=\"true\">\u00ae<\/sup> Core\u2122 i7 de la 11.\u00aa generaci\u00f3n ofrecen\u00a0 el rendimiento, la facilidad de administraci\u00f3n, las caracter\u00edsticas de seguridad incorporadas y la estabilidad de la arquitectura Intel<sup data-cnet-ccs-icb-annotation=\"true\">\u00ae<\/sup>, en sinton\u00eda con un plan de trabajo a prueba del futuro. Descargue y ejecute sin inconvenientes aplicaciones <strong>con alta definici\u00f3n gr\u00e1fica con NVIDIA MX450 de 2 GB .<\/strong><\/div>\n<\/div>\n<\/div>\n<div class=\"ccs-cc-inline-features-block ccs-cc-inline-single-feature\">\n<div class=\"ccs-cc-inline-feature\" data-type=\"text media\" data-pos=\"right\">\n<div class=\"ccs-cc-inline-feature-content ccs-cc-inline-feature-description\">\n<p>\u00a0Latitude 3420 es m\u00e1s peque\u00f1a y liviana, con un nuevo acabado m\u00e1s oscuro, paredes pulidas y cubierta delgada.<br data-cnet-ccs-icb-annotation=\"true\" \/><br data-cnet-ccs-icb-annotation=\"true\" \/>Puertos y ranuras<\/p>\n<\/div>\n<\/div>\n<\/div>\n<div class=\"ccs-cc-inline-features-block ccs-cc-inline-single-feature\">\n<div class=\"ccs-cc-inline-feature\" data-type=\"text\">\n<div class=\"ccs-cc-inline-feature-content ccs-cc-inline-feature-description\">\n<p>1. Bandeja de tarjeta uSIM opcional | 2. Ranura de lector de tarjetas uSD 3.0 | 3. Conector de audio | 4. USB 2.0 | 5. Puerto USB 3.2 Type-A de 1.\u00aa generaci\u00f3n | 6. RJ-45 con LED de estado | 7. Ranura de candado Wedge | 8. Entrada de alimentaci\u00f3n, barril de 4,5 mm con LED de estado | 9. HDMI 1.4 | 10. Puerto USB 3.2 Type-A de 1.\u00aa generaci\u00f3n | 11. Puerto USB 3.2 Type C\u2122 de generaci\u00f3n 2&#215;2 con modo alternativo DisplayPort<\/p>\n<\/div>\n<\/div>\n<\/div>\n<div class=\"ccs-cc-inline-features-block ccs-cc-inline-single-feature\">\n<div class=\"ccs-cc-inline-feature\" data-type=\"text\">\n<div class=\"ccs-cc-inline-feature-content ccs-cc-inline-feature-description\">\n<h3>Dimensiones y peso<\/h3>\n<p>1. Altura: 17,6 mm (0,69&#8243;) | 2. Ancho: 326 mm (12,83&#8243;) | 3. Profundidad: 226 mm (8,9&#8243;) | Peso inicial: 1,52 kg (3,36 lb)<\/p>\n<\/div>\n<\/div>\n<\/div>\n","protected":false},"excerpt":{"rendered":"<ul>\n<li>Intel\u00ae \u00a0Core\u2122 i7-1165G7<\/li>\n<li>Pantalla (14\u2033)FHD<\/li>\n<li>Memoria\u00a0 16 GB DDR4-SDRAM ampliable a 32<\/li>\n<li>Disco solido 512 SSD<\/li>\n<li>tarjeta grafica independiente de 2 GB<\/li>\n<li>Sistema operativo instalado: Windows 11 Pro<\/li>\n<li>Idioma del teclado:\u00a0Espa\u00f1ol<\/li>\n<li>Usado AAA<br \/>\n<b><img loading=\"lazy\" class=\"aligncenter wp-image-10280\" src=\"https:\/\/hekalsoluciones.com\/hekalsoluciones\/wp-content\/uploads\/2024\/06\/ENVIO-GRATIS.png\" alt=\"\" width=\"535\" height=\"209\" srcset=\"https:\/\/hekalsoluciones.com\/hekalsoluciones\/wp-content\/uploads\/2024\/06\/ENVIO-GRATIS.png 1280w, https:\/\/hekalsoluciones.com\/hekalsoluciones\/wp-content\/uploads\/2024\/06\/ENVIO-GRATIS-300x117.png 300w, https:\/\/hekalsoluciones.com\/hekalsoluciones\/wp-content\/uploads\/2024\/06\/ENVIO-GRATIS-1024x400.png 1024w, https:\/\/hekalsoluciones.com\/hekalsoluciones\/wp-content\/uploads\/2024\/06\/ENVIO-GRATIS-768x300.png 768w\" sizes=\"(max-width: 535px) 100vw, 535px\" \/><\/b><\/li>\n<\/ul>\n","protected":false},"featured_media":8063,"comment_status":"open","ping_status":"closed","template":"","meta":{"_monsterinsights_skip_tracking":false,"_monsterinsights_sitenote_active":false,"_monsterinsights_sitenote_note":"","_monsterinsights_sitenote_category":0},"aioseo_notices":[],"_links":{"self":[{"href":"https:\/\/hekalsoluciones.com\/hekalsoluciones\/wp-json\/wp\/v2\/product\/10671"}],"collection":[{"href":"https:\/\/hekalsoluciones.com\/hekalsoluciones\/wp-json\/wp\/v2\/product"}],"about":[{"href":"https:\/\/hekalsoluciones.com\/hekalsoluciones\/wp-json\/wp\/v2\/types\/product"}],"replies":[{"embeddable":true,"href":"https:\/\/hekalsoluciones.com\/hekalsoluciones\/wp-json\/wp\/v2\/comments?post=10671"}],"wp:featuredmedia":[{"embeddable":true,"href":"https:\/\/hekalsoluciones.com\/hekalsoluciones\/wp-json\/wp\/v2\/media\/8063"}],"wp:attachment":[{"href":"https:\/\/hekalsoluciones.com\/hekalsoluciones\/wp-json\/wp\/v2\/media?parent=10671"}],"curies":[{"name":"wp","href":"https:\/\/api.w.org\/{rel}","templated":true}]}}