{"id":12845,"date":"2026-02-23T21:40:52","date_gmt":"2026-02-23T21:40:52","guid":{"rendered":"https:\/\/hekalsoluciones.com\/hekalsoluciones\/producto\/mouse-inalambrico-logitech-m170-negro\/"},"modified":"2026-05-04T10:36:35","modified_gmt":"2026-05-04T10:36:35","slug":"mouse-inalambrico-logitech-m170-negro","status":"publish","type":"product","link":"https:\/\/hekalsoluciones.com\/hekalsoluciones\/producto\/mouse-inalambrico-logitech-m170-negro\/","title":{"rendered":"Mouse inal\u00e1mbrico Logitech M170 negro"},"content":{"rendered":"<p>Logitech dise\u00f1a productos y experiencias que ocupan un lugar cotidiano en la vida de las personas, poniendo foco en la innovaci\u00f3n y la calidad. Su objetivo es crear momentos verdaderamente \u00fanicos y significativos para sus usuarios. Los mouses Logitech se adaptan a la forma de tu mano para proporcionarte horas de comodidad. Sin necesidad de mover el brazo para deslizar el cursor, tu mano se fatigar\u00e1 menos. Son ideales para cualquier espacio de trabajo y quienes tienen la mesa llena de diversos objetos.Su dise\u00f1o eficaz hace de este mouse un elemento c\u00f3modo, con una gran experiencia de uso para aquellas personas que buscan seguridad en cada click.Trabaja de forma inal\u00e1mbrica y mu\u00e9vete libremente sin ninguna interrupci\u00f3n. Al no haber cables, tu escritorio se mantiene despejado. Y adem\u00e1s, puedes llevar tu mouse f\u00e1cilmente de un espacio de trabajo a otro.Navega r\u00e1pidamente por documentos y p\u00e1ginas web gracias su dise\u00f1o ultra delgado, ergon\u00f3mico, liviano y conveniente para llevar a donde quieras o viajar.<\/p>\n<div class=\"shopcommerce-product-attributes\">\n<h4>Especificaciones<\/h4>\n<ul class=\"product-specs\">\n<li><strong>CONDICI\u00d3N:<\/strong> nuevo<\/li>\n<li><strong>COLOR:<\/strong> negro<\/li>\n<li><strong>MARCA:<\/strong> logitech<\/li>\n<li><strong>MODELO:<\/strong> 910-004940<\/li>\n<li><strong>L\u00cdNEA DE PRODUCTOS:<\/strong> MOUSES<\/li>\n<li><strong>MODELO ALFANUMERICO:<\/strong> N\/A<\/li>\n<li><strong>MODELO DETALLADO:<\/strong> 910-004940<\/li>\n<li><strong>FUENTE DEL PRODUCTO:<\/strong> N\/A<\/li>\n<li><strong>ES KIT:<\/strong> no<\/li>\n<li><strong>ALCANCE MAXIMO EN CM:<\/strong> 10.00<\/li>\n<li><strong>ALCANCE MAXIMO EN M:<\/strong> 0.00<\/li>\n<li><strong>ALCANCE MAXIMO EN KM:<\/strong> 0.00<\/li>\n<li><strong>ALCANCE MAXIMO EN PIES:<\/strong> 0.00<\/li>\n<li><strong>TIPO DE SENSOR:<\/strong> optico<\/li>\n<li><strong>TIPO DE MOUSE:<\/strong> Inalambrico<\/li>\n<li><strong>CON BLUETOOTH:<\/strong> no<\/li>\n<li><strong>CON CABLE:<\/strong> no<\/li>\n<li><strong>CON CABLE RETR\u00c1CTIL:<\/strong> no<\/li>\n<li><strong>CON INTERRUPTOR DE AHORRO DE ENERG\u00cdA:<\/strong> no<\/li>\n<li><strong>CON LUCES:<\/strong> no<\/li>\n<li><strong>CON RUEDA DE DESPLAZAMIENTO:<\/strong> no<\/li>\n<li><strong>TECNOLOG\u00cdA DEL SENSOR:<\/strong> DPI (m\u00edn.\/m\u00e1x.): 1000\u00b1<\/li>\n<li><strong>ES INAL\u00c1MBRICO USB:<\/strong> si<\/li>\n<li><strong>ES RECARGABLE:<\/strong> no<\/li>\n<li><strong>RESOLUCI\u00d3N DEL SENSOR DEL MOUSE\u00a0DPI:<\/strong> &quot;seguimiento \u00f3ptico uniforme<br \/>\nDPI (m\u00edn.\/m\u00e1x.): 1000\u00b1&quot;<\/li>\n<li><strong>RESOLUCI\u00d3N DEL SENSOR DEL MOUSE\u00a0PPI:<\/strong> <em>N\/A<\/em><\/li>\n<li><strong>RADIO FRECUENCIA:<\/strong> 2.4 GHz<\/li>\n<li><strong>NUMERO DE BOTONES:<\/strong> 3<\/li>\n<li><strong>INTERFACES:<\/strong> N\/A<\/li>\n<li><strong>INCLUYE MOUSEPAD:<\/strong> no<\/li>\n<li><strong>SKU:<\/strong> 910-004284<\/li>\n<li><strong>NOMBRE O DESCRIPCION:<\/strong> Mouse inal\u00e1mbrico Logitech M170 negro<\/li>\n<li><strong>IMAGEN:<\/strong> SI<\/li>\n<li><strong>EAN:<\/strong>  10097855124187<\/li>\n<li><strong>CANAL EXCLUSIVO:<\/strong> N\/A<\/li>\n<li><strong>PRODUCTO NUEVO:<\/strong> si<\/li>\n<li><strong>CARACTERISTICAS:<\/strong> Logitech dise\u00f1a productos y experiencias que ocupan un lugar cotidiano en la vida de las personas, poniendo foco en la innovaci\u00f3n y la calidad. Su objetivo es crear momentos verdaderamente \u00fanicos y significativos para sus usuarios. Los mouses Logitech se adaptan a la forma de tu mano para proporcionarte horas de comodidad. Sin necesidad de mover el brazo para deslizar el cursor, tu mano se fatigar\u00e1 menos. Son ideales para cualquier espacio de trabajo y quienes tienen la mesa llena de diversos objetos.Su dise\u00f1o eficaz hace de este mouse un elemento c\u00f3modo, con una gran experiencia de uso para aquellas personas que buscan seguridad en cada click.Trabaja de forma inal\u00e1mbrica y mu\u00e9vete libremente sin ninguna interrupci\u00f3n. Al no haber cables, tu escritorio se mantiene despejado. Y adem\u00e1s, puedes llevar tu mouse f\u00e1cilmente de un espacio de trabajo a otro.Navega r\u00e1pidamente por documentos y p\u00e1ginas web gracias su dise\u00f1o ultra delgado, ergon\u00f3mico, liviano y conveniente para llevar a donde quieras o viajar.<\/li>\n<\/ul>\n<\/div>\n","protected":false},"excerpt":{"rendered":"<p>Logitech dise\u00f1a productos y experiencias que ocupan un lugar cotidiano en la vida de las personas, poniendo foco en la innovaci\u00f3n y la calidad. Su objetivo es crear momentos verdaderamente<\/p>\n","protected":false},"featured_media":12847,"comment_status":"open","ping_status":"closed","template":"","meta":{"_monsterinsights_skip_tracking":false,"_monsterinsights_sitenote_active":false,"_monsterinsights_sitenote_note":"","_monsterinsights_sitenote_category":0},"aioseo_notices":[],"_links":{"self":[{"href":"https:\/\/hekalsoluciones.com\/hekalsoluciones\/wp-json\/wp\/v2\/product\/12845"}],"collection":[{"href":"https:\/\/hekalsoluciones.com\/hekalsoluciones\/wp-json\/wp\/v2\/product"}],"about":[{"href":"https:\/\/hekalsoluciones.com\/hekalsoluciones\/wp-json\/wp\/v2\/types\/product"}],"replies":[{"embeddable":true,"href":"https:\/\/hekalsoluciones.com\/hekalsoluciones\/wp-json\/wp\/v2\/comments?post=12845"}],"wp:featuredmedia":[{"embeddable":true,"href":"https:\/\/hekalsoluciones.com\/hekalsoluciones\/wp-json\/wp\/v2\/media\/12847"}],"wp:attachment":[{"href":"https:\/\/hekalsoluciones.com\/hekalsoluciones\/wp-json\/wp\/v2\/media?parent=12845"}],"curies":[{"name":"wp","href":"https:\/\/api.w.org\/{rel}","templated":true}]}}