{"id":12928,"date":"2026-02-23T21:41:39","date_gmt":"2026-02-23T21:41:39","guid":{"rendered":"https:\/\/hekalsoluciones.com\/hekalsoluciones\/producto\/mouse-logitech-optico-inalambrico-m185-color-negro\/"},"modified":"2026-04-27T22:06:36","modified_gmt":"2026-04-27T22:06:36","slug":"mouse-logitech-optico-inalambrico-m185-color-negro","status":"publish","type":"product","link":"https:\/\/hekalsoluciones.com\/hekalsoluciones\/producto\/mouse-logitech-optico-inalambrico-m185-color-negro\/","title":{"rendered":"Mouse LOGITECH Optico Inalambrico M185 COLOR Negro"},"content":{"rendered":"<p>Mouse optico inalambrico M185 Negro, El mouse Inal\u00e1mbrico M185 LOGITECH, cl\u00e1sico y moderno.Es compatible con sistema operativo Windows, Mac, Chrome OS o Linux ordenadores, Tan peque\u00f1o y discreto, puede enchufarlo a un puerto USB y olvidarse de \u00e9l. Adem\u00e1s, puede decir adi\u00f3s a las preocupaciones sobre receptores perdidos, El dise\u00f1o contorneado se siente bien en cualquier mano y ofrece m\u00e1s comodidad que un panel t\u00e1ctil, Libertad Inal\u00e1mbrica, No importa qu\u00e9 tipo de computadora posea hoy, o compre ma\u00f1ana, puede confiar en que su mouse funcione como espera.<\/p>\n<div class=\"shopcommerce-product-attributes\">\n<h4>Especificaciones<\/h4>\n<ul class=\"product-specs\">\n<li><strong>CONDICI\u00d3N:<\/strong> NUEVO<\/li>\n<li><strong>COLOR:<\/strong> NEGRO<\/li>\n<li><strong>MARCA:<\/strong> LOGITECH<\/li>\n<li><strong>MODELO:<\/strong> N\/A<\/li>\n<li><strong>L\u00cdNEA DE PRODUCTOS:<\/strong> Si<\/li>\n<li><strong>MODELO ALFANUMERICO:<\/strong> N\/A<\/li>\n<li><strong>MODELO DETALLADO:<\/strong> N\/A<\/li>\n<li><strong>FUENTE DEL PRODUCTO:<\/strong> N\/A<\/li>\n<li><strong>ES KIT:<\/strong> NO<\/li>\n<li><strong>ALCANCE MAXIMO EN CM:<\/strong> 0.00<\/li>\n<li><strong>ALCANCE MAXIMO EN M:<\/strong> 10.00<\/li>\n<li><strong>ALCANCE MAXIMO EN KM:<\/strong> 0.00<\/li>\n<li><strong>ALCANCE MAXIMO EN PIES:<\/strong> 0.00<\/li>\n<li><strong>TIPO DE SENSOR:<\/strong> N\/A<\/li>\n<li><strong>TIPO DE MOUSE:<\/strong> INALAMBRICO<\/li>\n<li><strong>CON BLUETOOTH:<\/strong> No<\/li>\n<li><strong>CON CABLE:<\/strong> NO<\/li>\n<li><strong>CON CABLE RETR\u00c1CTIL:<\/strong> NO<\/li>\n<li><strong>CON INTERRUPTOR DE AHORRO DE ENERG\u00cdA:<\/strong> NO<\/li>\n<li><strong>CON LUCES:<\/strong> NO<\/li>\n<li><strong>CON RUEDA DE DESPLAZAMIENTO:<\/strong> SI<\/li>\n<li><strong>TECNOLOG\u00cdA DEL SENSOR:<\/strong> seguimiento optico avanzado<\/li>\n<li><strong>ES INAL\u00c1MBRICO USB:<\/strong> SI<\/li>\n<li><strong>ES RECARGABLE:<\/strong> NO<\/li>\n<li><strong>RESOLUCI\u00d3N DEL SENSOR DEL MOUSE\u00a0DPI:<\/strong> <em>N\/A<\/em><\/li>\n<li><strong>RESOLUCI\u00d3N DEL SENSOR DEL MOUSE\u00a0PPI:<\/strong> <em>N\/A<\/em><\/li>\n<li><strong>RADIO FRECUENCIA:<\/strong> N\/A<\/li>\n<li><strong>NUMERO DE BOTONES:<\/strong> 3<\/li>\n<li><strong>INTERFACES:<\/strong> N\/A<\/li>\n<li><strong>INCLUYE MOUSEPAD:<\/strong> NO<\/li>\n<li><strong>SKU:<\/strong>  097855074126<\/li>\n<li><strong>NOMBRE O DESCRIPCION:<\/strong> Mouse LOGITECH Optico Inalambrico M185 COLOR Negro<\/li>\n<li><strong>IMAGEN:<\/strong> si<\/li>\n<li><strong>EAN:<\/strong> 10097855074123<\/li>\n<li><strong>CANAL EXCLUSIVO:<\/strong> N\/A<\/li>\n<li><strong>PRODUCTO NUEVO:<\/strong> SI<\/li>\n<li><strong>CARACTERISTICAS:<\/strong> Mouse optico inalambrico M185 Negro, El mouse Inal\u00e1mbrico M185 LOGITECH, cl\u00e1sico y moderno.Es compatible con sistema operativo Windows, Mac, Chrome OS o Linux ordenadores, Tan peque\u00f1o y discreto, puede enchufarlo a un puerto USB y olvidarse de \u00e9l. Adem\u00e1s, puede decir adi\u00f3s a las preocupaciones sobre receptores perdidos, El dise\u00f1o contorneado se siente bien en cualquier mano y ofrece m\u00e1s comodidad que un panel t\u00e1ctil, Libertad Inal\u00e1mbrica, No importa qu\u00e9 tipo de computadora posea hoy, o compre ma\u00f1ana, puede confiar en que su mouse funcione como espera.<\/li>\n<\/ul>\n<\/div>\n","protected":false},"excerpt":{"rendered":"<p>Mouse optico inalambrico M185 Negro, El mouse Inal\u00e1mbrico M185 LOGITECH, cl\u00e1sico y moderno.Es compatible con sistema operativo Windows, Mac, Chrome OS o Linux ordenadores, Tan peque\u00f1o y discreto, puede enchufarlo<\/p>\n","protected":false},"featured_media":12930,"comment_status":"open","ping_status":"closed","template":"","meta":{"_monsterinsights_skip_tracking":false,"_monsterinsights_sitenote_active":false,"_monsterinsights_sitenote_note":"","_monsterinsights_sitenote_category":0},"aioseo_notices":[],"_links":{"self":[{"href":"https:\/\/hekalsoluciones.com\/hekalsoluciones\/wp-json\/wp\/v2\/product\/12928"}],"collection":[{"href":"https:\/\/hekalsoluciones.com\/hekalsoluciones\/wp-json\/wp\/v2\/product"}],"about":[{"href":"https:\/\/hekalsoluciones.com\/hekalsoluciones\/wp-json\/wp\/v2\/types\/product"}],"replies":[{"embeddable":true,"href":"https:\/\/hekalsoluciones.com\/hekalsoluciones\/wp-json\/wp\/v2\/comments?post=12928"}],"wp:featuredmedia":[{"embeddable":true,"href":"https:\/\/hekalsoluciones.com\/hekalsoluciones\/wp-json\/wp\/v2\/media\/12930"}],"wp:attachment":[{"href":"https:\/\/hekalsoluciones.com\/hekalsoluciones\/wp-json\/wp\/v2\/media?parent=12928"}],"curies":[{"name":"wp","href":"https:\/\/api.w.org\/{rel}","templated":true}]}}