{"id":12953,"date":"2026-02-23T21:42:15","date_gmt":"2026-02-23T21:42:15","guid":{"rendered":"https:\/\/hekalsoluciones.com\/hekalsoluciones\/producto\/impresora-multifuncional-epson-tabloide-ecotank-l14150-color-negro\/"},"modified":"2026-03-29T01:56:14","modified_gmt":"2026-03-29T01:56:14","slug":"impresora-multifuncional-epson-tabloide-ecotank-l14150-color-negro","status":"publish","type":"product","link":"https:\/\/hekalsoluciones.com\/hekalsoluciones\/producto\/impresora-multifuncional-epson-tabloide-ecotank-l14150-color-negro\/","title":{"rendered":"Impresora Multifuncional EPSON Tabloide Ecotank L14150 COLOR Negro"},"content":{"rendered":"<p>La impresora multifuncional inal\u00e1mbrica 4 en 1 Epson EcoTank L14150 ofrece impresi\u00f3n sin cartuchos y es compatible con formatos anchos hasta A3+. Cuenta con botellas de tinta dise\u00f1adas para evitar derrames y son codificadas para facilitar el llenado de cada color.<\/p>\n<div class=\"shopcommerce-product-attributes\">\n<h4>Especificaciones<\/h4>\n<ul class=\"product-specs\">\n<li><strong>CONDICI\u00d3N:<\/strong> NUEVO<\/li>\n<li><strong>COLOR:<\/strong> NEGRO<\/li>\n<li><strong>MARCA:<\/strong> EPSON<\/li>\n<li><strong>MODELO:<\/strong> L14150<\/li>\n<li><strong>L\u00cdNEA DE PRODUCTOS:<\/strong> Multifuncionales Color<\/li>\n<li><strong>VOLTAJE:<\/strong> 100.00<\/li>\n<li><strong>MODELO ALFANUMERICO:<\/strong> L14150<\/li>\n<li><strong>MODELO DETALLADO:<\/strong> Impresora multifuncional tabloide epson ecotank L14150<\/li>\n<li><strong>CON WI-FI:<\/strong> SI<\/li>\n<li><strong>ES KIT:<\/strong> NO<\/li>\n<li><strong>ACCESORIOS INCLUIDOS:<\/strong> SI<\/li>\n<li><strong>CANTIDAD DE CARTUCHOS:<\/strong> 4<\/li>\n<li><strong>CANTIDAD DE CHAROLAS:<\/strong> 2<\/li>\n<li><strong>VELOCIDAD PROCESADOR:<\/strong> 0.00<\/li>\n<li><strong>VELOCIDAD DE IMPRESION EN COLOR:<\/strong> &quot;M\u00e1xima:  color 24 ppm (borrador, A4\/carta<br \/>\n ISO: color 9 ppm (A4\/carta)&quot;<\/li>\n<li><strong>VELOCIDAD DE IMPRESION EN BLANCO Y NEGRO:<\/strong> &quot; M\u00e1xima: Negro 38 ppm(borrador, A4\/carta<br \/>\n ISO: Negro 17 ppm (A4\/carta)&quot;<\/li>\n<li><strong>UNIDADES DE DIMENSI\u00d3N:<\/strong> Cm<\/li>\n<li><strong>UNIDAD DE VELOCIDAD DEL PROCESADOR:<\/strong> N\/A<\/li>\n<li><strong>TIPOS DE PAPEL:<\/strong> folio, legal, carta, A4, ejecutivo, media carta, A6, A3, tabloide<\/li>\n<li><strong>CAPACIDAD M\u00c1XIMA DE HOJAS:<\/strong> <em>N\/A<\/em><\/li>\n<li><strong>TIPO DE PANTALLA:<\/strong> &quot;LCD 2.7&quot;&quot; tactil a color&quot;<\/li>\n<li><strong>TIPO DE IMPRESORA:<\/strong> Impresora multifuncion, imprime, copia, escanea, fax.<\/li>\n<li><strong>TIPO DE IMPRESI\u00d3N:<\/strong> Inyeccion de tinta<\/li>\n<li><strong>CON BLUETOOTH:<\/strong> NO<\/li>\n<li><strong>CON USB:<\/strong> SI<\/li>\n<li><strong>TECNOLOG\u00cdA DE IMPRESI\u00d3N:<\/strong> Inyecci\u00f3n de tinta Heat-FreeTM PrecisionCore\u00ae de 4 colores (CMYK)<\/li>\n<li><strong>CONEXIONES M\u00d3VILES:<\/strong> Epson iPrintTM App (IOS, AndroidTM), Epson Email Print, Remote Print Driver<\/li>\n<li><strong>ES PORT\u00c1TIL:<\/strong> NO<\/li>\n<li><strong>TAMANOS DE PAPEL:<\/strong> Carta, Oficio, foto, A3, tabloide.<\/li>\n<li><strong>UNIDAD DE PESO:<\/strong> kg<\/li>\n<li><strong>FUNCIONES DE LA IMPRESORA:<\/strong> Imprimir hojas sueltas, fotografias, escaneo e impresi\u00f3n tabloide, fax.<\/li>\n<li><strong>SKU:<\/strong> C11CH96301<\/li>\n<li><strong>NOMBRE O DESCRIPCION:<\/strong> La nueva multifuncional inal\u00e1mbrica EcoTank 4 en 1 L14150 te ofrece impresi\u00f3n 100% sin cartuchos con soporte para formatos anchos hasta A3+, con botellas de tinta dise\u00f1adas para evitar derrames y codificadas para llenado f\u00e1cil de cada color. Te permite imprimir hasta 7.500 p\u00e1ginas en negro o 6.000 p\u00e1ginas a color. Imprime cientos de proyectos sin interrupciones, con los juegos de botellas de tinta original Epson que equivalen a unos 35 juegos de cartuchos de tinta, ahorrando hasta 90% en tinta con las botellas de reemplazo. Imprime sin la necesidad de una PC, gracias a su pantalla de 2,4&quot;<\/li>\n<li><strong>IMAGEN:<\/strong> Si<\/li>\n<li><strong>EAN:<\/strong> 1034395130<\/li>\n<li><strong>SKU SIMPLE:<\/strong> C11CH96301<\/li>\n<li><strong>PRECIO:<\/strong> N\/A<\/li>\n<li><strong>STOCK:<\/strong> N\/A<\/li>\n<li><strong>M\u00c9TODO DE ENV\u00cdO:<\/strong> N\/A<\/li>\n<li><strong>ANCHURA DEL PAQUETE DE ENV\u00cdO:<\/strong> 50<\/li>\n<li><strong>ALTURA DEL PAQUETE DE ENV\u00cdO:<\/strong> 25<\/li>\n<li><strong>LARGO DEL PAQUETE DE ENV\u00cdO:<\/strong> 36<\/li>\n<li><strong>PESO DEL PAQUETE:<\/strong> 9.7<\/li>\n<li><strong>CANAL EXCLUSIVO:<\/strong> N\/A<\/li>\n<li><strong>NOMBRE:<\/strong> Impresora Multifuncional EPSON Tabloide Ecotank L14150 COLOR Negro<\/li>\n<li><strong>CARACTERISTICAS:<\/strong><br \/>\nLa impresora multifuncional inal\u00e1mbrica 4 en 1 Epson EcoTank L14150 ofrece impresi\u00f3n sin cartuchos y es compatible con formatos anchos hasta A3+. Cuenta con botellas de tinta dise\u00f1adas para evitar derrames y son codificadas para facilitar el llenado de cada color.<\/li>\n<\/ul>\n<\/div>\n","protected":false},"excerpt":{"rendered":"<p>La impresora multifuncional inal\u00e1mbrica 4 en 1 Epson EcoTank L14150 ofrece impresi\u00f3n sin cartuchos y es compatible con formatos anchos hasta A3+. Cuenta con botellas de tinta dise\u00f1adas para evitar<\/p>\n","protected":false},"featured_media":10729,"comment_status":"open","ping_status":"closed","template":"","meta":{"_monsterinsights_skip_tracking":false,"_monsterinsights_sitenote_active":false,"_monsterinsights_sitenote_note":"","_monsterinsights_sitenote_category":0},"aioseo_notices":[],"_links":{"self":[{"href":"https:\/\/hekalsoluciones.com\/hekalsoluciones\/wp-json\/wp\/v2\/product\/12953"}],"collection":[{"href":"https:\/\/hekalsoluciones.com\/hekalsoluciones\/wp-json\/wp\/v2\/product"}],"about":[{"href":"https:\/\/hekalsoluciones.com\/hekalsoluciones\/wp-json\/wp\/v2\/types\/product"}],"replies":[{"embeddable":true,"href":"https:\/\/hekalsoluciones.com\/hekalsoluciones\/wp-json\/wp\/v2\/comments?post=12953"}],"wp:featuredmedia":[{"embeddable":true,"href":"https:\/\/hekalsoluciones.com\/hekalsoluciones\/wp-json\/wp\/v2\/media\/10729"}],"wp:attachment":[{"href":"https:\/\/hekalsoluciones.com\/hekalsoluciones\/wp-json\/wp\/v2\/media?parent=12953"}],"curies":[{"name":"wp","href":"https:\/\/api.w.org\/{rel}","templated":true}]}}