{"id":12962,"date":"2026-02-23T21:42:23","date_gmt":"2026-02-23T21:42:23","guid":{"rendered":"https:\/\/hekalsoluciones.com\/hekalsoluciones\/producto\/impresora-epson-multifuncional-color-ecotank-l3210-color-negro\/"},"modified":"2026-03-27T20:40:18","modified_gmt":"2026-03-27T20:40:18","slug":"impresora-epson-multifuncional-color-ecotank-l3210-color-negro","status":"publish","type":"product","link":"https:\/\/hekalsoluciones.com\/hekalsoluciones\/producto\/impresora-epson-multifuncional-color-ecotank-l3210-color-negro\/","title":{"rendered":"Impresora EPSON Multifuncional Color Ecotank L3210 COLOR Negro"},"content":{"rendered":"<p>La Impresora multifuncional 3 en 1 Epson EcoTank L3210 ofrece a las familias, estudiantes y profesionales un costo de impresi\u00f3n ultra bajo, que te permite imprimir hasta 4.500 p\u00e1ginas en negro o 7.500 p\u00e1ginas a color con cada juego de botellas de repuesto. La L3210 ofrece total confiabilidad gracias a la tecnolog\u00eda Heat-Free de Epson, adem\u00e1s de una experiencia de recarga f\u00e1cil, limpia y sin errores con la tecnolog\u00eda EcoFitTM, y un dise\u00f1o de tanque frontal s\u00faper compacto que ocupa poco espacio y permite verificar f\u00e1cilmente los niveles de tinta. Con una garant\u00eda limitada y extendida hasta de 2 a\u00f1os, Epson lo respalda totalmente para que pueda imprimir sin cartuchos y sin preocupaciones.<\/p>\n<div class=\"shopcommerce-product-attributes\">\n<h4>Especificaciones<\/h4>\n<ul class=\"product-specs\">\n<li><strong>CONDICI\u00d3N:<\/strong> NUEVO<\/li>\n<li><strong>COLOR:<\/strong> NEGRO<\/li>\n<li><strong>MARCA:<\/strong> EPSON<\/li>\n<li><strong>MODELO:<\/strong> Ecotank L3210<\/li>\n<li><strong>L\u00cdNEA DE PRODUCTOS:<\/strong> SI<\/li>\n<li><strong>VOLTAJE:<\/strong> 0.00<\/li>\n<li><strong>MODELO ALFANUMERICO:<\/strong> L3210<\/li>\n<li><strong>MODELO DETALLADO:<\/strong> Ecotank L3210<\/li>\n<li><strong>CON WI-FI:<\/strong> NO<\/li>\n<li><strong>ES KIT:<\/strong> NO<\/li>\n<li><strong>ACCESORIOS INCLUIDOS:<\/strong> NO<\/li>\n<li><strong>CANTIDAD DE CARTUCHOS:<\/strong> 4<\/li>\n<li><strong>CANTIDAD DE CHAROLAS:<\/strong> 1<\/li>\n<li><strong>VELOCIDAD PROCESADOR:<\/strong> 0.00<\/li>\n<li><strong>VELOCIDAD DE IMPRESION EN COLOR:<\/strong> 15 ppm   ISO 5 ppm<\/li>\n<li><strong>VELOCIDAD DE IMPRESION EN BLANCO Y NEGRO:<\/strong> 33 ppm  ISO 10 ppm<\/li>\n<li><strong>UNIDADES DE DIMENSI\u00d3N:<\/strong> cm<\/li>\n<li><strong>UNIDAD DE VELOCIDAD DEL PROCESADOR:<\/strong> N\/A<\/li>\n<li><strong>TIPOS DE PAPEL:<\/strong> Papel Normal, Epson specialty papers (Photo Glossy\/Semi-gloss, Presentation Paper Matte, High Quality Ink Jet Paper), and Envelopes<\/li>\n<li><strong>CAPACIDAD M\u00c1XIMA DE HOJAS:<\/strong> <em>N\/A<\/em><\/li>\n<li><strong>TIPO DE PANTALLA:<\/strong> N\/A<\/li>\n<li><strong>TIPO DE IMPRESORA:<\/strong> Multifuncion<\/li>\n<li><strong>TIPO DE IMPRESI\u00d3N:<\/strong> Inyeccion de Tinta<\/li>\n<li><strong>CON BLUETOOTH:<\/strong> NO<\/li>\n<li><strong>CON USB:<\/strong> NO<\/li>\n<li><strong>TECNOLOG\u00cdA DE IMPRESI\u00d3N:<\/strong> Inyecci\u00f3n de tinta Heat-FreeTM Micro Piezo de 4 colores (CMYK)<\/li>\n<li><strong>CONEXIONES M\u00d3VILES:<\/strong> NO<\/li>\n<li><strong>ES PORT\u00c1TIL:<\/strong> NO<\/li>\n<li><strong>TAMANOS DE PAPEL:<\/strong> A4, Oficio, Fotografico, media carta.<\/li>\n<li><strong>UNIDAD DE PESO:<\/strong> Kg<\/li>\n<li><strong>FUNCIONES DE LA IMPRESORA:<\/strong> Imprime, Copia, Escanea.<\/li>\n<li><strong>SKU:<\/strong> C11CJ68301<\/li>\n<li><strong>NOMBRE O DESCRIPCION:<\/strong> Impresora Multifuncional Color Epson Ecotank L3210<\/li>\n<li><strong>IMAGEN:<\/strong> SI<\/li>\n<li><strong>EAN:<\/strong> 0 10343 95806 7<\/li>\n<li><strong>SKU SIMPLE:<\/strong> C11CJ68301<\/li>\n<li><strong>PRECIO:<\/strong> N\/A<\/li>\n<li><strong>STOCK:<\/strong> N\/A<\/li>\n<li><strong>M\u00c9TODO DE ENV\u00cdO:<\/strong> N\/A<\/li>\n<li><strong>ANCHURA DEL PAQUETE DE ENV\u00cdO:<\/strong> 37.5<\/li>\n<li><strong>ALTURA DEL PAQUETE DE ENV\u00cdO:<\/strong> 25.3<\/li>\n<li><strong>LARGO DEL PAQUETE DE ENV\u00cdO:<\/strong> 57.8<\/li>\n<li><strong>PESO DEL PAQUETE:<\/strong> 3.9<\/li>\n<li><strong>CANAL EXCLUSIVO:<\/strong> N\/A<\/li>\n<li><strong>PRODUCTO NUEVO:<\/strong> SI<\/li>\n<li><strong>NOMBRE:<\/strong> Impresora EPSON Multifuncional Color Ecotank L3210 COLOR Negro<\/li>\n<li><strong>CARACTERISTICAS:<\/strong> La Impresora multifuncional 3 en 1 Epson EcoTank L3210 ofrece a las familias, estudiantes y profesionales un costo de impresi\u00f3n ultra bajo, que te permite imprimir hasta 4.500 p\u00e1ginas en negro o 7.500 p\u00e1ginas a color con cada juego de botellas de repuesto. La L3210 ofrece total confiabilidad gracias a la tecnolog\u00eda Heat-Free de Epson, adem\u00e1s de una experiencia de recarga f\u00e1cil, limpia y sin errores con la tecnolog\u00eda EcoFitTM, y un dise\u00f1o de tanque frontal s\u00faper compacto que ocupa poco espacio y permite verificar f\u00e1cilmente los niveles de tinta. Con una garant\u00eda limitada y extendida hasta de 2 a\u00f1os, Epson lo respalda totalmente para que pueda imprimir sin cartuchos y sin preocupaciones.<\/li>\n<\/ul>\n<\/div>\n","protected":false},"excerpt":{"rendered":"<p>La Impresora multifuncional 3 en 1 Epson EcoTank L3210 ofrece a las familias, estudiantes y profesionales un costo de impresi\u00f3n ultra bajo, que te permite imprimir hasta 4.500 p\u00e1ginas en<\/p>\n","protected":false},"featured_media":10726,"comment_status":"open","ping_status":"closed","template":"","meta":{"_monsterinsights_skip_tracking":false,"_monsterinsights_sitenote_active":false,"_monsterinsights_sitenote_note":"","_monsterinsights_sitenote_category":0},"aioseo_notices":[],"_links":{"self":[{"href":"https:\/\/hekalsoluciones.com\/hekalsoluciones\/wp-json\/wp\/v2\/product\/12962"}],"collection":[{"href":"https:\/\/hekalsoluciones.com\/hekalsoluciones\/wp-json\/wp\/v2\/product"}],"about":[{"href":"https:\/\/hekalsoluciones.com\/hekalsoluciones\/wp-json\/wp\/v2\/types\/product"}],"replies":[{"embeddable":true,"href":"https:\/\/hekalsoluciones.com\/hekalsoluciones\/wp-json\/wp\/v2\/comments?post=12962"}],"wp:featuredmedia":[{"embeddable":true,"href":"https:\/\/hekalsoluciones.com\/hekalsoluciones\/wp-json\/wp\/v2\/media\/10726"}],"wp:attachment":[{"href":"https:\/\/hekalsoluciones.com\/hekalsoluciones\/wp-json\/wp\/v2\/media?parent=12962"}],"curies":[{"name":"wp","href":"https:\/\/api.w.org\/{rel}","templated":true}]}}