{"id":12988,"date":"2026-02-23T21:42:45","date_gmt":"2026-02-23T21:42:45","guid":{"rendered":"https:\/\/hekalsoluciones.com\/hekalsoluciones\/producto\/impresora-multifuncional-epson-tabloide-fotografica-ecotank-l8180-color-negro\/"},"modified":"2026-03-13T20:08:02","modified_gmt":"2026-03-13T20:08:02","slug":"impresora-multifuncional-epson-tabloide-fotografica-ecotank-l8180-color-negro","status":"publish","type":"product","link":"https:\/\/hekalsoluciones.com\/hekalsoluciones\/producto\/impresora-multifuncional-epson-tabloide-fotografica-ecotank-l8180-color-negro\/","title":{"rendered":"Impresora Multifuncional EPSON Tabloide Fotogr\u00e1fica Ecotank L8180 COLOR Negro"},"content":{"rendered":"<p>La EcoTank L8180 es una impresora de fotos 3 en 1 que ofrece una excelente calidad de impresi\u00f3n fotogr\u00e1fica de hasta A3+, con su configuraci\u00f3n \u00fanica de tinta Claria ET 6, que incluye gris y negro pigmentado, con la conveniencia del reemplazo de alto rendimiento y ultra bajo costo de EcoTank, con botellas de tinta que rinden hasta 2300 fotograf\u00edas 4X6<\/p>\n<div class=\"shopcommerce-product-attributes\">\n<h4>Especificaciones<\/h4>\n<ul class=\"product-specs\">\n<li><strong>CONDICI\u00d3N:<\/strong> NUEVO<\/li>\n<li><strong>COLOR:<\/strong> NEGRO<\/li>\n<li><strong>MARCA:<\/strong> EPSON<\/li>\n<li><strong>MODELO:<\/strong> ECOTANK L8180<\/li>\n<li><strong>L\u00cdNEA DE PRODUCTOS:<\/strong> IMPRESION<\/li>\n<li><strong>VOLTAJE:<\/strong> 100.00<\/li>\n<li><strong>MODELO ALFANUMERICO:<\/strong> C11CJ21301<\/li>\n<li><strong>MODELO DETALLADO:<\/strong> L8180<\/li>\n<li><strong>CON WI-FI:<\/strong> SI<\/li>\n<li><strong>ES KIT:<\/strong> NO<\/li>\n<li><strong>ACCESORIOS INCLUIDOS:<\/strong> SI<\/li>\n<li><strong>CANTIDAD DE CARTUCHOS:<\/strong> 4<\/li>\n<li><strong>CANTIDAD DE CHAROLAS:<\/strong> 1<\/li>\n<li><strong>VELOCIDAD PROCESADOR:<\/strong> 0.00<\/li>\n<li><strong>VELOCIDAD DE IMPRESION EN COLOR:<\/strong> y color 32 ppm (borrador, A4\/carta). Fotos a color 4&quot; x 6&quot; (10 cm x 15 cm): 15 segundos (borrador<\/li>\n<li><strong>VELOCIDAD DE IMPRESION EN BLANCO Y NEGRO:<\/strong> S\u00edmplex: negro 32 ppm  ISO: 16 ppm<\/li>\n<li><strong>UNIDADES DE DIMENSI\u00d3N:<\/strong> MM<\/li>\n<li><strong>UNIDAD DE VELOCIDAD DEL PROCESADOR:<\/strong> N\/A<\/li>\n<li><strong>TIPOS DE PAPEL:<\/strong> Papel normal, Bright White Paper, Presentation Paper Matte, Premium Presentation Paper Matte, Premium<\/li>\n<li><strong>CAPACIDAD M\u00c1XIMA DE HOJAS:<\/strong> 100<\/li>\n<li><strong>TIPO DE PANTALLA:<\/strong> LCD 4,3&quot; t\u00e1ctil a color<\/li>\n<li><strong>TIPO DE IMPRESORA:<\/strong> MULTIFUNCIONAL<\/li>\n<li><strong>TIPO DE IMPRESI\u00d3N:<\/strong> iNYECCION DE TINTA<\/li>\n<li><strong>CON BLUETOOTH:<\/strong> NO<\/li>\n<li><strong>CON USB:<\/strong> SI<\/li>\n<li><strong>TECNOLOG\u00cdA DE IMPRESI\u00d3N:<\/strong> inyecci\u00f3n de tinta MicroPiezo Heat Free de 6 colores<\/li>\n<li><strong>CONEXIONES M\u00d3VILES:<\/strong> , Wi-Fi 4 (IEEE 802.11 b\/g\/n), Wi-Fi Direct<\/li>\n<li><strong>ES PORT\u00c1TIL:<\/strong> NO<\/li>\n<li><strong>TAMANOS DE PAPEL:<\/strong> A3, A4, CARTA, OFICIO, FOTOGRAFICO,<\/li>\n<li><strong>UNIDAD DE PESO:<\/strong> KG<\/li>\n<li><strong>FUNCIONES DE LA IMPRESORA:<\/strong> Impresora inal\u00e1mbrica fotogr\u00e1fica multifuncional 3 en 1 Epson EcoTank L8180 con impresi\u00f3n 100% sin cartuchos hasta A3+<\/li>\n<li><strong>SKU:<\/strong> C11CJ21301<\/li>\n<li><strong>NOMBRE O DESCRIPCION:<\/strong> IMPRESORA MULTIFUNCIONAL TABLOIDE FOTOGRAFICA EPSON ECOTANK L8180<\/li>\n<li><strong>EAN:<\/strong> 10343952348<\/li>\n<li><strong>SKU SIMPLE:<\/strong> C11CJ21301<\/li>\n<li><strong>ANCHURA DEL PAQUETE DE ENV\u00cdO:<\/strong> 523<\/li>\n<li><strong>ALTURA DEL PAQUETE DE ENV\u00cdO:<\/strong> 169<\/li>\n<li><strong>LARGO DEL PAQUETE DE ENV\u00cdO:<\/strong> 379 mm<\/li>\n<li><strong>PESO DEL PAQUETE:<\/strong> 11,1 KG<\/li>\n<li><strong>NOMBRE:<\/strong> Impresora Multifuncional EPSON Tabloide Fotogr\u00e1fica Ecotank L8180 COLOR Negro<\/li>\n<li><strong>CARACTERISTICAS:<\/strong> La EcoTank L8180 es una impresora de fotos 3 en 1 que ofrece una excelente calidad de impresi\u00f3n fotogr\u00e1fica de hasta A3+, con su configuraci\u00f3n \u00fanica de tinta Claria ET 6, que incluye gris y negro pigmentado, con la conveniencia del reemplazo de alto rendimiento y ultra bajo costo de EcoTank, con botellas de tinta que rinden hasta 2300 fotograf\u00edas 4X6&quot;<\/li>\n<\/ul>\n<\/div>\n","protected":false},"excerpt":{"rendered":"<p>La EcoTank L8180 es una impresora de fotos 3 en 1 que ofrece una excelente calidad de impresi\u00f3n fotogr\u00e1fica de hasta A3+, con su configuraci\u00f3n \u00fanica de tinta Claria ET<\/p>\n","protected":false},"featured_media":12989,"comment_status":"open","ping_status":"closed","template":"","meta":{"_monsterinsights_skip_tracking":false,"_monsterinsights_sitenote_active":false,"_monsterinsights_sitenote_note":"","_monsterinsights_sitenote_category":0},"aioseo_notices":[],"_links":{"self":[{"href":"https:\/\/hekalsoluciones.com\/hekalsoluciones\/wp-json\/wp\/v2\/product\/12988"}],"collection":[{"href":"https:\/\/hekalsoluciones.com\/hekalsoluciones\/wp-json\/wp\/v2\/product"}],"about":[{"href":"https:\/\/hekalsoluciones.com\/hekalsoluciones\/wp-json\/wp\/v2\/types\/product"}],"replies":[{"embeddable":true,"href":"https:\/\/hekalsoluciones.com\/hekalsoluciones\/wp-json\/wp\/v2\/comments?post=12988"}],"wp:featuredmedia":[{"embeddable":true,"href":"https:\/\/hekalsoluciones.com\/hekalsoluciones\/wp-json\/wp\/v2\/media\/12989"}],"wp:attachment":[{"href":"https:\/\/hekalsoluciones.com\/hekalsoluciones\/wp-json\/wp\/v2\/media?parent=12988"}],"curies":[{"name":"wp","href":"https:\/\/api.w.org\/{rel}","templated":true}]}}