{"id":13007,"date":"2026-02-23T21:42:57","date_gmt":"2026-02-23T21:42:57","guid":{"rendered":"https:\/\/hekalsoluciones.com\/hekalsoluciones\/producto\/impresora-epson-multifuncional-ecotank-l6490-color-blanco\/"},"modified":"2026-03-09T14:08:19","modified_gmt":"2026-03-09T14:08:19","slug":"impresora-epson-multifuncional-ecotank-l6490-color-blanco","status":"publish","type":"product","link":"https:\/\/hekalsoluciones.com\/hekalsoluciones\/producto\/impresora-epson-multifuncional-ecotank-l6490-color-blanco\/","title":{"rendered":"Impresora EPSON Multifuncional Ecotank L6490 COLOR Blanco"},"content":{"rendered":"<p>Impresora multifuncional inal\u00e1mbrica EcoTank con tanques de tinta rellenables econ\u00f3micos de alta capacidad ideal para negocios y grupos de trabajo,  La impresora multifuncional inal\u00e1mbrica EcoTank L6490 es la soluci\u00f3n perfecta para negocios que necesitan alta productividad de impresi\u00f3n a bajo costo, sin sacrificar calidad.<\/p>\n<div class=\"shopcommerce-product-attributes\">\n<h4>Especificaciones<\/h4>\n<ul class=\"product-specs\">\n<li><strong>CONDICI\u00d3N:<\/strong> NUEVO<\/li>\n<li><strong>COLOR:<\/strong> BLANCO<\/li>\n<li><strong>MARCA:<\/strong> EPSON<\/li>\n<li><strong>MODELO:<\/strong> Ecotank L6490<\/li>\n<li><strong>L\u00cdNEA DE PRODUCTOS:<\/strong> Multifuncionales Color<\/li>\n<li><strong>VOLTAJE:<\/strong> 100.00<\/li>\n<li><strong>MODELO ALFANUMERICO:<\/strong> Ecotank L6490<\/li>\n<li><strong>MODELO DETALLADO:<\/strong> Impresora multifuncional Epson ecotank L6490<\/li>\n<li><strong>CON WI-FI:<\/strong> SI<\/li>\n<li><strong>ES KIT:<\/strong> NO<\/li>\n<li><strong>ACCESORIOS INCLUIDOS:<\/strong> SI<\/li>\n<li><strong>CANTIDAD DE CARTUCHOS:<\/strong> 4<\/li>\n<li><strong>CANTIDAD DE CHAROLAS:<\/strong> 1<\/li>\n<li><strong>VELOCIDAD PROCESADOR:<\/strong> 0.00<\/li>\n<li><strong>VELOCIDAD DE IMPRESION EN COLOR:<\/strong> M\u00e1xima  color 23 ppm<br \/>\nNormal color 9.5 ISO ppm&quot;<\/li>\n<li><strong>VELOCIDAD DE IMPRESION EN BLANCO Y NEGRO:<\/strong> M\u00e1xima Negro 37 ppm<br \/>\nNormal Negro 17 ISO ppm&quot;<\/li>\n<li><strong>UNIDADES DE DIMENSI\u00d3N:<\/strong> cm<\/li>\n<li><strong>UNIDAD DE VELOCIDAD DEL PROCESADOR:<\/strong> N\/A<\/li>\n<li><strong>TIPOS DE PAPEL:<\/strong> folio, legal, carta, A4, ejecutivo, media carta, A6<\/li>\n<li><strong>CAPACIDAD M\u00c1XIMA DE HOJAS:<\/strong> <em>N\/A<\/em><\/li>\n<li><strong>TIPO DE PANTALLA:<\/strong> Lcd tactil a color 2.4&quot;<\/li>\n<li><strong>TIPO DE IMPRESORA:<\/strong> Impresora multifuncion, imprime, copia, escaner, fax, imprime doble cara, adf<\/li>\n<li><strong>TIPO DE IMPRESI\u00d3N:<\/strong> Inyeccion de tinta<\/li>\n<li><strong>CON BLUETOOTH:<\/strong> NO<\/li>\n<li><strong>CON USB:<\/strong> SI<\/li>\n<li><strong>TECNOLOG\u00cdA DE IMPRESI\u00d3N:<\/strong> Inyecci\u00f3n de tinta PrecisionCore\u00ae Heat-free de 4 colores (CMYK)<\/li>\n<li><strong>CONEXIONES M\u00d3VILES:<\/strong> Epson iPrintTM App (IOS, AndroidTM), Epson Email Print, Remote Print Driver, SMART PANEL<\/li>\n<li><strong>ES PORT\u00c1TIL:<\/strong> NO<\/li>\n<li><strong>TAMANOS DE PAPEL:<\/strong> Maximo legal 21.6 cm x 35.6 cm<\/li>\n<li><strong>UNIDAD DE PESO:<\/strong> kg<\/li>\n<li><strong>FUNCIONES DE LA IMPRESORA:<\/strong> Imprimir hojas sueltas, facturas, fotografias. Amplia y reduce, escaner oficio por adf, fax.<\/li>\n<li><strong>SKU:<\/strong> C11CJ88301<\/li>\n<li><strong>NOMBRE O DESCRIPCION:<\/strong> Impresora multifuncional inal\u00e1mbrica EcoTank con tanques de tinta rellenables econ\u00f3micos de alta capacidad ideal para negocios y grupos de trabajo,  La impresora multifuncional inal\u00e1mbrica EcoTank L6490 es la soluci\u00f3n perfecta para negocios que necesitan alta productividad de impresi\u00f3n a bajo costo, sin sacrificar calidad.<\/li>\n<li><strong>IMAGEN:<\/strong> Si<\/li>\n<li><strong>EAN:<\/strong> 0 10343 96527 0<\/li>\n<li><strong>SKU SIMPLE:<\/strong> C11CJ88301<\/li>\n<li><strong>PRECIO:<\/strong> N\/A<\/li>\n<li><strong>STOCK:<\/strong> N\/A<\/li>\n<li><strong>M\u00c9TODO DE ENV\u00cdO:<\/strong> N\/A<\/li>\n<li><strong>ANCHURA DEL PAQUETE DE ENV\u00cdO:<\/strong> 41.7<\/li>\n<li><strong>ALTURA DEL PAQUETE DE ENV\u00cdO:<\/strong> 34.6<\/li>\n<li><strong>LARGO DEL PAQUETE DE ENV\u00cdO:<\/strong> 50.3<\/li>\n<li><strong>PESO DEL PAQUETE:<\/strong> 7.3<\/li>\n<li><strong>CANAL EXCLUSIVO:<\/strong> N\/A<\/li>\n<li><strong>PRODUCTO NUEVO:<\/strong> SI<\/li>\n<li><strong>NOMBRE:<\/strong> Impresora EPSON Multifuncional Ecotank L6490 COLOR Blanco<\/li>\n<li><strong>CARACTERISTICAS:<\/strong> Impresora multifuncional inal\u00e1mbrica EcoTank con tanques de tinta rellenables econ\u00f3micos de alta capacidad ideal para negocios y grupos de trabajo,  La impresora multifuncional inal\u00e1mbrica EcoTank L6490 es la soluci\u00f3n perfecta para negocios que necesitan alta productividad de impresi\u00f3n a bajo costo, sin sacrificar calidad.<\/li>\n<\/ul>\n<\/div>\n","protected":false},"excerpt":{"rendered":"<p>Impresora multifuncional inal\u00e1mbrica EcoTank con tanques de tinta rellenables econ\u00f3micos de alta capacidad ideal para negocios y grupos de trabajo, La impresora multifuncional inal\u00e1mbrica EcoTank L6490 es la soluci\u00f3n perfecta<\/p>\n","protected":false},"featured_media":11029,"comment_status":"open","ping_status":"closed","template":"","meta":{"_monsterinsights_skip_tracking":false,"_monsterinsights_sitenote_active":false,"_monsterinsights_sitenote_note":"","_monsterinsights_sitenote_category":0},"aioseo_notices":[],"_links":{"self":[{"href":"https:\/\/hekalsoluciones.com\/hekalsoluciones\/wp-json\/wp\/v2\/product\/13007"}],"collection":[{"href":"https:\/\/hekalsoluciones.com\/hekalsoluciones\/wp-json\/wp\/v2\/product"}],"about":[{"href":"https:\/\/hekalsoluciones.com\/hekalsoluciones\/wp-json\/wp\/v2\/types\/product"}],"replies":[{"embeddable":true,"href":"https:\/\/hekalsoluciones.com\/hekalsoluciones\/wp-json\/wp\/v2\/comments?post=13007"}],"wp:featuredmedia":[{"embeddable":true,"href":"https:\/\/hekalsoluciones.com\/hekalsoluciones\/wp-json\/wp\/v2\/media\/11029"}],"wp:attachment":[{"href":"https:\/\/hekalsoluciones.com\/hekalsoluciones\/wp-json\/wp\/v2\/media?parent=13007"}],"curies":[{"name":"wp","href":"https:\/\/api.w.org\/{rel}","templated":true}]}}