{"id":13032,"date":"2026-02-23T21:43:14","date_gmt":"2026-02-23T21:43:14","guid":{"rendered":"https:\/\/hekalsoluciones.com\/hekalsoluciones\/producto\/mouse-genius-con-entrada-usb-optico-retractil-negro\/"},"modified":"2026-05-10T02:44:12","modified_gmt":"2026-05-10T02:44:12","slug":"mouse-genius-con-entrada-usb-optico-retractil-negro","status":"publish","type":"product","link":"https:\/\/hekalsoluciones.com\/hekalsoluciones\/producto\/mouse-genius-con-entrada-usb-optico-retractil-negro\/","title":{"rendered":"Mouse Genius, con entrada USB, optico retractil negro"},"content":{"rendered":"<p>Adaptado a tus movimientos, su dise\u00f1o eficaz hace de este mouse un elemento c\u00f3modo, con una gran experiencia de uso para aquellas personas que buscan seguridad en cada click. La funcionalidad al alcance de tu mano. El sistema de detecci\u00f3n de movimiento \u00f3ptico te permitir\u00e1 mover el cursor de una manera m\u00e1s precisa y sensible que en los sistemas tradicionales. Plug And Play. Solo debes colocar el receptor en un puerto USB de la computadora y ya puedes empezar a usarlo. No hace falta emparejar el mouse ni descargar software para utilizarlo. Apto para f\u00e1cil traslado. Navega r\u00e1pidamente por documentos y p\u00e1ginas web gracias su dise\u00f1o ultra delgado, ergon\u00f3mico, liviano y conveniente para llevar a donde quieras o viajar.<\/p>\n<div class=\"shopcommerce-product-attributes\">\n<h4>Especificaciones<\/h4>\n<ul class=\"product-specs\">\n<li><strong>CONDICI\u00d3N:<\/strong> NUEVO<\/li>\n<li><strong>COLOR:<\/strong> NEGRO<\/li>\n<li><strong>MARCA:<\/strong> GENIUS<\/li>\n<li><strong>MODELO:<\/strong> MICRO TRAVELER<\/li>\n<li><strong>L\u00cdNEA DE PRODUCTOS:<\/strong> N\/A<\/li>\n<li><strong>MODELO ALFANUMERICO:<\/strong> N\/A<\/li>\n<li><strong>MODELO DETALLADO:<\/strong> N\/A<\/li>\n<li><strong>FUENTE DEL PRODUCTO:<\/strong> N\/A<\/li>\n<li><strong>ES KIT:<\/strong> NO<\/li>\n<li><strong>ALCANCE MAXIMO EN CM:<\/strong> 0.00<\/li>\n<li><strong>ALCANCE MAXIMO EN M:<\/strong> 0.00<\/li>\n<li><strong>ALCANCE MAXIMO EN KM:<\/strong> 0.00<\/li>\n<li><strong>ALCANCE MAXIMO EN PIES:<\/strong> 0.00<\/li>\n<li><strong>TIPO DE SENSOR:<\/strong> OPTICO<\/li>\n<li><strong>TIPO DE MOUSE:<\/strong> ALAMBRICO<\/li>\n<li><strong>CON BLUETOOTH:<\/strong> NO<\/li>\n<li><strong>CON CABLE:<\/strong> SI<\/li>\n<li><strong>CON CABLE RETR\u00c1CTIL:<\/strong> SI<\/li>\n<li><strong>CON INTERRUPTOR DE AHORRO DE ENERG\u00cdA:<\/strong> NO<\/li>\n<li><strong>CON LUCES:<\/strong> NO<\/li>\n<li><strong>CON RUEDA DE DESPLAZAMIENTO:<\/strong> SI<\/li>\n<li><strong>TECNOLOG\u00cdA DEL SENSOR:<\/strong> OPTICO<\/li>\n<li><strong>ES INAL\u00c1MBRICO USB:<\/strong> NO<\/li>\n<li><strong>ES RECARGABLE:<\/strong> NO<\/li>\n<li><strong>RESOLUCI\u00d3N DEL SENSOR DEL MOUSE\u00a0DPI:<\/strong> 1000<\/li>\n<li><strong>RESOLUCI\u00d3N DEL SENSOR DEL MOUSE\u00a0PPI:<\/strong> <em>N\/A<\/em><\/li>\n<li><strong>RADIO FRECUENCIA:<\/strong> N\/A<\/li>\n<li><strong>NUMERO DE BOTONES:<\/strong> 2<\/li>\n<li><strong>INTERFACES:<\/strong> USB<\/li>\n<li><strong>INCLUYE MOUSEPAD:<\/strong> NO<\/li>\n<li><strong>SKU:<\/strong> 31010125100<\/li>\n<li><strong>NOMBRE O DESCRIPCION:<\/strong> Mouse Genius, con entrada USB, optico retractil negro<\/li>\n<li><strong>IMAGEN:<\/strong> SI<\/li>\n<li><strong>EAN:<\/strong> 4710268 227885<\/li>\n<li><strong>CANAL EXCLUSIVO:<\/strong> N\/A<\/li>\n<li><strong>PRODUCTO NUEVO:<\/strong> SI<\/li>\n<li><strong>CARACTERISTICAS:<\/strong> Adaptado a tus movimientos, su dise\u00f1o eficaz hace de este mouse un elemento c\u00f3modo, con una gran experiencia de uso para aquellas personas que buscan seguridad en cada click. La funcionalidad al alcance de tu mano. El sistema de detecci\u00f3n de movimiento \u00f3ptico te permitir\u00e1 mover el cursor de una manera m\u00e1s precisa y sensible que en los sistemas tradicionales. Plug And Play. Solo debes colocar el receptor en un puerto USB de la computadora y ya puedes empezar a usarlo. No hace falta emparejar el mouse ni descargar software para utilizarlo. Apto para f\u00e1cil traslado. Navega r\u00e1pidamente por documentos y p\u00e1ginas web gracias su dise\u00f1o ultra delgado, ergon\u00f3mico, liviano y conveniente para llevar a donde quieras o viajar.<\/li>\n<\/ul>\n<\/div>\n","protected":false},"excerpt":{"rendered":"<p>Adaptado a tus movimientos, su dise\u00f1o eficaz hace de este mouse un elemento c\u00f3modo, con una gran experiencia de uso para aquellas personas que buscan seguridad en cada click. La<\/p>\n","protected":false},"featured_media":11156,"comment_status":"open","ping_status":"closed","template":"","meta":{"_monsterinsights_skip_tracking":false,"_monsterinsights_sitenote_active":false,"_monsterinsights_sitenote_note":"","_monsterinsights_sitenote_category":0},"aioseo_notices":[],"_links":{"self":[{"href":"https:\/\/hekalsoluciones.com\/hekalsoluciones\/wp-json\/wp\/v2\/product\/13032"}],"collection":[{"href":"https:\/\/hekalsoluciones.com\/hekalsoluciones\/wp-json\/wp\/v2\/product"}],"about":[{"href":"https:\/\/hekalsoluciones.com\/hekalsoluciones\/wp-json\/wp\/v2\/types\/product"}],"replies":[{"embeddable":true,"href":"https:\/\/hekalsoluciones.com\/hekalsoluciones\/wp-json\/wp\/v2\/comments?post=13032"}],"wp:featuredmedia":[{"embeddable":true,"href":"https:\/\/hekalsoluciones.com\/hekalsoluciones\/wp-json\/wp\/v2\/media\/11156"}],"wp:attachment":[{"href":"https:\/\/hekalsoluciones.com\/hekalsoluciones\/wp-json\/wp\/v2\/media?parent=13032"}],"curies":[{"name":"wp","href":"https:\/\/api.w.org\/{rel}","templated":true}]}}