{"id":13206,"date":"2026-02-27T17:03:24","date_gmt":"2026-02-27T17:03:24","guid":{"rendered":"https:\/\/hekalsoluciones.com\/hekalsoluciones\/producto\/videoproyector-epson-powerlite-l260f-laser\/"},"modified":"2026-04-27T19:47:07","modified_gmt":"2026-04-27T19:47:07","slug":"videoproyector-epson-powerlite-l260f-laser","status":"publish","type":"product","link":"https:\/\/hekalsoluciones.com\/hekalsoluciones\/producto\/videoproyector-epson-powerlite-l260f-laser\/","title":{"rendered":"Videoproyector Epson PowerLite L260F L\u00e1ser"},"content":{"rendered":"<p>Videoproyector Epson PowerLite L260F L\u00e1ser \/Tecnolog\u00eda: 3LCD de 3 chips\/4.600 l\u00famenes en Blanco y Color -Resoluci\u00f3n Full HD 1080p 1366&#215;768 (16:10) (proporciona soporte inal\u00e1mbrico y Miracast\u00ae integrado), Fuente de luz l\u00e1ser de 20.000 horas sin l\u00e1mparas (Garant\u00eda de 3 a\u00f1os)<\/p>\n<div class=\"shopcommerce-product-attributes\">\n<h4>Especificaciones<\/h4>\n<ul class=\"product-specs\">\n<li><strong>ALTURA DEL PAQUETE DE ENV\u00cdO:<\/strong> <em>N\/A<\/em><\/li>\n<li><strong>NOMBRE:<\/strong> Videoproyector Epson PowerLite L260F L\u00e1ser<\/li>\n<\/ul>\n<\/div>\n","protected":false},"excerpt":{"rendered":"<p>Videoproyector Epson PowerLite L260F L\u00e1ser \/Tecnolog\u00eda: 3LCD de 3 chips\/4.600 l\u00famenes en Blanco y Color -Resoluci\u00f3n Full HD 1080p 1366&#215;768 (16:10) (proporciona soporte inal\u00e1mbrico y Miracast\u00ae integrado), Fuente de luz<\/p>\n","protected":false},"featured_media":13207,"comment_status":"open","ping_status":"closed","template":"","meta":{"_monsterinsights_skip_tracking":false,"_monsterinsights_sitenote_active":false,"_monsterinsights_sitenote_note":"","_monsterinsights_sitenote_category":0},"aioseo_notices":[],"_links":{"self":[{"href":"https:\/\/hekalsoluciones.com\/hekalsoluciones\/wp-json\/wp\/v2\/product\/13206"}],"collection":[{"href":"https:\/\/hekalsoluciones.com\/hekalsoluciones\/wp-json\/wp\/v2\/product"}],"about":[{"href":"https:\/\/hekalsoluciones.com\/hekalsoluciones\/wp-json\/wp\/v2\/types\/product"}],"replies":[{"embeddable":true,"href":"https:\/\/hekalsoluciones.com\/hekalsoluciones\/wp-json\/wp\/v2\/comments?post=13206"}],"wp:featuredmedia":[{"embeddable":true,"href":"https:\/\/hekalsoluciones.com\/hekalsoluciones\/wp-json\/wp\/v2\/media\/13207"}],"wp:attachment":[{"href":"https:\/\/hekalsoluciones.com\/hekalsoluciones\/wp-json\/wp\/v2\/media?parent=13206"}],"curies":[{"name":"wp","href":"https:\/\/api.w.org\/{rel}","templated":true}]}}