{"id":13210,"date":"2026-02-27T17:03:26","date_gmt":"2026-02-27T17:03:26","guid":{"rendered":"https:\/\/hekalsoluciones.com\/hekalsoluciones\/producto\/videoproyector-epson-powerlite-l210w-resolucion-wxga-laser-tecnologia-3lcd\/"},"modified":"2026-04-27T19:47:07","modified_gmt":"2026-04-27T19:47:07","slug":"videoproyector-epson-powerlite-l210w-resolucion-wxga-laser-tecnologia-3lcd","status":"publish","type":"product","link":"https:\/\/hekalsoluciones.com\/hekalsoluciones\/producto\/videoproyector-epson-powerlite-l210w-resolucion-wxga-laser-tecnologia-3lcd\/","title":{"rendered":"Videoproyector Epson PowerLite L210W Resoluci\u00f3n WXGA L\u00e1ser Tecnolog\u00eda 3LCD"},"content":{"rendered":"<p>Videoproyector Epson PowerLite L210W L\u00e1ser \/Tecnolog\u00eda: 3LCD de 3 chips\/4.500 l\u00famenes en Blanco y Color &#8211; Resoluci\u00f3n WXGA 1280&#215;800(16:10) (proporciona soporte inal\u00e1mbrico y Miracast\u00ae integrado), Fuente de luz l\u00e1ser de 20.000 horas sin l\u00e1mparas (Garant\u00eda de 3 a\u00f1os) Promueva la participaci\u00f3n en el aula con el vers\u00e1til proyector l\u00e1ser sin l\u00e1mpara PowerLite L210W. Con 4.500 l\u00famenes de brillo, el L210W ofrece im\u00e1genes vibrantes a todos en el aula a un valor excepcional. Dise\u00f1ado para su comodidad, esta soluci\u00f3n flexible cuenta con resoluci\u00f3n WXGA, produce una imagen hasta 16 veces m\u00e1s grande que una pantalla plana de 75 e incluye una fuente de luz l\u00e1ser de 20.000 horas pr\u00e1cticamente libre de mantenimiento, para un rendimiento simple y confiable.<\/p>\n<div class=\"shopcommerce-product-attributes\">\n<h4>Especificaciones<\/h4>\n<ul class=\"product-specs\">\n<li><strong>CONDICI\u00d3N:<\/strong> NUEVO<\/li>\n<li><strong>COLOR:<\/strong> BLANCO<\/li>\n<li><strong>NOMBRE O DESCRIPCION:<\/strong> Videoproyector Epson PowerLite L210W Resoluci\u00f3n WXGA L\u00e1ser Tecnolog\u00eda 3LCD<\/li>\n<li><strong>CARACTERISTICAS:<\/strong> Videoproyector Epson PowerLite L210W L\u00e1ser \/Tecnolog\u00eda: 3LCD de 3 chips\/4.500 l\u00famenes en Blanco y Color &#8211; Resoluci\u00f3n WXGA 1280&#215;800(16:10) (proporciona soporte inal\u00e1mbrico y Miracast\u00ae integrado), Fuente de luz l\u00e1ser de 20.000 horas sin l\u00e1mparas (Garant\u00eda de 3 a\u00f1os) Promueva la participaci\u00f3n en el aula con el vers\u00e1til proyector l\u00e1ser sin l\u00e1mpara PowerLite L210W. Con 4.500 l\u00famenes de brillo, el L210W ofrece im\u00e1genes vibrantes a todos en el aula a un valor excepcional. Dise\u00f1ado para su comodidad, esta soluci\u00f3n flexible cuenta con resoluci\u00f3n WXGA, produce una imagen hasta 16 veces m\u00e1s grande que una pantalla plana de 75&quot; e incluye una fuente de luz l\u00e1ser de 20.000 horas pr\u00e1cticamente libre de mantenimiento, para un rendimiento simple y confiable.<\/li>\n<li><strong>ALTURA DEL PAQUETE DE ENV\u00cdO:<\/strong> <em>N\/A<\/em><\/li>\n<li><strong>NOMBRE:<\/strong> Videoproyector Epson PowerLite L210W Resoluci\u00f3n WXGA L\u00e1ser Tecnolog\u00eda 3LCD<\/li>\n<\/ul>\n<\/div>\n","protected":false},"excerpt":{"rendered":"<p>Videoproyector Epson PowerLite L210W L\u00e1ser \/Tecnolog\u00eda: 3LCD de 3 chips\/4.500 l\u00famenes en Blanco y Color &#8211; Resoluci\u00f3n WXGA 1280&#215;800(16:10) (proporciona soporte inal\u00e1mbrico y Miracast\u00ae integrado), Fuente de luz l\u00e1ser de<\/p>\n","protected":false},"featured_media":13211,"comment_status":"open","ping_status":"closed","template":"","meta":{"_monsterinsights_skip_tracking":false,"_monsterinsights_sitenote_active":false,"_monsterinsights_sitenote_note":"","_monsterinsights_sitenote_category":0},"aioseo_notices":[],"_links":{"self":[{"href":"https:\/\/hekalsoluciones.com\/hekalsoluciones\/wp-json\/wp\/v2\/product\/13210"}],"collection":[{"href":"https:\/\/hekalsoluciones.com\/hekalsoluciones\/wp-json\/wp\/v2\/product"}],"about":[{"href":"https:\/\/hekalsoluciones.com\/hekalsoluciones\/wp-json\/wp\/v2\/types\/product"}],"replies":[{"embeddable":true,"href":"https:\/\/hekalsoluciones.com\/hekalsoluciones\/wp-json\/wp\/v2\/comments?post=13210"}],"wp:featuredmedia":[{"embeddable":true,"href":"https:\/\/hekalsoluciones.com\/hekalsoluciones\/wp-json\/wp\/v2\/media\/13211"}],"wp:attachment":[{"href":"https:\/\/hekalsoluciones.com\/hekalsoluciones\/wp-json\/wp\/v2\/media?parent=13210"}],"curies":[{"name":"wp","href":"https:\/\/api.w.org\/{rel}","templated":true}]}}