{"id":13214,"date":"2026-02-27T17:03:30","date_gmt":"2026-02-27T17:03:30","guid":{"rendered":"https:\/\/hekalsoluciones.com\/hekalsoluciones\/producto\/impresora-epson-workforce-pro-wf-m5399-monocromatica-de-sistema-de-bolsas-de-tinta\/"},"modified":"2026-04-29T18:48:33","modified_gmt":"2026-04-29T18:48:33","slug":"impresora-epson-workforce-pro-wf-m5399-monocromatica-de-sistema-de-bolsas-de-tinta","status":"publish","type":"product","link":"https:\/\/hekalsoluciones.com\/hekalsoluciones\/producto\/impresora-epson-workforce-pro-wf-m5399-monocromatica-de-sistema-de-bolsas-de-tinta\/","title":{"rendered":"Impresora Epson WorkForce Pro WF-M5399 Monocrom\u00e1tica de Sistema de Bolsas de tinta"},"content":{"rendered":"<p>Impresora Epson WorkForce Pro WF-M5399 Monocrom\u00e1tica  de Sistema de Bolsas de tinta\/Velocidad de impresi\u00f3n: 25 ppm ISO (negro)\/ salida r\u00e1pida de la primera p\u00e1gina para una impresi\u00f3n r\u00e1pida y sin problemas (4,8 s)\/Ciclo de trabajo mensual recomendado: 8.300 p\u00e1ginas al mes\/Maximo hasta 70.000 p\u00e1ginas al mes\/ D\u00faplex autom\u00e1tico: S\u00ed* (en tama\u00f1o carta y A4) \/ Conectividad est\u00e1ndar: USB de alta velocidad Inal\u00e1mbrica (802.11 b\/g\/n\/a\/ac\/k\/v\/r), Wi-Fi\u00ae; Wi-Fi Direct\u00ae, Ethernet al\u00e1mbrica (1000Base-T\/100Base-TX\/10Base-T)\/ (1 a\u00f1os de Garant\u00eda<\/p>\n","protected":false},"excerpt":{"rendered":"<p>Impresora Epson WorkForce Pro WF-M5399 Monocrom\u00e1tica de Sistema de Bolsas de tinta\/Velocidad de impresi\u00f3n: 25 ppm ISO (negro)\/ salida r\u00e1pida de la primera p\u00e1gina para una impresi\u00f3n r\u00e1pida y sin<\/p>\n","protected":false},"featured_media":10955,"comment_status":"open","ping_status":"closed","template":"","meta":{"_monsterinsights_skip_tracking":false,"_monsterinsights_sitenote_active":false,"_monsterinsights_sitenote_note":"","_monsterinsights_sitenote_category":0},"aioseo_notices":[],"_links":{"self":[{"href":"https:\/\/hekalsoluciones.com\/hekalsoluciones\/wp-json\/wp\/v2\/product\/13214"}],"collection":[{"href":"https:\/\/hekalsoluciones.com\/hekalsoluciones\/wp-json\/wp\/v2\/product"}],"about":[{"href":"https:\/\/hekalsoluciones.com\/hekalsoluciones\/wp-json\/wp\/v2\/types\/product"}],"replies":[{"embeddable":true,"href":"https:\/\/hekalsoluciones.com\/hekalsoluciones\/wp-json\/wp\/v2\/comments?post=13214"}],"wp:featuredmedia":[{"embeddable":true,"href":"https:\/\/hekalsoluciones.com\/hekalsoluciones\/wp-json\/wp\/v2\/media\/10955"}],"wp:attachment":[{"href":"https:\/\/hekalsoluciones.com\/hekalsoluciones\/wp-json\/wp\/v2\/media?parent=13214"}],"curies":[{"name":"wp","href":"https:\/\/api.w.org\/{rel}","templated":true}]}}