{"id":13244,"date":"2026-02-27T17:03:56","date_gmt":"2026-02-27T17:03:56","guid":{"rendered":"https:\/\/hekalsoluciones.com\/hekalsoluciones\/producto\/monitor-aoc-lcd-profesional-plano-27-ips-full-hd-1920-x-1080-120hz-1-ms-vga-hdmi-base-fija-kensington-lock-adaptive-sync-3-anos-de-garantia-y-1-ano-adicional-en-partes-electricas\/"},"modified":"2026-03-18T15:19:15","modified_gmt":"2026-03-18T15:19:15","slug":"monitor-aoc-lcd-profesional-plano-27-ips-full-hd-1920-x-1080-120hz-1-ms-vga-hdmi-base-fija-kensington-lock-adaptive-sync-3-anos-de-garantia-y-1-ano-adicional-en-partes-electricas","status":"publish","type":"product","link":"https:\/\/hekalsoluciones.com\/hekalsoluciones\/producto\/monitor-aoc-lcd-profesional-plano-27-ips-full-hd-1920-x-1080-120hz-1-ms-vga-hdmi-base-fija-kensington-lock-adaptive-sync-3-anos-de-garantia-y-1-ano-adicional-en-partes-electricas\/","title":{"rendered":"Monitor AOC LCD Profesional plano 27 IPS Full HD (1920 X 1080) \/ 120Hz \/ 1 ms \/ VGA \/ HDMI \/Base Fija \/ Kensington Lock \/ Adaptive Sync.\/3 a\u00f1os de garant\u00eda y 1 a\u00f1o adicional en partes el\u00e9ctricas"},"content":{"rendered":"<p>27B35H3 : Monitor AOC LCD Profesional plano 27 IPS Full HD (1920 X 1080) \/ 120Hz \/ 1 ms \/ VGA \/ HDMI \/Base Fija \/ Kensingto<\/p>\n","protected":false},"excerpt":{"rendered":"<p>27B35H3 : Monitor AOC LCD Profesional plano 27 IPS Full HD (1920 X 1080) \/ 120Hz \/ 1 ms \/ VGA \/ HDMI \/Base Fija \/ Kensingto<\/p>\n","protected":false},"featured_media":10955,"comment_status":"open","ping_status":"closed","template":"","meta":{"_monsterinsights_skip_tracking":false,"_monsterinsights_sitenote_active":false,"_monsterinsights_sitenote_note":"","_monsterinsights_sitenote_category":0},"aioseo_notices":[],"_links":{"self":[{"href":"https:\/\/hekalsoluciones.com\/hekalsoluciones\/wp-json\/wp\/v2\/product\/13244"}],"collection":[{"href":"https:\/\/hekalsoluciones.com\/hekalsoluciones\/wp-json\/wp\/v2\/product"}],"about":[{"href":"https:\/\/hekalsoluciones.com\/hekalsoluciones\/wp-json\/wp\/v2\/types\/product"}],"replies":[{"embeddable":true,"href":"https:\/\/hekalsoluciones.com\/hekalsoluciones\/wp-json\/wp\/v2\/comments?post=13244"}],"wp:featuredmedia":[{"embeddable":true,"href":"https:\/\/hekalsoluciones.com\/hekalsoluciones\/wp-json\/wp\/v2\/media\/10955"}],"wp:attachment":[{"href":"https:\/\/hekalsoluciones.com\/hekalsoluciones\/wp-json\/wp\/v2\/media?parent=13244"}],"curies":[{"name":"wp","href":"https:\/\/api.w.org\/{rel}","templated":true}]}}