{"id":13245,"date":"2026-02-27T17:03:57","date_gmt":"2026-02-27T17:03:57","guid":{"rendered":"https:\/\/hekalsoluciones.com\/hekalsoluciones\/producto\/monitor-aoc-led-profesional-plano-21-5-va-full-hd-1920-x-1080-120hz-1-ms-vga-hdmi-base-fija-kensington-lock-adaptive-sync-3-anos-de-garantia-y-1-ano-adicional-en-partes-electricas\/"},"modified":"2026-05-04T15:37:57","modified_gmt":"2026-05-04T15:37:57","slug":"monitor-aoc-led-profesional-plano-21-5-va-full-hd-1920-x-1080-120hz-1-ms-vga-hdmi-base-fija-kensington-lock-adaptive-sync-3-anos-de-garantia-y-1-ano-adicional-en-partes-electricas","status":"publish","type":"product","link":"https:\/\/hekalsoluciones.com\/hekalsoluciones\/producto\/monitor-aoc-led-profesional-plano-21-5-va-full-hd-1920-x-1080-120hz-1-ms-vga-hdmi-base-fija-kensington-lock-adaptive-sync-3-anos-de-garantia-y-1-ano-adicional-en-partes-electricas\/","title":{"rendered":"Monitor AOC LED Profesional plano 21.5 VA Full HD (1920 X 1080) \/ 120Hz \/ 1 ms \/ VGA \/ HDMI \/Base Fija \/ Kensington Lock \/ Adaptive Sync.\/3 a\u00f1os de garant\u00eda y 1 a\u00f1o adicional en partes el\u00e9ctricas"},"content":{"rendered":"<p>22B35HM23 : Monitor AOC LED Profesional plano 21.5 VA Full HD (1920 X 1080) \/ 120Hz \/ 1 ms \/ VGA \/ HDMI \/Base Fija \/ Kensin<\/p>\n<div class=\"shopcommerce-product-attributes\">\n<h4>Especificaciones<\/h4>\n<ul class=\"product-specs\">\n<li><strong>ACCESORIOS INCLUIDOS:<\/strong> <em>N\/A<\/em><\/li>\n<\/ul>\n<\/div>\n","protected":false},"excerpt":{"rendered":"<p>22B35HM23 : Monitor AOC LED Profesional plano 21.5 VA Full HD (1920 X 1080) \/ 120Hz \/ 1 ms \/ VGA \/ HDMI \/Base Fija \/ Kensin Especificaciones ACCESORIOS INCLUIDOS:<\/p>\n","protected":false},"featured_media":10955,"comment_status":"open","ping_status":"closed","template":"","meta":{"_monsterinsights_skip_tracking":false,"_monsterinsights_sitenote_active":false,"_monsterinsights_sitenote_note":"","_monsterinsights_sitenote_category":0},"aioseo_notices":[],"_links":{"self":[{"href":"https:\/\/hekalsoluciones.com\/hekalsoluciones\/wp-json\/wp\/v2\/product\/13245"}],"collection":[{"href":"https:\/\/hekalsoluciones.com\/hekalsoluciones\/wp-json\/wp\/v2\/product"}],"about":[{"href":"https:\/\/hekalsoluciones.com\/hekalsoluciones\/wp-json\/wp\/v2\/types\/product"}],"replies":[{"embeddable":true,"href":"https:\/\/hekalsoluciones.com\/hekalsoluciones\/wp-json\/wp\/v2\/comments?post=13245"}],"wp:featuredmedia":[{"embeddable":true,"href":"https:\/\/hekalsoluciones.com\/hekalsoluciones\/wp-json\/wp\/v2\/media\/10955"}],"wp:attachment":[{"href":"https:\/\/hekalsoluciones.com\/hekalsoluciones\/wp-json\/wp\/v2\/media?parent=13245"}],"curies":[{"name":"wp","href":"https:\/\/api.w.org\/{rel}","templated":true}]}}