{"id":13246,"date":"2026-02-27T17:03:57","date_gmt":"2026-02-27T17:03:57","guid":{"rendered":"https:\/\/hekalsoluciones.com\/hekalsoluciones\/producto\/impresora-ricoh-multifuncion-blanco-y-negro-laser-im-430f\/"},"modified":"2026-04-30T02:29:24","modified_gmt":"2026-04-30T02:29:24","slug":"impresora-ricoh-multifuncion-blanco-y-negro-laser-im-430f","status":"publish","type":"product","link":"https:\/\/hekalsoluciones.com\/hekalsoluciones\/producto\/impresora-ricoh-multifuncion-blanco-y-negro-laser-im-430f\/","title":{"rendered":"Impresora RICOH Multifunci\u00f3n Blanco Y Negro Laser IM 430F"},"content":{"rendered":"<p>Multifuncional monocromatica l\u00e1ser, D\u00faplex, Velocidad 45 ppm, Panel de operaci\u00f3n inteligente de 10.1, Resoluci\u00f3n 1200 x1200 ppp, Memoria 2 GB RAM, Disco duro 320 GB, Procesador de 1.46 MHz, Bandeja de 500 hojas, Alimentador de documentos de 50 hojas. Volumen mensual recomendado 10.000 impresiones, ciclo maximo mensual 150.000 impresiones. Viene con toner de fabrica para 17.400 impresiones.<\/p>\n<div class=\"shopcommerce-product-attributes\">\n<h4>Especificaciones<\/h4>\n<ul class=\"product-specs\">\n<li><strong>CONDICI\u00d3N:<\/strong> NUEVO<\/li>\n<li><strong>COLOR:<\/strong> BLANCO<\/li>\n<li><strong>MARCA:<\/strong> RICOH<\/li>\n<li><strong>MODELO:<\/strong> IM 430F<\/li>\n<li><strong>L\u00cdNEA DE PRODUCTOS:<\/strong> Multifuncional Monocromatica Laser<\/li>\n<li><strong>VOLTAJE:<\/strong> 120.00<\/li>\n<li><strong>MODELO ALFANUMERICO:<\/strong> 418490<\/li>\n<li><strong>MODELO DETALLADO:<\/strong> N\/A<\/li>\n<li><strong>CON WI-FI:<\/strong> NO<\/li>\n<li><strong>ES KIT:<\/strong> NO<\/li>\n<li><strong>ACCESORIOS INCLUIDOS:<\/strong> SI<\/li>\n<li><strong>CANTIDAD DE CARTUCHOS:<\/strong> 2<\/li>\n<li><strong>CANTIDAD DE CHAROLAS:<\/strong> <em>N\/A<\/em><\/li>\n<li><strong>VELOCIDAD PROCESADOR:<\/strong> 1.46<\/li>\n<li><strong>VELOCIDAD DE IMPRESION EN COLOR:<\/strong> N\/A<\/li>\n<li><strong>VELOCIDAD DE IMPRESION EN BLANCO Y NEGRO:<\/strong> 45<\/li>\n<li><strong>UNIDADES DE DIMENSI\u00d3N:<\/strong> CM<\/li>\n<li><strong>UNIDAD DE VELOCIDAD DEL PROCESADOR:<\/strong> GHz<\/li>\n<li><strong>TIPOS DE PAPEL:<\/strong> Com\u00fan, reciclado, especial, a color, membrete, cartulina, preimpreso, bond, revestido, sobre, etiqueta, OHP<\/li>\n<li><strong>CAPACIDAD M\u00c1XIMA DE HOJAS:<\/strong> 500<\/li>\n<li><strong>TIPO DE PANTALLA:<\/strong> Smart Operation Panel 10,1\u2033<\/li>\n<li><strong>TIPO DE IMPRESORA:<\/strong> Laser<\/li>\n<li><strong>TIPO DE IMPRESI\u00d3N:<\/strong> L\u00e1ser<\/li>\n<li><strong>CON BLUETOOTH:<\/strong> NO<\/li>\n<li><strong>CON USB:<\/strong> SI<\/li>\n<li><strong>TECNOLOG\u00cdA DE IMPRESI\u00d3N:<\/strong> Multifuncional<\/li>\n<li><strong>CONEXIONES M\u00d3VILES:<\/strong> SI<\/li>\n<li><strong>ES PORT\u00c1TIL:<\/strong> NO<\/li>\n<li><strong>TAMANOS DE PAPEL:<\/strong> Carta, Oficio<\/li>\n<li><strong>UNIDAD DE PESO:<\/strong> KG<\/li>\n<li><strong>FUNCIONES DE LA IMPRESORA:<\/strong> Imprimir, Copiar, Escanear y Fax<\/li>\n<li><strong>SKU:<\/strong> 418490<\/li>\n<li><strong>NOMBRE O DESCRIPCION:<\/strong> Multifuncional monocromatica l\u00e1ser, D\u00faplex, Velocidad 45 ppm, Panel de operaci\u00f3n inteligente de 10.1&quot;, Resoluci\u00f3n 1200 x1200 ppp, Memoria 2 GB RAM, Disco duro 320 GB, Procesador de 1.46 MHz, Bandeja de 500 hojas, Alimentador de documentos de 50 hojas. Volumen mensual recomendado 10.000 impresiones, ciclo maximo mensual 150.000 impresiones. Viene con toner de fabrica para 17.400 impresiones.<\/li>\n<li><strong>IMAGEN:<\/strong> SI<\/li>\n<li><strong>EAN:<\/strong> SI<\/li>\n<li><strong>SKU SIMPLE:<\/strong> 418490<\/li>\n<li><strong>PRECIO:<\/strong> N\/A<\/li>\n<li><strong>STOCK:<\/strong> si<\/li>\n<li><strong>M\u00c9TODO DE ENV\u00cdO:<\/strong> N\/A<\/li>\n<li><strong>ANCHURA DEL PAQUETE DE ENV\u00cdO:<\/strong> 20,8<\/li>\n<li><strong>ALTURA DEL PAQUETE DE ENV\u00cdO:<\/strong> 22,1<\/li>\n<li><strong>LARGO DEL PAQUETE DE ENV\u00cdO:<\/strong> 19,4<\/li>\n<li><strong>PESO DEL PAQUETE:<\/strong> 30,5<\/li>\n<li><strong>CANAL EXCLUSIVO:<\/strong> N\/A<\/li>\n<li><strong>PRODUCTO NUEVO:<\/strong> SI<\/li>\n<li><strong>NOMBRE:<\/strong> Impresora RICOH Multifunci\u00f3n Blanco Y Negro Laser IM 430F<\/li>\n<li><strong>CARACTERISTICAS:<\/strong> Multifuncional monocromatica l\u00e1ser, D\u00faplex, Velocidad 45 ppm, Panel de operaci\u00f3n inteligente de 10.1&quot;, Resoluci\u00f3n 1200 x1200 ppp, Memoria 2 GB RAM, Disco duro 320 GB, Procesador de 1.46 MHz, Bandeja de 500 hojas, Alimentador de documentos de 50 hojas. Volumen mensual recomendado 10.000 impresiones, ciclo maximo mensual 150.000 impresiones. Viene con toner de fabrica para 17.400 impresiones.<\/li>\n<\/ul>\n<\/div>\n","protected":false},"excerpt":{"rendered":"<p>Multifuncional monocromatica l\u00e1ser, D\u00faplex, Velocidad 45 ppm, Panel de operaci\u00f3n inteligente de 10.1, Resoluci\u00f3n 1200 x1200 ppp, Memoria 2 GB RAM, Disco duro 320 GB, Procesador de 1.46 MHz, Bandeja<\/p>\n","protected":false},"featured_media":13247,"comment_status":"open","ping_status":"closed","template":"","meta":{"_monsterinsights_skip_tracking":false,"_monsterinsights_sitenote_active":false,"_monsterinsights_sitenote_note":"","_monsterinsights_sitenote_category":0},"aioseo_notices":[],"_links":{"self":[{"href":"https:\/\/hekalsoluciones.com\/hekalsoluciones\/wp-json\/wp\/v2\/product\/13246"}],"collection":[{"href":"https:\/\/hekalsoluciones.com\/hekalsoluciones\/wp-json\/wp\/v2\/product"}],"about":[{"href":"https:\/\/hekalsoluciones.com\/hekalsoluciones\/wp-json\/wp\/v2\/types\/product"}],"replies":[{"embeddable":true,"href":"https:\/\/hekalsoluciones.com\/hekalsoluciones\/wp-json\/wp\/v2\/comments?post=13246"}],"wp:featuredmedia":[{"embeddable":true,"href":"https:\/\/hekalsoluciones.com\/hekalsoluciones\/wp-json\/wp\/v2\/media\/13247"}],"wp:attachment":[{"href":"https:\/\/hekalsoluciones.com\/hekalsoluciones\/wp-json\/wp\/v2\/media?parent=13246"}],"curies":[{"name":"wp","href":"https:\/\/api.w.org\/{rel}","templated":true}]}}