{"id":13347,"date":"2026-02-27T17:08:37","date_gmt":"2026-02-27T17:08:37","guid":{"rendered":"https:\/\/hekalsoluciones.com\/hekalsoluciones\/producto\/mouse-inalambrico-genius-2-4-ghz-blueeye-bateria-aa-color-azul\/"},"modified":"2026-03-29T01:32:52","modified_gmt":"2026-03-29T01:32:52","slug":"mouse-inalambrico-genius-2-4-ghz-blueeye-bateria-aa-color-azul","status":"publish","type":"product","link":"https:\/\/hekalsoluciones.com\/hekalsoluciones\/producto\/mouse-inalambrico-genius-2-4-ghz-blueeye-bateria-aa-color-azul\/","title":{"rendered":"Mouse Inal\u00e1mbrico GENIUS 2.4 GHz BlueEye Bater\u00eda AA COLOR Azul"},"content":{"rendered":"<p>Este mouse inal\u00e1mbrico es vers\u00e1til y es compatible con varios sistemas operativos, lo que lo hace adecuado para usuarios que utilizan tanto Windows como macOS. La capacidad de ajustar la resoluci\u00f3n DPI y el soporte para la aplicaci\u00f3n SmartGenius sugieren que este mouse permite cierto nivel de personalizaci\u00f3n para adaptarse a las preferencias del usuario.<\/p>\n<div class=\"shopcommerce-product-attributes\">\n<h4>Especificaciones<\/h4>\n<ul class=\"product-specs\">\n<li><strong>CONDICI\u00d3N:<\/strong> NUEVO<\/li>\n<li><strong>COLOR:<\/strong> AZUL<\/li>\n<li><strong>MARCA:<\/strong> GENIUS<\/li>\n<li><strong>MODELO:<\/strong> NX7000<\/li>\n<li><strong>L\u00cdNEA DE PRODUCTOS:<\/strong> MOUSE<\/li>\n<li><strong>MODELO ALFANUMERICO:<\/strong> N\/A<\/li>\n<li><strong>MODELO DETALLADO:<\/strong> NX7000<\/li>\n<li><strong>FUENTE DEL PRODUCTO:<\/strong> N\/A<\/li>\n<li><strong>ES KIT:<\/strong> NO<\/li>\n<li><strong>ALCANCE MAXIMO EN CM:<\/strong> 0.00<\/li>\n<li><strong>ALCANCE MAXIMO EN M:<\/strong> 0.00<\/li>\n<li><strong>ALCANCE MAXIMO EN KM:<\/strong> 0.00<\/li>\n<li><strong>ALCANCE MAXIMO EN PIES:<\/strong> 0.00<\/li>\n<li><strong>TIPO DE SENSOR:<\/strong> OJO AZUL<\/li>\n<li><strong>TIPO DE MOUSE:<\/strong> INALAMBRICO<\/li>\n<li><strong>CON BLUETOOTH:<\/strong> NO<\/li>\n<li><strong>CON CABLE:<\/strong> NO<\/li>\n<li><strong>CON CABLE RETR\u00c1CTIL:<\/strong> NO<\/li>\n<li><strong>CON INTERRUPTOR DE AHORRO DE ENERG\u00cdA:<\/strong> NO<\/li>\n<li><strong>CON LUCES:<\/strong> NO<\/li>\n<li><strong>CON RUEDA DE DESPLAZAMIENTO:<\/strong> SI<\/li>\n<li><strong>TECNOLOG\u00cdA DEL SENSOR:<\/strong> OJO AZUL<\/li>\n<li><strong>ES INAL\u00c1MBRICO USB:<\/strong> SI<\/li>\n<li><strong>ES RECARGABLE:<\/strong> NO<\/li>\n<li><strong>RESOLUCI\u00d3N DEL SENSOR DEL MOUSE\u00a0DPI:<\/strong> 1200 (SmartGenius APP : 800, 1200, 1600)<\/li>\n<li><strong>RESOLUCI\u00d3N DEL SENSOR DEL MOUSE\u00a0PPI:<\/strong> 1200<\/li>\n<li><strong>RADIO FRECUENCIA:<\/strong> 2.4 GHz<\/li>\n<li><strong>NUMERO DE BOTONES:<\/strong> 3<\/li>\n<li><strong>INTERFACES:<\/strong> USB<\/li>\n<li><strong>INCLUYE MOUSEPAD:<\/strong> NO<\/li>\n<li><strong>SKU:<\/strong> 31030027402<\/li>\n<li><strong>NOMBRE O DESCRIPCION:<\/strong> Mouse Inal\u00e1mbrico GENIUS 2.4 GHz BlueEye Bater\u00eda AA COLOR Azul<\/li>\n<li><strong>EAN:<\/strong> 4710268250845<\/li>\n<li><strong>CARACTERISTICAS:<\/strong> Este mouse inal\u00e1mbrico es vers\u00e1til y es compatible con varios sistemas operativos, lo que lo hace adecuado para usuarios que utilizan tanto Windows como macOS. La capacidad de ajustar la resoluci\u00f3n DPI y el soporte para la aplicaci\u00f3n SmartGenius sugieren que este mouse permite cierto nivel de personalizaci\u00f3n para adaptarse a las preferencias del usuario.<\/li>\n<\/ul>\n<\/div>\n","protected":false},"excerpt":{"rendered":"<p>Este mouse inal\u00e1mbrico es vers\u00e1til y es compatible con varios sistemas operativos, lo que lo hace adecuado para usuarios que utilizan tanto Windows como macOS. La capacidad de ajustar la<\/p>\n","protected":false},"featured_media":13348,"comment_status":"open","ping_status":"closed","template":"","meta":{"_monsterinsights_skip_tracking":false,"_monsterinsights_sitenote_active":false,"_monsterinsights_sitenote_note":"","_monsterinsights_sitenote_category":0},"aioseo_notices":[],"_links":{"self":[{"href":"https:\/\/hekalsoluciones.com\/hekalsoluciones\/wp-json\/wp\/v2\/product\/13347"}],"collection":[{"href":"https:\/\/hekalsoluciones.com\/hekalsoluciones\/wp-json\/wp\/v2\/product"}],"about":[{"href":"https:\/\/hekalsoluciones.com\/hekalsoluciones\/wp-json\/wp\/v2\/types\/product"}],"replies":[{"embeddable":true,"href":"https:\/\/hekalsoluciones.com\/hekalsoluciones\/wp-json\/wp\/v2\/comments?post=13347"}],"wp:featuredmedia":[{"embeddable":true,"href":"https:\/\/hekalsoluciones.com\/hekalsoluciones\/wp-json\/wp\/v2\/media\/13348"}],"wp:attachment":[{"href":"https:\/\/hekalsoluciones.com\/hekalsoluciones\/wp-json\/wp\/v2\/media?parent=13347"}],"curies":[{"name":"wp","href":"https:\/\/api.w.org\/{rel}","templated":true}]}}