{"id":13444,"date":"2026-02-27T17:30:09","date_gmt":"2026-02-27T17:30:09","guid":{"rendered":"https:\/\/hekalsoluciones.com\/hekalsoluciones\/producto\/combo-teclado-slim-8230-inalambrico\/"},"modified":"2026-05-10T02:44:15","modified_gmt":"2026-05-10T02:44:15","slug":"combo-teclado-slim-8230-inalambrico","status":"publish","type":"product","link":"https:\/\/hekalsoluciones.com\/hekalsoluciones\/producto\/combo-teclado-slim-8230-inalambrico\/","title":{"rendered":"COMBO TECLADO SLIM 8230 INALAMBRICO\/"},"content":{"rendered":"<p>COMBO TECLADO  8230  INALAMBRICO\/Frecuencia RF\t2.4 GHz\/Tipo de tecla Chocolate\/Multi-Dispositivo 3\/9 teclas de acceso r\u00e1pido\/Teclas multimedia No\/Motor de sensor de rat\u00f3n \u00d3ptico\/Resoluci\u00f3n del rat\u00f3n (DPI) 1000\/Rat\u00f3n n\u00famero de botones3 (izquierda, derecha, bot\u00f3n central con desplazamiento)<\/p>\n<div class=\"shopcommerce-product-attributes\">\n<h4>Especificaciones<\/h4>\n<ul class=\"product-specs\">\n<li><strong>CONDICI\u00d3N:<\/strong> NUEVO<\/li>\n<li><strong>COLOR:<\/strong> NEGRO<\/li>\n<li><strong>MARCA:<\/strong> GENIUS<\/li>\n<li><strong>MODELO:<\/strong> COMBO TECLADO  SLIM 8230  INALAMBRICO\/<\/li>\n<li><strong>FUENTE DEL PRODUCTO:<\/strong> N\/A<\/li>\n<li><strong>ES KIT:<\/strong> SI<\/li>\n<li><strong>UNIDADES DE DIMENSI\u00d3N:<\/strong> <em>N\/A<\/em><\/li>\n<li><strong>CON USB:<\/strong> SI<\/li>\n<li><strong>ES GAMER:<\/strong> NO<\/li>\n<li><strong>ES INAL\u00c1MBRICO:<\/strong> SI<\/li>\n<li><strong>ES RECARGABLE:<\/strong> NO<\/li>\n<li><strong>RESOLUCI\u00d3N DEL SENSOR DEL MOUSE\u00a0DPI:<\/strong> 1200<\/li>\n<li><strong>RESOLUCI\u00d3N DEL SENSOR DEL MOUSE\u00a0PPI:<\/strong> 1200<\/li>\n<li><strong>UNIDAD DE PESO:<\/strong> N\/A<\/li>\n<li><strong>INCLUYE MOUSEPAD:<\/strong> NO<\/li>\n<li><strong>INCLUYE AURICULARES:<\/strong> NO<\/li>\n<li><strong>SKU:<\/strong> 31340015407<\/li>\n<li><strong>NOMBRE O DESCRIPCION:<\/strong> COMBO TECLADO  SLIM 8230  INALAMBRICO\/<\/li>\n<li><strong>CARACTERISTICAS:<\/strong> COMBO TECLADO  8230  INALAMBRICO\/Frecuencia RF\t2.4 GHz\/Tipo de tecla Chocolate\/Multi-Dispositivo 3\/9 teclas de acceso r\u00e1pido\/Teclas multimedia No\/Motor de sensor de rat\u00f3n \u00d3ptico\/Resoluci\u00f3n del rat\u00f3n (DPI) 1000\/Rat\u00f3n n\u00famero de botones3 (izquierda, derecha, bot\u00f3n central con desplazamiento)<\/li>\n<li><strong>EAN:<\/strong> 5053118411430<\/li>\n<li><strong>SKU SIMPLE:<\/strong> 31340015407<\/li>\n<li><strong>ANCHURA DEL PAQUETE DE ENV\u00cdO:<\/strong> <em>N\/A<\/em><\/li>\n<li><strong>ALTURA DEL PAQUETE DE ENV\u00cdO:<\/strong> N\/A<\/li>\n<li><strong>LARGO DEL PAQUETE DE ENV\u00cdO:<\/strong> N\/A<\/li>\n<li><strong>PESO DEL PAQUETE:<\/strong> N\/A<\/li>\n<\/ul>\n<\/div>\n","protected":false},"excerpt":{"rendered":"<p>COMBO TECLADO 8230 INALAMBRICO\/Frecuencia RF 2.4 GHz\/Tipo de tecla Chocolate\/Multi-Dispositivo 3\/9 teclas de acceso r\u00e1pido\/Teclas multimedia No\/Motor de sensor de rat\u00f3n \u00d3ptico\/Resoluci\u00f3n del rat\u00f3n (DPI) 1000\/Rat\u00f3n n\u00famero de botones3 (izquierda,<\/p>\n","protected":false},"featured_media":11211,"comment_status":"open","ping_status":"closed","template":"","meta":{"_monsterinsights_skip_tracking":false,"_monsterinsights_sitenote_active":false,"_monsterinsights_sitenote_note":"","_monsterinsights_sitenote_category":0},"aioseo_notices":[],"_links":{"self":[{"href":"https:\/\/hekalsoluciones.com\/hekalsoluciones\/wp-json\/wp\/v2\/product\/13444"}],"collection":[{"href":"https:\/\/hekalsoluciones.com\/hekalsoluciones\/wp-json\/wp\/v2\/product"}],"about":[{"href":"https:\/\/hekalsoluciones.com\/hekalsoluciones\/wp-json\/wp\/v2\/types\/product"}],"replies":[{"embeddable":true,"href":"https:\/\/hekalsoluciones.com\/hekalsoluciones\/wp-json\/wp\/v2\/comments?post=13444"}],"wp:featuredmedia":[{"embeddable":true,"href":"https:\/\/hekalsoluciones.com\/hekalsoluciones\/wp-json\/wp\/v2\/media\/11211"}],"wp:attachment":[{"href":"https:\/\/hekalsoluciones.com\/hekalsoluciones\/wp-json\/wp\/v2\/media?parent=13444"}],"curies":[{"name":"wp","href":"https:\/\/api.w.org\/{rel}","templated":true}]}}