{"id":13453,"date":"2026-02-27T17:30:17","date_gmt":"2026-02-27T17:30:17","guid":{"rendered":"https:\/\/hekalsoluciones.com\/hekalsoluciones\/producto\/combo-teclado-genius-mouse-alambrico-km-160-color-negro\/"},"modified":"2026-03-29T01:32:53","modified_gmt":"2026-03-29T01:32:53","slug":"combo-teclado-genius-mouse-alambrico-km-160-color-negro","status":"publish","type":"product","link":"https:\/\/hekalsoluciones.com\/hekalsoluciones\/producto\/combo-teclado-genius-mouse-alambrico-km-160-color-negro\/","title":{"rendered":"Combo Teclado GENIUS + Mouse Al\u00e1mbrico KM-160 COLOR Negro"},"content":{"rendered":"<p>Combo Genius KM-160 al\u00e1mbrico, KM-160 Kit cl\u00e1sico para escritorio Curva perfecta, descansa su mu\u00f1eca Dise\u00f1o ergon\u00f3mico, el mouse le proporciona una c\u00f3moda experiencia de uso. Movimiento r\u00e1pido y sensible, USB, resistente a salpicaduras de l\u00edquidos, teclas c\u00f3ncavas, impresi\u00f3n laser para mayor duraci\u00f3n en teclas, indicador de may\u00fascula y teclado num\u00e9rico, mouse \u00f3ptico, 1000 DPI. 3 botones. Largo de cable 1.5 mts. Espa\u00f1ol. Compatible Windows 7, 8, 8.1, 10 o superior \/ Mac OS X 10.8 o superior.<\/p>\n<div class=\"shopcommerce-product-attributes\">\n<h4>Especificaciones<\/h4>\n<ul class=\"product-specs\">\n<li><strong>CONDICI\u00d3N:<\/strong> NUEVO<\/li>\n<li><strong>COLOR:<\/strong> NEGRO<\/li>\n<li><strong>MARCA:<\/strong> GENIUS<\/li>\n<li><strong>MODELO:<\/strong> KM-160<\/li>\n<li><strong>FUENTE DEL PRODUCTO:<\/strong> N\/A<\/li>\n<li><strong>ES KIT:<\/strong> SI<\/li>\n<li><strong>UNIDADES DE DIMENSI\u00d3N:<\/strong> CM<\/li>\n<li><strong>CON USB:<\/strong> SI<\/li>\n<li><strong>ES GAMER:<\/strong> NO<\/li>\n<li><strong>ES INAL\u00c1MBRICO:<\/strong> NO<\/li>\n<li><strong>ES RECARGABLE:<\/strong> NO<\/li>\n<li><strong>RESOLUCI\u00d3N DEL SENSOR DEL MOUSE\u00a0DPI:<\/strong> 1200<\/li>\n<li><strong>RESOLUCI\u00d3N DEL SENSOR DEL MOUSE\u00a0PPI:<\/strong> <em>N\/A<\/em><\/li>\n<li><strong>UNIDAD DE PESO:<\/strong> KG<\/li>\n<li><strong>INCLUYE MOUSEPAD:<\/strong> NO<\/li>\n<li><strong>INCLUYE AURICULARES:<\/strong> NO<\/li>\n<li><strong>SKU:<\/strong> 31330001414<\/li>\n<li><strong>NOMBRE O DESCRIPCION:<\/strong> Combo Teclado GENIUS + Mouse Al\u00e1mbrico KM-160 COLOR Negro<\/li>\n<li><strong>IMAGEN:<\/strong> SI<\/li>\n<li><strong>EAN:<\/strong> 4710268256175<\/li>\n<li><strong>SKU SIMPLE:<\/strong> N\/A<\/li>\n<li><strong>PRECIO:<\/strong> N\/A<\/li>\n<li><strong>STOCK:<\/strong> SI<\/li>\n<li><strong>M\u00c9TODO DE ENV\u00cdO:<\/strong> N\/A<\/li>\n<li><strong>ANCHURA DEL PAQUETE DE ENV\u00cdO:<\/strong> N\/A<\/li>\n<li><strong>ALTURA DEL PAQUETE DE ENV\u00cdO:<\/strong> N\/A<\/li>\n<li><strong>LARGO DEL PAQUETE DE ENV\u00cdO:<\/strong> N\/A<\/li>\n<li><strong>PESO DEL PAQUETE:<\/strong> 85g<\/li>\n<li><strong>PRODUCTO NUEVO:<\/strong> SI<\/li>\n<li><strong>CARACTERISTICAS:<\/strong> Combo Genius KM-160 al\u00e1mbrico, KM-160 Kit cl\u00e1sico para escritorio Curva perfecta, descansa su mu\u00f1eca Dise\u00f1o ergon\u00f3mico, el mouse le proporciona una c\u00f3moda experiencia de uso. Movimiento r\u00e1pido y sensible, USB, resistente a salpicaduras de l\u00edquidos, teclas c\u00f3ncavas, impresi\u00f3n laser para mayor duraci\u00f3n en teclas, indicador de may\u00fascula y teclado num\u00e9rico, mouse \u00f3ptico, 1000 DPI. 3 botones. Largo de cable 1.5 mts. Espa\u00f1ol. Compatible Windows 7, 8, 8.1, 10 o superior \/ Mac OS X 10.8 o superior.<\/li>\n<\/ul>\n<\/div>\n","protected":false},"excerpt":{"rendered":"<p>Combo Genius KM-160 al\u00e1mbrico, KM-160 Kit cl\u00e1sico para escritorio Curva perfecta, descansa su mu\u00f1eca Dise\u00f1o ergon\u00f3mico, el mouse le proporciona una c\u00f3moda experiencia de uso. Movimiento r\u00e1pido y sensible, USB,<\/p>\n","protected":false},"featured_media":11208,"comment_status":"open","ping_status":"closed","template":"","meta":{"_monsterinsights_skip_tracking":false,"_monsterinsights_sitenote_active":false,"_monsterinsights_sitenote_note":"","_monsterinsights_sitenote_category":0},"aioseo_notices":[],"_links":{"self":[{"href":"https:\/\/hekalsoluciones.com\/hekalsoluciones\/wp-json\/wp\/v2\/product\/13453"}],"collection":[{"href":"https:\/\/hekalsoluciones.com\/hekalsoluciones\/wp-json\/wp\/v2\/product"}],"about":[{"href":"https:\/\/hekalsoluciones.com\/hekalsoluciones\/wp-json\/wp\/v2\/types\/product"}],"replies":[{"embeddable":true,"href":"https:\/\/hekalsoluciones.com\/hekalsoluciones\/wp-json\/wp\/v2\/comments?post=13453"}],"wp:featuredmedia":[{"embeddable":true,"href":"https:\/\/hekalsoluciones.com\/hekalsoluciones\/wp-json\/wp\/v2\/media\/11208"}],"wp:attachment":[{"href":"https:\/\/hekalsoluciones.com\/hekalsoluciones\/wp-json\/wp\/v2\/media?parent=13453"}],"curies":[{"name":"wp","href":"https:\/\/api.w.org\/{rel}","templated":true}]}}