{"id":13471,"date":"2026-02-27T17:30:33","date_gmt":"2026-02-27T17:30:33","guid":{"rendered":"https:\/\/hekalsoluciones.com\/hekalsoluciones\/producto\/combo-teclado-mouse-logitech-inalambrico-multidispositivo-mk850-color-negro\/"},"modified":"2026-03-18T18:22:43","modified_gmt":"2026-03-18T18:22:43","slug":"combo-teclado-mouse-logitech-inalambrico-multidispositivo-mk850-color-negro","status":"publish","type":"product","link":"https:\/\/hekalsoluciones.com\/hekalsoluciones\/producto\/combo-teclado-mouse-logitech-inalambrico-multidispositivo-mk850-color-negro\/","title":{"rendered":"Combo Teclado + Mouse LOGITECH Inal\u00e1mbrico Multidispositivo MK850 COLOR Negro"},"content":{"rendered":"<p>El combo de teclado y mouse Logitech esta centrado en proporcionar comodidad y precisi\u00f3n en el uso diario. La inclusi\u00f3n de caracter\u00edsticas como el reposa mu\u00f1ecas y el sensor \u00f3ptico de alta precisi\u00f3n sugiere que est\u00e1 dise\u00f1ado para mejorar la experiencia del usuario en diversas actividades, haciendo que tanto la escritura como el control del cursor sean m\u00e1s c\u00f3modos y precisos.<\/p>\n<div class=\"shopcommerce-product-attributes\">\n<h4>Especificaciones<\/h4>\n<ul class=\"product-specs\">\n<li><strong>CONDICI\u00d3N:<\/strong> NUEVO<\/li>\n<li><strong>COLOR:<\/strong> NEGRO<\/li>\n<li><strong>MARCA:<\/strong> logitech<\/li>\n<li><strong>MODELO:<\/strong> 920-008659<\/li>\n<li><strong>FUENTE DEL PRODUCTO:<\/strong> N\/A<\/li>\n<li><strong>ES KIT:<\/strong> SI<\/li>\n<li><strong>UNIDADES DE DIMENSI\u00d3N:<\/strong> MM<\/li>\n<li><strong>CON USB:<\/strong> SI<\/li>\n<li><strong>ES GAMER:<\/strong> NO<\/li>\n<li><strong>ES INAL\u00c1MBRICO:<\/strong> SI<\/li>\n<li><strong>ES RECARGABLE:<\/strong> NO<\/li>\n<li><strong>RESOLUCI\u00d3N DEL SENSOR DEL MOUSE\u00a0DPI:<\/strong> 1000 dpi<\/li>\n<li><strong>RESOLUCI\u00d3N DEL SENSOR DEL MOUSE\u00a0PPI:<\/strong> <em>N\/A<\/em><\/li>\n<li><strong>UNIDAD DE PESO:<\/strong> GR<\/li>\n<li><strong>INCLUYE MOUSEPAD:<\/strong> NO<\/li>\n<li><strong>INCLUYE AURICULARES:<\/strong> NO<\/li>\n<li><strong>SKU:<\/strong> 920-008659<\/li>\n<li><strong>NOMBRE O DESCRIPCION:<\/strong> Combo Teclado + Mouse LOGITECH Inal\u00e1mbrico Multidispositivo MK850 COLOR Negro<\/li>\n<li><strong>IMAGEN:<\/strong> SI<\/li>\n<li><strong>EAN:<\/strong> 10097855134933<\/li>\n<li><strong>SKU SIMPLE:<\/strong> 920-008659<\/li>\n<li><strong>PRECIO:<\/strong> N\/A<\/li>\n<li><strong>STOCK:<\/strong> N\/A<\/li>\n<li><strong>M\u00c9TODO DE ENV\u00cdO:<\/strong> N\/A<\/li>\n<li><strong>ANCHURA DEL PAQUETE DE ENV\u00cdO:<\/strong> 74mm<\/li>\n<li><strong>ALTURA DEL PAQUETE DE ENV\u00cdO:<\/strong> 210 mm<\/li>\n<li><strong>LARGO DEL PAQUETE DE ENV\u00cdO:<\/strong> 45mm<\/li>\n<li><strong>PESO DEL PAQUETE:<\/strong> 868 g<\/li>\n<li><strong>PRODUCTO NUEVO:<\/strong> si<\/li>\n<li><strong>CARACTERISTICAS:<\/strong> El combo de teclado y mouse Logitech esta centrado en proporcionar comodidad y precisi\u00f3n en el uso diario. La inclusi\u00f3n de caracter\u00edsticas como el reposa mu\u00f1ecas y el sensor \u00f3ptico de alta precisi\u00f3n sugiere que est\u00e1 dise\u00f1ado para mejorar la experiencia del usuario en diversas actividades, haciendo que tanto la escritura como el control del cursor sean m\u00e1s c\u00f3modos y precisos.<\/li>\n<\/ul>\n<\/div>\n","protected":false},"excerpt":{"rendered":"<p>El combo de teclado y mouse Logitech esta centrado en proporcionar comodidad y precisi\u00f3n en el uso diario. La inclusi\u00f3n de caracter\u00edsticas como el reposa mu\u00f1ecas y el sensor \u00f3ptico<\/p>\n","protected":false},"featured_media":13472,"comment_status":"open","ping_status":"closed","template":"","meta":{"_monsterinsights_skip_tracking":false,"_monsterinsights_sitenote_active":false,"_monsterinsights_sitenote_note":"","_monsterinsights_sitenote_category":0},"aioseo_notices":[],"_links":{"self":[{"href":"https:\/\/hekalsoluciones.com\/hekalsoluciones\/wp-json\/wp\/v2\/product\/13471"}],"collection":[{"href":"https:\/\/hekalsoluciones.com\/hekalsoluciones\/wp-json\/wp\/v2\/product"}],"about":[{"href":"https:\/\/hekalsoluciones.com\/hekalsoluciones\/wp-json\/wp\/v2\/types\/product"}],"replies":[{"embeddable":true,"href":"https:\/\/hekalsoluciones.com\/hekalsoluciones\/wp-json\/wp\/v2\/comments?post=13471"}],"wp:featuredmedia":[{"embeddable":true,"href":"https:\/\/hekalsoluciones.com\/hekalsoluciones\/wp-json\/wp\/v2\/media\/13472"}],"wp:attachment":[{"href":"https:\/\/hekalsoluciones.com\/hekalsoluciones\/wp-json\/wp\/v2\/media?parent=13471"}],"curies":[{"name":"wp","href":"https:\/\/api.w.org\/{rel}","templated":true}]}}