{"id":13480,"date":"2026-02-27T17:30:41","date_gmt":"2026-02-27T17:30:41","guid":{"rendered":"https:\/\/hekalsoluciones.com\/hekalsoluciones\/producto\/combo-logitech-teclado-mouse-mk120-color-negro\/"},"modified":"2026-05-10T02:44:14","modified_gmt":"2026-05-10T02:44:14","slug":"combo-logitech-teclado-mouse-mk120-color-negro","status":"publish","type":"product","link":"https:\/\/hekalsoluciones.com\/hekalsoluciones\/producto\/combo-logitech-teclado-mouse-mk120-color-negro\/","title":{"rendered":"Combo LOGITECH Teclado + Mouse MK120 COLOR Negro"},"content":{"rendered":"<p>Disfrutar\u00e1 de teclas planas que apenas hacen ruido y un dise\u00f1o est\u00e1ndar con teclas F y teclado num\u00e9rico de tama\u00f1o normal. Disfrutar\u00e1 de un control preciso y uniforme del cursor gracias al seguimiento \u00f3ptico de alta definici\u00f3n (1000 dpi). La instalaci\u00f3n es sencilla: conecte el teclado y el mouse a los puertos USB de tu PC, laptop o netbook. Sencillez digna de confianza. Deber\u00eda ser posible hacer las cosas sin complicaciones. Para eso est\u00e1 la combinaci\u00f3n MK120, compuesta de un teclado de tama\u00f1o normal y un mouse cuyo dise\u00f1o familiar y f\u00e1cil de usar agiliza la puesta en marcha. S\u00f3lo hay que conectar esta combinaci\u00f3n con cable a una toma USB para empezar a usarla. Teclado de tama\u00f1o normal.<\/p>\n<div class=\"shopcommerce-product-attributes\">\n<h4>Especificaciones<\/h4>\n<ul class=\"product-specs\">\n<li><strong>CONDICI\u00d3N:<\/strong> NUEVO<\/li>\n<li><strong>COLOR:<\/strong> NEGRO<\/li>\n<li><strong>MARCA:<\/strong> LOGITECH<\/li>\n<li><strong>MODELO:<\/strong> 920-004428<\/li>\n<li><strong>FUENTE DEL PRODUCTO:<\/strong> N\/A<\/li>\n<li><strong>ES KIT:<\/strong> SI<\/li>\n<li><strong>UNIDADES DE DIMENSI\u00d3N:<\/strong> CM<\/li>\n<li><strong>CON USB:<\/strong> SI<\/li>\n<li><strong>ES GAMER:<\/strong> NO<\/li>\n<li><strong>ES INAL\u00c1MBRICO:<\/strong> NO<\/li>\n<li><strong>ES RECARGABLE:<\/strong> NO<\/li>\n<li><strong>RESOLUCI\u00d3N DEL SENSOR DEL MOUSE\u00a0DPI:<\/strong> N\/A<\/li>\n<li><strong>RESOLUCI\u00d3N DEL SENSOR DEL MOUSE\u00a0PPI:<\/strong> <em>N\/A<\/em><\/li>\n<li><strong>UNIDAD DE PESO:<\/strong> GR<\/li>\n<li><strong>INCLUYE MOUSEPAD:<\/strong> NO<\/li>\n<li><strong>INCLUYE AURICULARES:<\/strong> NO<\/li>\n<li><strong>SKU:<\/strong> 981-000507<\/li>\n<li><strong>NOMBRE O DESCRIPCION:<\/strong> Combo LOGITECH Teclado + Mouse MK120 COLOR Negro<\/li>\n<li><strong>IMAGEN:<\/strong> SI<\/li>\n<li><strong>EAN:<\/strong> 10097855089592<\/li>\n<li><strong>SKU SIMPLE:<\/strong> 981-000507<\/li>\n<li><strong>PRECIO:<\/strong> N\/A<\/li>\n<li><strong>STOCK:<\/strong> N\/A<\/li>\n<li><strong>M\u00c9TODO DE ENV\u00cdO:<\/strong> N\/A<\/li>\n<li><strong>ANCHURA DEL PAQUETE DE ENV\u00cdO:<\/strong> 450 mm<\/li>\n<li><strong>ALTURA DEL PAQUETE DE ENV\u00cdO:<\/strong> 155 mm<\/li>\n<li><strong>LARGO DEL PAQUETE DE ENV\u00cdO:<\/strong> 180 cm<\/li>\n<li><strong>PESO DEL PAQUETE:<\/strong> 640 gr<\/li>\n<li><strong>PRODUCTO NUEVO:<\/strong> si<\/li>\n<li><strong>CARACTERISTICAS:<\/strong> Disfrutar\u00e1 de teclas planas que apenas hacen ruido y un dise\u00f1o est\u00e1ndar con teclas F y teclado num\u00e9rico de tama\u00f1o normal. Disfrutar\u00e1 de un control preciso y uniforme del cursor gracias al seguimiento \u00f3ptico de alta definici\u00f3n (1000 dpi). La instalaci\u00f3n es sencilla: conecte el teclado y el mouse a los puertos USB de tu PC, laptop o netbook. Sencillez digna de confianza. Deber\u00eda ser posible hacer las cosas sin complicaciones. Para eso est\u00e1 la combinaci\u00f3n MK120, compuesta de un teclado de tama\u00f1o normal y un mouse cuyo dise\u00f1o familiar y f\u00e1cil de usar agiliza la puesta en marcha. S\u00f3lo hay que conectar esta combinaci\u00f3n con cable a una toma USB para empezar a usarla. Teclado de tama\u00f1o normal.<\/li>\n<\/ul>\n<\/div>\n","protected":false},"excerpt":{"rendered":"<p>Disfrutar\u00e1 de teclas planas que apenas hacen ruido y un dise\u00f1o est\u00e1ndar con teclas F y teclado num\u00e9rico de tama\u00f1o normal. Disfrutar\u00e1 de un control preciso y uniforme del cursor<\/p>\n","protected":false},"featured_media":11307,"comment_status":"open","ping_status":"closed","template":"","meta":{"_monsterinsights_skip_tracking":false,"_monsterinsights_sitenote_active":false,"_monsterinsights_sitenote_note":"","_monsterinsights_sitenote_category":0},"aioseo_notices":[],"_links":{"self":[{"href":"https:\/\/hekalsoluciones.com\/hekalsoluciones\/wp-json\/wp\/v2\/product\/13480"}],"collection":[{"href":"https:\/\/hekalsoluciones.com\/hekalsoluciones\/wp-json\/wp\/v2\/product"}],"about":[{"href":"https:\/\/hekalsoluciones.com\/hekalsoluciones\/wp-json\/wp\/v2\/types\/product"}],"replies":[{"embeddable":true,"href":"https:\/\/hekalsoluciones.com\/hekalsoluciones\/wp-json\/wp\/v2\/comments?post=13480"}],"wp:featuredmedia":[{"embeddable":true,"href":"https:\/\/hekalsoluciones.com\/hekalsoluciones\/wp-json\/wp\/v2\/media\/11307"}],"wp:attachment":[{"href":"https:\/\/hekalsoluciones.com\/hekalsoluciones\/wp-json\/wp\/v2\/media?parent=13480"}],"curies":[{"name":"wp","href":"https:\/\/api.w.org\/{rel}","templated":true}]}}