{"id":13484,"date":"2026-02-27T17:30:44","date_gmt":"2026-02-27T17:30:44","guid":{"rendered":"https:\/\/hekalsoluciones.com\/hekalsoluciones\/producto\/combo-teclado-mouse-logitech-en-combo-wireless-mk470-lat-mx-esp-negro\/"},"modified":"2026-05-10T02:44:14","modified_gmt":"2026-05-10T02:44:14","slug":"combo-teclado-mouse-logitech-en-combo-wireless-mk470-lat-mx-esp-negro","status":"publish","type":"product","link":"https:\/\/hekalsoluciones.com\/hekalsoluciones\/producto\/combo-teclado-mouse-logitech-en-combo-wireless-mk470-lat-mx-esp-negro\/","title":{"rendered":"Combo Teclado + Mouse LOGITECH en combo Wireless MK470 (LAT\/MX ESP) Negro"},"content":{"rendered":"<p>Crea un espacio minimalista, moderno y silencioso con la compacta y estilizada combinaci\u00f3n inal\u00e1mbrica MK470, compuesta de un teclado y un mouse de dise\u00f1o avanzado perfectos para hacer las cosas con eficacia (incluso en los espacios de escritorio m\u00e1s reducidos). Minimalista. Moderno. Estilizada. La estilizada combinaci\u00f3n MK470 destaca por su sencillez. El fino perfil y el dise\u00f1o minimalista del teclado y el mouse contribuyen a una presentaci\u00f3n de escritorio despejada y elegante. Este teclado compacto incluye secci\u00f3n num\u00e9rica y 12 accesos directos de teclas FN. De este modo, tienes todas las teclas que necesitas para ingresar datos con eficiencia con una distribuci\u00f3n de teclas m\u00e1s compacta. El mouse se puede llevar f\u00e1cilmente en la bolsa de la laptop o en un bolsillo, para permitir una productividad constante. El tama\u00f1o de la combinaci\u00f3n facilita el trabajo en los espacios de escritorio m\u00e1s reducidos, con el mouse muy a mano.<\/p>\n<div class=\"shopcommerce-product-attributes\">\n<h4>Especificaciones<\/h4>\n<ul class=\"product-specs\">\n<li><strong>CONDICI\u00d3N:<\/strong> NUEVO<\/li>\n<li><strong>COLOR:<\/strong> NEGRO<\/li>\n<li><strong>MARCA:<\/strong> LOGITECH<\/li>\n<li><strong>MODELO:<\/strong> 920-009266<\/li>\n<li><strong>FUENTE DEL PRODUCTO:<\/strong> N\/A<\/li>\n<li><strong>ES KIT:<\/strong> NO<\/li>\n<li><strong>UNIDADES DE DIMENSI\u00d3N:<\/strong> MM<\/li>\n<li><strong>CON USB:<\/strong> SI<\/li>\n<li><strong>ES GAMER:<\/strong> NO<\/li>\n<li><strong>ES INAL\u00c1MBRICO:<\/strong> SI<\/li>\n<li><strong>ES RECARGABLE:<\/strong> NO<\/li>\n<li><strong>RESOLUCI\u00d3N DEL SENSOR DEL MOUSE\u00a0DPI:<\/strong> 1000 dpi<\/li>\n<li><strong>RESOLUCI\u00d3N DEL SENSOR DEL MOUSE\u00a0PPI:<\/strong> 1000<\/li>\n<li><strong>UNIDAD DE PESO:<\/strong> GR<\/li>\n<li><strong>INCLUYE MOUSEPAD:<\/strong> NO<\/li>\n<li><strong>INCLUYE AURICULARES:<\/strong> NO<\/li>\n<li><strong>SKU:<\/strong> 920-009266<\/li>\n<li><strong>NOMBRE O DESCRIPCION:<\/strong> Combo Teclado + Mouse LOGITECH en combo Wireless MK470 (LAT\/MX ESP) Negro<\/li>\n<li><strong>IMAGEN:<\/strong> SI<\/li>\n<li><strong>EAN:<\/strong> 10097855152203<\/li>\n<li><strong>SKU SIMPLE:<\/strong> 920-009266<\/li>\n<li><strong>PRECIO:<\/strong> N\/A<\/li>\n<li><strong>STOCK:<\/strong> N\/A<\/li>\n<li><strong>M\u00c9TODO DE ENV\u00cdO:<\/strong> N\/A<\/li>\n<li><strong>ANCHURA DEL PAQUETE DE ENV\u00cdO:<\/strong> 373,5mm<\/li>\n<li><strong>ALTURA DEL PAQUETE DE ENV\u00cdO:<\/strong> 144 mm<\/li>\n<li><strong>LARGO DEL PAQUETE DE ENV\u00cdO:<\/strong> 26,5 mm<\/li>\n<li><strong>PESO DEL PAQUETE:<\/strong> 659g<\/li>\n<li><strong>PRODUCTO NUEVO:<\/strong> si<\/li>\n<li><strong>CARACTERISTICAS:<\/strong> Crea un espacio minimalista, moderno y silencioso con la compacta y estilizada combinaci\u00f3n inal\u00e1mbrica MK470, compuesta de un teclado y un mouse de dise\u00f1o avanzado perfectos para hacer las cosas con eficacia (incluso en los espacios de escritorio m\u00e1s reducidos). Minimalista. Moderno. Estilizada. La estilizada combinaci\u00f3n MK470 destaca por su sencillez. El fino perfil y el dise\u00f1o minimalista del teclado y el mouse contribuyen a una presentaci\u00f3n de escritorio despejada y elegante. Este teclado compacto incluye secci\u00f3n num\u00e9rica y 12 accesos directos de teclas FN. De este modo, tienes todas las teclas que necesitas para ingresar datos con eficiencia con una distribuci\u00f3n de teclas m\u00e1s compacta. El mouse se puede llevar f\u00e1cilmente en la bolsa de la laptop o en un bolsillo, para permitir una productividad constante. El tama\u00f1o de la combinaci\u00f3n facilita el trabajo en los espacios de escritorio m\u00e1s reducidos, con el mouse muy a mano.<\/li>\n<\/ul>\n<\/div>\n","protected":false},"excerpt":{"rendered":"<p>Crea un espacio minimalista, moderno y silencioso con la compacta y estilizada combinaci\u00f3n inal\u00e1mbrica MK470, compuesta de un teclado y un mouse de dise\u00f1o avanzado perfectos para hacer las cosas<\/p>\n","protected":false},"featured_media":11214,"comment_status":"open","ping_status":"closed","template":"","meta":{"_monsterinsights_skip_tracking":false,"_monsterinsights_sitenote_active":false,"_monsterinsights_sitenote_note":"","_monsterinsights_sitenote_category":0},"aioseo_notices":[],"_links":{"self":[{"href":"https:\/\/hekalsoluciones.com\/hekalsoluciones\/wp-json\/wp\/v2\/product\/13484"}],"collection":[{"href":"https:\/\/hekalsoluciones.com\/hekalsoluciones\/wp-json\/wp\/v2\/product"}],"about":[{"href":"https:\/\/hekalsoluciones.com\/hekalsoluciones\/wp-json\/wp\/v2\/types\/product"}],"replies":[{"embeddable":true,"href":"https:\/\/hekalsoluciones.com\/hekalsoluciones\/wp-json\/wp\/v2\/comments?post=13484"}],"wp:featuredmedia":[{"embeddable":true,"href":"https:\/\/hekalsoluciones.com\/hekalsoluciones\/wp-json\/wp\/v2\/media\/11214"}],"wp:attachment":[{"href":"https:\/\/hekalsoluciones.com\/hekalsoluciones\/wp-json\/wp\/v2\/media?parent=13484"}],"curies":[{"name":"wp","href":"https:\/\/api.w.org\/{rel}","templated":true}]}}