{"id":13613,"date":"2026-02-27T17:42:22","date_gmt":"2026-02-27T17:42:22","guid":{"rendered":"https:\/\/hekalsoluciones.com\/hekalsoluciones\/producto\/camara-tapo-tplink-3mp-2k-video-wi-fi-de-vigilancia-inteligente-interior\/"},"modified":"2026-05-10T02:44:17","modified_gmt":"2026-05-10T02:44:17","slug":"camara-tapo-tplink-3mp-2k-video-wi-fi-de-vigilancia-inteligente-interior","status":"publish","type":"product","link":"https:\/\/hekalsoluciones.com\/hekalsoluciones\/producto\/camara-tapo-tplink-3mp-2k-video-wi-fi-de-vigilancia-inteligente-interior\/","title":{"rendered":"C\u00e1mara TAPO TPLINK 3mp, 2K Video Wi-Fi de vigilancia inteligente interior"},"content":{"rendered":"<p>Video de alta definici\u00f3n de 3MP(2304&#215;1296). Movimiento: 360\u00b0 horizontal y 114\u00b0 Vertical. Vista nocturna avanzada: hasta 9 metros. Detecci\u00f3n de movimiento y notificaciones. Sonido y alarma de luz. Audio bidireccional: comun\u00edquese con otros con el micr\u00f3fono y el altavoz incorporados. Almacenamiento seguro: admite tarjeta MicroSD (hasta 256 GB). F\u00e1cil<\/p>\n","protected":false},"excerpt":{"rendered":"<p>Video de alta definici\u00f3n de 3MP(2304&#215;1296). Movimiento: 360\u00b0 horizontal y 114\u00b0 Vertical. Vista nocturna avanzada: hasta 9 metros. Detecci\u00f3n de movimiento y notificaciones. Sonido y alarma de luz. Audio bidireccional:<\/p>\n","protected":false},"featured_media":11280,"comment_status":"open","ping_status":"closed","template":"","meta":{"_monsterinsights_skip_tracking":false,"_monsterinsights_sitenote_active":false,"_monsterinsights_sitenote_note":"","_monsterinsights_sitenote_category":0},"aioseo_notices":[],"_links":{"self":[{"href":"https:\/\/hekalsoluciones.com\/hekalsoluciones\/wp-json\/wp\/v2\/product\/13613"}],"collection":[{"href":"https:\/\/hekalsoluciones.com\/hekalsoluciones\/wp-json\/wp\/v2\/product"}],"about":[{"href":"https:\/\/hekalsoluciones.com\/hekalsoluciones\/wp-json\/wp\/v2\/types\/product"}],"replies":[{"embeddable":true,"href":"https:\/\/hekalsoluciones.com\/hekalsoluciones\/wp-json\/wp\/v2\/comments?post=13613"}],"wp:featuredmedia":[{"embeddable":true,"href":"https:\/\/hekalsoluciones.com\/hekalsoluciones\/wp-json\/wp\/v2\/media\/11280"}],"wp:attachment":[{"href":"https:\/\/hekalsoluciones.com\/hekalsoluciones\/wp-json\/wp\/v2\/media?parent=13613"}],"curies":[{"name":"wp","href":"https:\/\/api.w.org\/{rel}","templated":true}]}}