{"id":13623,"date":"2026-02-27T17:42:31","date_gmt":"2026-02-27T17:42:31","guid":{"rendered":"https:\/\/hekalsoluciones.com\/hekalsoluciones\/producto\/combo-mouse-kb-hp-230-wht-ltna-color-blanco\/"},"modified":"2026-04-25T14:21:46","modified_gmt":"2026-04-25T14:21:46","slug":"combo-mouse-kb-hp-230-wht-ltna-color-blanco","status":"publish","type":"product","link":"https:\/\/hekalsoluciones.com\/hekalsoluciones\/producto\/combo-mouse-kb-hp-230-wht-ltna-color-blanco\/","title":{"rendered":"Combo Mouse + Kb HP 230 Wht Ltna COLOR Blanco"},"content":{"rendered":"<p>Este conjunto de teclado y mouse destaca por su estilo delgado y teclas tipo chiclet para una experiencia c\u00f3moda y sin ruido. La conexi\u00f3n inal\u00e1mbrica a 2.4 GHz proporciona libertad de movimiento, mientras que el mouse con sensor multisuperficie garantiza un rendimiento constante en cualquier material. Adem\u00e1s, el dise\u00f1o es sostenible, utilizando un 60% de pl\u00e1sticos reciclados. El producto incluye una garant\u00eda de un a\u00f1o para hardware y soporte disponible los siete d\u00edas de la semana.Este conjunto de teclado y mouse destaca por su estilo delgado y teclas tipo chiclet para una experiencia c\u00f3moda y sin ruido. La conexi\u00f3n inal\u00e1mbrica a 2.4 GHz proporciona libertad de movimiento, mientras que el mouse con sensor multisuperficie garantiza un rendimiento constante en cualquier material. Adem\u00e1s, el dise\u00f1o es sostenible, utilizando un 60% de pl\u00e1sticos reciclados. El producto incluye una garant\u00eda de un a\u00f1o para hardware y soporte disponible los siete d\u00edas de la semana.Este conjunto de teclado y mouse destaca por su estilo delgado y teclas tipo chiclet para una experiencia c\u00f3moda y sin ruido. La conexi\u00f3n inal\u00e1mbrica a 2.4 GHz proporciona libertad de movimiento, mientras que el mouse con sensor multisuperficie garantiza un rendimiento constante en cualquier material. Adem\u00e1s, el dise\u00f1o es sostenible, utilizando un 60% de pl\u00e1sticos reciclados. El producto incluye una garant\u00eda de un a\u00f1o para hardware y soporte disponible los siete d\u00edas de la semana.<\/p>\n<div class=\"shopcommerce-product-attributes\">\n<h4>Especificaciones<\/h4>\n<ul class=\"product-specs\">\n<li><strong>COLOR:<\/strong> NEGRO<\/li>\n<li><strong>MARCA:<\/strong> LG<\/li>\n<li><strong>MODELO:<\/strong> <em>N\/A<\/em><\/li>\n<li><strong>FUENTE DEL PRODUCTO:<\/strong> <em>N\/A<\/em><\/li>\n<li><strong>ES GAMER:<\/strong> <em>N\/A<\/em><\/li>\n<li><strong>ES INAL\u00c1MBRICO:<\/strong> <em>N\/A<\/em><\/li>\n<li><strong>ES RECARGABLE:<\/strong> <em>N\/A<\/em><\/li>\n<li><strong>INCLUYE AURICULARES:<\/strong> <em>N\/A<\/em><\/li>\n<li><strong>SKU:<\/strong> <em>N\/A<\/em><\/li>\n<li><strong>NOMBRE O DESCRIPCION:<\/strong> Combo Mouse + Kb HP 230 Wht Ltna COLOR Blanco<\/li>\n<li><strong>EAN:<\/strong> <em>N\/A<\/em><\/li>\n<li><strong>ANCHURA DEL PAQUETE DE ENV\u00cdO:<\/strong> <em>N\/A<\/em><\/li>\n<li><strong>ALTURA DEL PAQUETE DE ENV\u00cdO:<\/strong> <em>N\/A<\/em><\/li>\n<li><strong>LARGO DEL PAQUETE DE ENV\u00cdO:<\/strong> <em>N\/A<\/em><\/li>\n<li><strong>CARACTERISTICAS:<\/strong><br \/>\nEste conjunto de teclado y mouse destaca por su estilo delgado y teclas tipo chiclet para una experiencia c\u00f3moda y sin ruido. La conexi\u00f3n inal\u00e1mbrica a 2.4 GHz proporciona libertad de movimiento, mientras que el mouse con sensor multisuperficie garantiza un rendimiento constante en cualquier material. Adem\u00e1s, el dise\u00f1o es sostenible, utilizando un 60% de pl\u00e1sticos reciclados. El producto incluye una garant\u00eda de un a\u00f1o para hardware y soporte disponible los siete d\u00edas de la semana.<br \/>\nEste conjunto de teclado y mouse destaca por su estilo delgado y teclas tipo chiclet para una experiencia c\u00f3moda y sin ruido. La conexi\u00f3n inal\u00e1mbrica a 2.4 GHz proporciona libertad de movimiento, mientras que el mouse con sensor multisuperficie garantiza un rendimiento constante en cualquier material. Adem\u00e1s, el dise\u00f1o es sostenible, utilizando un 60% de pl\u00e1sticos reciclados. El producto incluye una garant\u00eda de un a\u00f1o para hardware y soporte disponible los siete d\u00edas de la semana.<br \/>\nEste conjunto de teclado y mouse destaca por su estilo delgado y teclas tipo chiclet para una experiencia c\u00f3moda y sin ruido. La conexi\u00f3n inal\u00e1mbrica a 2.4 GHz proporciona libertad de movimiento, mientras que el mouse con sensor multisuperficie garantiza un rendimiento constante en cualquier material. Adem\u00e1s, el dise\u00f1o es sostenible, utilizando un 60% de pl\u00e1sticos reciclados. El producto incluye una garant\u00eda de un a\u00f1o para hardware y soporte disponible los siete d\u00edas de la semana.<\/li>\n<\/ul>\n<\/div>\n","protected":false},"excerpt":{"rendered":"<p>Este conjunto de teclado y mouse destaca por su estilo delgado y teclas tipo chiclet para una experiencia c\u00f3moda y sin ruido. La conexi\u00f3n inal\u00e1mbrica a 2.4 GHz proporciona libertad<\/p>\n","protected":false},"featured_media":11290,"comment_status":"open","ping_status":"closed","template":"","meta":{"_monsterinsights_skip_tracking":false,"_monsterinsights_sitenote_active":false,"_monsterinsights_sitenote_note":"","_monsterinsights_sitenote_category":0},"aioseo_notices":[],"_links":{"self":[{"href":"https:\/\/hekalsoluciones.com\/hekalsoluciones\/wp-json\/wp\/v2\/product\/13623"}],"collection":[{"href":"https:\/\/hekalsoluciones.com\/hekalsoluciones\/wp-json\/wp\/v2\/product"}],"about":[{"href":"https:\/\/hekalsoluciones.com\/hekalsoluciones\/wp-json\/wp\/v2\/types\/product"}],"replies":[{"embeddable":true,"href":"https:\/\/hekalsoluciones.com\/hekalsoluciones\/wp-json\/wp\/v2\/comments?post=13623"}],"wp:featuredmedia":[{"embeddable":true,"href":"https:\/\/hekalsoluciones.com\/hekalsoluciones\/wp-json\/wp\/v2\/media\/11290"}],"wp:attachment":[{"href":"https:\/\/hekalsoluciones.com\/hekalsoluciones\/wp-json\/wp\/v2\/media?parent=13623"}],"curies":[{"name":"wp","href":"https:\/\/api.w.org\/{rel}","templated":true}]}}