{"id":13630,"date":"2026-02-27T23:29:27","date_gmt":"2026-02-27T23:29:27","guid":{"rendered":"https:\/\/hekalsoluciones.com\/hekalsoluciones\/producto\/videoproyector-epson-para-educacion-con-conectividad-y-audio-avanzado-color-blanco\/"},"modified":"2026-04-27T19:47:12","modified_gmt":"2026-04-27T19:47:12","slug":"videoproyector-epson-para-educacion-con-conectividad-y-audio-avanzado-color-blanco","status":"publish","type":"product","link":"https:\/\/hekalsoluciones.com\/hekalsoluciones\/producto\/videoproyector-epson-para-educacion-con-conectividad-y-audio-avanzado-color-blanco\/","title":{"rendered":"Videoproyector EPSON Para Educaci\u00f3n Con Conectividad Y Audio Avanzado COLOR Blanco"},"content":{"rendered":"<p>Video Proyector Epson PowerLite 118W\/ Tecnolog\u00eda: 3LCD de 3 chips\/ (3.800 l\u00famenes en Blanco y Color &#8211; Resoluci\u00f3n   XGA)  RJ45<\/p>\n<div class=\"shopcommerce-product-attributes\">\n<h4>Especificaciones<\/h4>\n<ul class=\"product-specs\">\n<li><strong>MODELO DETALLADO:<\/strong> <em>N\/A<\/em><\/li>\n<li><strong>EMISI\u00d3N DE SONIDO EN MODO ECO:<\/strong> <em>N\/A<\/em><\/li>\n<li><strong>NOMBRE O DESCRIPCION:<\/strong> La tecnolog\u00eda 3LCD ofrece im\u00e1genes claras, brillantes y llenas de color. Su luminosidad es de 3.800 l\u00famenes en blanco y 3.800 l\u00famenes en color lo convierten en la mejor opci\u00f3n para aulas de educaci\u00f3n bien iluminadas.  Adicionalmente, ofrecen conectividad inal\u00e1mbrica opcional que permite proyectar contenido sin requerir cables.  Cuenta con puertos HDMI para conectar todos los dispositivos actuales del aula educativa.<\/li>\n<li><strong>ALTURA DEL PAQUETE DE ENV\u00cdO:<\/strong> <em>N\/A<\/em><\/li>\n<li><strong>NOMBRE:<\/strong> Videoproyector EPSON Para Educaci\u00f3n Con Conectividad Y Audio Avanzado COLOR Blanco<\/li>\n<\/ul>\n<\/div>\n","protected":false},"excerpt":{"rendered":"<p>Video Proyector Epson PowerLite 118W\/ Tecnolog\u00eda: 3LCD de 3 chips\/ (3.800 l\u00famenes en Blanco y Color &#8211; Resoluci\u00f3n XGA) RJ45 Especificaciones MODELO DETALLADO: N\/A EMISI\u00d3N DE SONIDO EN MODO ECO:<\/p>\n","protected":false},"featured_media":13631,"comment_status":"open","ping_status":"closed","template":"","meta":{"_monsterinsights_skip_tracking":false,"_monsterinsights_sitenote_active":false,"_monsterinsights_sitenote_note":"","_monsterinsights_sitenote_category":0},"aioseo_notices":[],"_links":{"self":[{"href":"https:\/\/hekalsoluciones.com\/hekalsoluciones\/wp-json\/wp\/v2\/product\/13630"}],"collection":[{"href":"https:\/\/hekalsoluciones.com\/hekalsoluciones\/wp-json\/wp\/v2\/product"}],"about":[{"href":"https:\/\/hekalsoluciones.com\/hekalsoluciones\/wp-json\/wp\/v2\/types\/product"}],"replies":[{"embeddable":true,"href":"https:\/\/hekalsoluciones.com\/hekalsoluciones\/wp-json\/wp\/v2\/comments?post=13630"}],"wp:featuredmedia":[{"embeddable":true,"href":"https:\/\/hekalsoluciones.com\/hekalsoluciones\/wp-json\/wp\/v2\/media\/13631"}],"wp:attachment":[{"href":"https:\/\/hekalsoluciones.com\/hekalsoluciones\/wp-json\/wp\/v2\/media?parent=13630"}],"curies":[{"name":"wp","href":"https:\/\/api.w.org\/{rel}","templated":true}]}}