{"id":13649,"date":"2026-02-28T12:13:16","date_gmt":"2026-02-28T12:13:16","guid":{"rendered":"https:\/\/hekalsoluciones.com\/hekalsoluciones\/producto\/computador-portatil-lenovo-156-pulgadas-ram-8gb-ssd-512gb-color-azul-windows-11-home\/"},"modified":"2026-03-11T15:13:09","modified_gmt":"2026-03-11T15:13:09","slug":"computador-portatil-lenovo-156-pulgadas-ram-8gb-ssd-512gb-color-azul-windows-11-home","status":"publish","type":"product","link":"https:\/\/hekalsoluciones.com\/hekalsoluciones\/producto\/computador-portatil-lenovo-156-pulgadas-ram-8gb-ssd-512gb-color-azul-windows-11-home\/","title":{"rendered":"Computador Portatil LENOVO 15,6 Pulgadas RAM 8GB SSD 512GB COLOR Azul Windows 11 Home"},"content":{"rendered":"<p>Port\u00e1til con pantalla de 15.6 FHD, procesador AMD Ryzen 5 7520u a 2.8 GHz, 8 GB de RAM, almacenamiento SSD de 512 GB, sistema operativo Windows 11 Home SL, tarjeta gr\u00e1fica AMD Radeon 610m Graphics. Conectividad a trav\u00e9s de HDMI, 3 puertos USB, audio de 3.5 mm y lector de tarjetas. Dise\u00f1o en color azul hielo, bater\u00eda de 47 WH, dimensiones de 359.3 x 235 x 17.9 mm y peso de 1.62 kg. C\u00e1mara integrada con resoluci\u00f3n 1080p FHD.<\/p>\n<div class=\"shopcommerce-product-attributes\">\n<h4>Especificaciones<\/h4>\n<ul class=\"product-specs\">\n<li><strong>CONDICI\u00d3N:<\/strong> NUEVO<\/li>\n<li><strong>COLOR:<\/strong> AZUL<\/li>\n<li><strong>MARCA:<\/strong> LENOVO<\/li>\n<li><strong>MODELO:<\/strong> Lenovo IP Slim 3 15AMN8<\/li>\n<li><strong>L\u00cdNEA DE PRODUCTOS:<\/strong> Portatil<\/li>\n<li><strong>MODELO ALFANUMERICO:<\/strong> 82XQ0063LM<\/li>\n<li><strong>MODELO DETALLADO:<\/strong> <em>N\/A<\/em><\/li>\n<li><strong>CON WI-FI:<\/strong> SI<\/li>\n<li><strong>FUENTE DEL PRODUCTO:<\/strong> N\/A<\/li>\n<li><strong>ES KIT:<\/strong> NO<\/li>\n<li><strong>CON LECTOR DE HUELLA DIGITAL:<\/strong> SI<\/li>\n<li><strong>CANTIDAD DE N\u00daCLEOS:<\/strong> 4<\/li>\n<li><strong>CANTIDAD DE PARLANTES:<\/strong> 2<\/li>\n<li><strong>CANTIDAD DE PUERTOS USB:<\/strong> 3<\/li>\n<li><strong>CANTIDAD DE RANURAS PARA LA MEMORIA RAM:<\/strong> <em>N\/A<\/em><\/li>\n<li><strong>UNIDADES \u00d3PTICAS:<\/strong> N\/A<\/li>\n<li><strong>VIDA MEDIA DE BATER\u00cdA:<\/strong> N\/A<\/li>\n<li><strong>VERSI\u00d3N DEL SISTEMA OPERATIVO:<\/strong> Windows 11<\/li>\n<li><strong>VELOCIDAD PROCESADOR:<\/strong> 2.80<\/li>\n<li><strong>VELOCIDAD DE MEMORIA RAM:<\/strong> 5,500.00<\/li>\n<li><strong>UNIDADES DE DIMENSI\u00d3N:<\/strong> CM<\/li>\n<li><strong>UNIDAD DE VELOCIDAD DEL PROCESADOR:<\/strong> GHz<\/li>\n<li><strong>UNIDAD DE TAMA\u00d1O DEL DISCO DURO:<\/strong> N\/A<\/li>\n<li><strong>CAPACIDAD:<\/strong> 8GB<\/li>\n<li><strong>CAPACIDAD DE DISCO DURO GB:<\/strong> 0.00<\/li>\n<li><strong>CAPACIDAD DE DISCO DURO TB:<\/strong> 0.00<\/li>\n<li><strong>CAPACIDAD DEL SSD GB:<\/strong> 512.00<\/li>\n<li><strong>CAPACIDAD DEL SSD TB:<\/strong> 0.00<\/li>\n<li><strong>TIPOS DE PUERTOS USB:<\/strong> USB 3.2<\/li>\n<li><strong>TIPOS DE MEMORIA DE VIDEO:<\/strong> N\/A<\/li>\n<li><strong>CAPACIDAD MAXIMA DE MEMORIA RAM:<\/strong> 8.00<\/li>\n<li><strong>CAPACIDAD OPTANE\u00a0KB:<\/strong> 0.00<\/li>\n<li><strong>CAPACIDAD OPTANE\u00a0MB:<\/strong> 0.00<\/li>\n<li><strong>CAPACIDAD OPTANE\u00a0GB:<\/strong> 0.00<\/li>\n<li><strong>TIPO DE RESOLUCI\u00d3N:<\/strong> FHD (1920&#215;1080)<\/li>\n<li><strong>TIPO DE PANTALLA:<\/strong> TN 250nits Anti-glare<\/li>\n<li><strong>TIPO DE MEMORIA RAM:<\/strong> LPDDR5 5500<\/li>\n<li><strong>TIPO DE DISCO DURO:<\/strong> N\/A<\/li>\n<li><strong>CON BLUETOOTH:<\/strong> SI<\/li>\n<li><strong>CON C\u00c1MARA WEB:<\/strong> SI<\/li>\n<li><strong>CON HDMI:<\/strong> SI<\/li>\n<li><strong>CON LECTOR DE TARJETA DE MEMORIA:<\/strong> SI<\/li>\n<li><strong>CON MICR\u00d3FONO:<\/strong> SI<\/li>\n<li><strong>CON PAD NUM\u00c9RICO:<\/strong> SI<\/li>\n<li><strong>CON PANTALLA T\u00c1CTIL:<\/strong> NO<\/li>\n<li><strong>CON PUERTO ETHERNET:<\/strong> NO<\/li>\n<li><strong>CON RETINA DISPLAY:<\/strong> NO<\/li>\n<li><strong>CON SALIDA PARA AURICULARES:<\/strong> SI<\/li>\n<li><strong>CON TECLADO RETROILUMINADO:<\/strong> NO<\/li>\n<li><strong>CON USB:<\/strong> SI<\/li>\n<li><strong>TIPO DE BATER\u00cdA:<\/strong> Integrated Li-Polymer 47Wh<\/li>\n<li><strong>TARJETA DE VIDEO:<\/strong> N\/A<\/li>\n<li><strong>TAMA\u00d1O DE PANTALLA:<\/strong> 15.60<\/li>\n<li><strong>EDICI\u00d3N DEL SISTEMA OPERATIVO:<\/strong> Windows 11<\/li>\n<li><strong>ES 2 EN 1:<\/strong> NO<\/li>\n<li><strong>ES GAMER:<\/strong> NO<\/li>\n<li><strong>ES ULTRABOOK:<\/strong> NO<\/li>\n<li><strong>FRECUENCIA DE ACTUALIZACI\u00d3N DE LA PANTALLA:<\/strong> N\/A<\/li>\n<li><strong>MODOS DE SONIDO:<\/strong> optimized with Dolby Audio<\/li>\n<li><strong>MEMORIA RAM:<\/strong> LPDDR5 5500<\/li>\n<li><strong>MEMORIA DE VIDEO:<\/strong> N\/A<\/li>\n<li><strong>TAMA\u00d1O DE MEMORIA RAM:<\/strong> <em>N\/A<\/em><\/li>\n<li><strong>SISTEMA OPERATIVO:<\/strong> Windows 11<\/li>\n<li><strong>RESOLUCI\u00d3N DE LA PANTALLA:<\/strong> FHD (1920&#215;1080)<\/li>\n<li><strong>RESOLUCI\u00d3N DE LA C\u00c1MARA WEB:<\/strong> 1<\/li>\n<li><strong>RELACI\u00d3N DE ASPECTO:<\/strong> 16:9<\/li>\n<li><strong>PUERTOS DE VIDEO:<\/strong> N\/A<\/li>\n<li><strong>PA\u00cdS DE PRODUCCI\u00d3N:<\/strong> China<\/li>\n<li><strong>MARCA DEL PROCESADOR:<\/strong> AMD<\/li>\n<li><strong>L\u00cdNEA DEL PROCESADOR:<\/strong> AMD Ryzen 5 7520U<\/li>\n<li><strong>UNIDAD DE PESO:<\/strong> KG<\/li>\n<li><strong>UNIDAD DE TAMA\u00d1O DE RAM:<\/strong> GB<\/li>\n<li><strong>INTERFACE DEL DISCO DURO:<\/strong> N\/A<\/li>\n<li><strong>INTERFACE DEL SSD:<\/strong> SSD M.2 2242 PCIe 4.0&#215;4 NVMe<\/li>\n<li><strong>INCLUYE L\u00c1PIZ:<\/strong> NO<\/li>\n<li><strong>GPU:<\/strong> N\/A<\/li>\n<li><strong>SKU:<\/strong> 82XQ0063LM<\/li>\n<li><strong>EAN:<\/strong> 197532285538<\/li>\n<li><strong>SKU SIMPLE:<\/strong> 82XQ0063LM<\/li>\n<li><strong>ANCHURA DEL PAQUETE DE ENV\u00cdO:<\/strong> 35,93<\/li>\n<li><strong>ALTURA DEL PAQUETE DE ENV\u00cdO:<\/strong> 1,79<\/li>\n<li><strong>LARGO DEL PAQUETE DE ENV\u00cdO:<\/strong> 23,5<\/li>\n<li><strong>PESO DEL PAQUETE:<\/strong> 1,62<\/li>\n<li><strong>NOMBRE:<\/strong> Computador Portatil LENOVO 15,6 Pulgadas RAM 8GB SSD 512GB COLOR Azul Windows 11 Home<\/li>\n<li><strong>CARACTERISTICAS:<\/strong> Port\u00e1til con pantalla de 15.6&quot;&quot; FHD, procesador AMD Ryzen 5 7520u a 2.8 GHz, 8 GB de RAM, almacenamiento SSD de 512 GB, sistema operativo Windows 11 Home SL, tarjeta gr\u00e1fica AMD Radeon 610m Graphics. Conectividad a trav\u00e9s de HDMI, 3 puertos USB, audio de 3.5 mm y lector de tarjetas. Dise\u00f1o en color azul hielo, bater\u00eda de 47 WH, dimensiones de 359.3 x 235 x 17.9 mm y peso de 1.62 kg. C\u00e1mara integrada con resoluci\u00f3n 1080p FHD.<\/li>\n<\/ul>\n<\/div>\n","protected":false},"excerpt":{"rendered":"<p>Port\u00e1til con pantalla de 15.6 FHD, procesador AMD Ryzen 5 7520u a 2.8 GHz, 8 GB de RAM, almacenamiento SSD de 512 GB, sistema operativo Windows 11 Home SL, tarjeta<\/p>\n","protected":false},"featured_media":11063,"comment_status":"open","ping_status":"closed","template":"","meta":{"_monsterinsights_skip_tracking":false,"_monsterinsights_sitenote_active":false,"_monsterinsights_sitenote_note":"","_monsterinsights_sitenote_category":0},"aioseo_notices":[],"_links":{"self":[{"href":"https:\/\/hekalsoluciones.com\/hekalsoluciones\/wp-json\/wp\/v2\/product\/13649"}],"collection":[{"href":"https:\/\/hekalsoluciones.com\/hekalsoluciones\/wp-json\/wp\/v2\/product"}],"about":[{"href":"https:\/\/hekalsoluciones.com\/hekalsoluciones\/wp-json\/wp\/v2\/types\/product"}],"replies":[{"embeddable":true,"href":"https:\/\/hekalsoluciones.com\/hekalsoluciones\/wp-json\/wp\/v2\/comments?post=13649"}],"wp:featuredmedia":[{"embeddable":true,"href":"https:\/\/hekalsoluciones.com\/hekalsoluciones\/wp-json\/wp\/v2\/media\/11063"}],"wp:attachment":[{"href":"https:\/\/hekalsoluciones.com\/hekalsoluciones\/wp-json\/wp\/v2\/media?parent=13649"}],"curies":[{"name":"wp","href":"https:\/\/api.w.org\/{rel}","templated":true}]}}