{"id":13694,"date":"2026-03-06T19:05:51","date_gmt":"2026-03-06T19:05:51","guid":{"rendered":"https:\/\/hekalsoluciones.com\/hekalsoluciones\/producto\/monitor-industrial-samsung-55-pulgadas-ultraestrecho\/"},"modified":"2026-04-21T13:21:14","modified_gmt":"2026-04-21T13:21:14","slug":"monitor-industrial-samsung-55-pulgadas-ultraestrecho","status":"publish","type":"product","link":"https:\/\/hekalsoluciones.com\/hekalsoluciones\/producto\/monitor-industrial-samsung-55-pulgadas-ultraestrecho\/","title":{"rendered":"Monitor Industrial SAMSUNG 55 Pulgadas Ultraestrecho"},"content":{"rendered":"<p>Samsung Monitor Industria VM55B-U Tama\u00f1o: 55, Resoluci\u00f3n 1920X1080  Brillo 500nit, horas uso 24\/7, Contraste: 1200:1, panel IPS, Caracter\u00edsticas: Gap bisel a bisel de 3.5 mm (2.25mm(U\/L), 1.25mm(R\/B) RS232C\/RJ45 in MDC,PlugCertificaci\u00f3n IP5X, EMC Class A, Infrarojo central, Entradas: DVI-D, HDMIx2, Display Port 1.2., Audio mini Jack,  Audio Mini JACK, GARANTIA 3 A\u00d1OS<\/p>\n<div class=\"shopcommerce-product-attributes\">\n<h4>Especificaciones<\/h4>\n<ul class=\"product-specs\">\n<li><strong>ACCESORIOS INCLUIDOS:<\/strong> <em>N\/A<\/em><\/li>\n<li><strong>ES CURVO:<\/strong> <em>N\/A<\/em><\/li>\n<li><strong>NOMBRE O DESCRIPCION:<\/strong> La serie VMB-U de Samsung ofrece una experiencia de visualizaci\u00f3n envolvente y confiable las 24 horas del d\u00eda. La escasa profundidad de la pantalla y el brillo de 500 nits garantizan im\u00e1genes muy visibles y mensajes legibles en una amplia gama de lugares, como centros comerciales, vest\u00edbulos, salas de reuniones, salas de inspecci\u00f3n y mucho m\u00e1s.<\/li>\n<li><strong>NOMBRE:<\/strong> Monitor Industrial SAMSUNG 55&quot; Pulgadas Ultraestrecho<\/li>\n<\/ul>\n<\/div>\n","protected":false},"excerpt":{"rendered":"<p>Samsung Monitor Industria VM55B-U Tama\u00f1o: 55, Resoluci\u00f3n 1920X1080 Brillo 500nit, horas uso 24\/7, Contraste: 1200:1, panel IPS, Caracter\u00edsticas: Gap bisel a bisel de 3.5 mm (2.25mm(U\/L), 1.25mm(R\/B) RS232C\/RJ45 in MDC,PlugCertificaci\u00f3n<\/p>\n","protected":false},"featured_media":13695,"comment_status":"open","ping_status":"closed","template":"","meta":{"_monsterinsights_skip_tracking":false,"_monsterinsights_sitenote_active":false,"_monsterinsights_sitenote_note":"","_monsterinsights_sitenote_category":0},"aioseo_notices":[],"_links":{"self":[{"href":"https:\/\/hekalsoluciones.com\/hekalsoluciones\/wp-json\/wp\/v2\/product\/13694"}],"collection":[{"href":"https:\/\/hekalsoluciones.com\/hekalsoluciones\/wp-json\/wp\/v2\/product"}],"about":[{"href":"https:\/\/hekalsoluciones.com\/hekalsoluciones\/wp-json\/wp\/v2\/types\/product"}],"replies":[{"embeddable":true,"href":"https:\/\/hekalsoluciones.com\/hekalsoluciones\/wp-json\/wp\/v2\/comments?post=13694"}],"wp:featuredmedia":[{"embeddable":true,"href":"https:\/\/hekalsoluciones.com\/hekalsoluciones\/wp-json\/wp\/v2\/media\/13695"}],"wp:attachment":[{"href":"https:\/\/hekalsoluciones.com\/hekalsoluciones\/wp-json\/wp\/v2\/media?parent=13694"}],"curies":[{"name":"wp","href":"https:\/\/api.w.org\/{rel}","templated":true}]}}