{"id":13746,"date":"2026-03-13T14:19:33","date_gmt":"2026-03-13T14:19:33","guid":{"rendered":"https:\/\/hekalsoluciones.com\/hekalsoluciones\/producto\/alfombrilla-para-mouse-logitech-g440-hard-gaming\/"},"modified":"2026-04-21T19:58:49","modified_gmt":"2026-04-21T19:58:49","slug":"alfombrilla-para-mouse-logitech-g440-hard-gaming","status":"publish","type":"product","link":"https:\/\/hekalsoluciones.com\/hekalsoluciones\/producto\/alfombrilla-para-mouse-logitech-g440-hard-gaming\/","title":{"rendered":"Alfombrilla para mouse LOGITECH G440 Hard Gaming"},"content":{"rendered":"<p>Libere personalidad en su escritorio y m\u00e1s all\u00e1 con POP Keys y POP Mouse. Elige entre una variedad de est\u00e9ticas llamativas, personaliza tus emoji y haz que se escuche tu verdadero yo.<\/p>\n<div class=\"shopcommerce-product-attributes\">\n<h4>Especificaciones<\/h4>\n<ul class=\"product-specs\">\n<li><strong>CONDICI\u00d3N:<\/strong> NUEVO<\/li>\n<li><strong>COLOR:<\/strong> NEGRO<\/li>\n<li><strong>MARCA:<\/strong> OPPO<\/li>\n<li><strong>MODELO:<\/strong> G440<\/li>\n<li><strong>MATERIAL:<\/strong> <em>N\/A<\/em><\/li>\n<li><strong>NOMBRE O DESCRIPCION:<\/strong> Alfombrilla para mouse LOGITECH G440 Hard Gaming<\/li>\n<li><strong>EAN:<\/strong> <em>N\/A<\/em><\/li>\n<li><strong>ALTURA DEL PAQUETE DE ENV\u00cdO:<\/strong> <em>N\/A<\/em><\/li>\n<li><strong>LARGO DEL PAQUETE DE ENV\u00cdO:<\/strong> <em>N\/A<\/em><\/li>\n<li><strong>CARACTERISTICAS:<\/strong> Libere personalidad en su escritorio y m\u00e1s all\u00e1 con POP Keys y POP Mouse. Elige entre una variedad de est\u00e9ticas llamativas, personaliza tus emoji y haz que se escuche tu verdadero yo.<\/li>\n<\/ul>\n<\/div>\n","protected":false},"excerpt":{"rendered":"<p>Libere personalidad en su escritorio y m\u00e1s all\u00e1 con POP Keys y POP Mouse. Elige entre una variedad de est\u00e9ticas llamativas, personaliza tus emoji y haz que se escuche tu<\/p>\n","protected":false},"featured_media":13747,"comment_status":"open","ping_status":"closed","template":"","meta":{"_monsterinsights_skip_tracking":false,"_monsterinsights_sitenote_active":false,"_monsterinsights_sitenote_note":"","_monsterinsights_sitenote_category":0},"aioseo_notices":[],"_links":{"self":[{"href":"https:\/\/hekalsoluciones.com\/hekalsoluciones\/wp-json\/wp\/v2\/product\/13746"}],"collection":[{"href":"https:\/\/hekalsoluciones.com\/hekalsoluciones\/wp-json\/wp\/v2\/product"}],"about":[{"href":"https:\/\/hekalsoluciones.com\/hekalsoluciones\/wp-json\/wp\/v2\/types\/product"}],"replies":[{"embeddable":true,"href":"https:\/\/hekalsoluciones.com\/hekalsoluciones\/wp-json\/wp\/v2\/comments?post=13746"}],"wp:featuredmedia":[{"embeddable":true,"href":"https:\/\/hekalsoluciones.com\/hekalsoluciones\/wp-json\/wp\/v2\/media\/13747"}],"wp:attachment":[{"href":"https:\/\/hekalsoluciones.com\/hekalsoluciones\/wp-json\/wp\/v2\/media?parent=13746"}],"curies":[{"name":"wp","href":"https:\/\/api.w.org\/{rel}","templated":true}]}}