{"id":13755,"date":"2026-03-13T14:19:44","date_gmt":"2026-03-13T14:19:44","guid":{"rendered":"https:\/\/hekalsoluciones.com\/hekalsoluciones\/producto\/apuntador-logitech-laser-r400-color-negro\/"},"modified":"2026-04-27T21:18:00","modified_gmt":"2026-04-27T21:18:00","slug":"apuntador-logitech-laser-r400-color-negro","status":"publish","type":"product","link":"https:\/\/hekalsoluciones.com\/hekalsoluciones\/producto\/apuntador-logitech-laser-r400-color-negro\/","title":{"rendered":"Apuntador LOGITECH Laser R400 COLOR Negro"},"content":{"rendered":"<p>APUNTADOR R400 Logitech Wireless Receptor USB Compatible Win-Mac Laser Rojo Alcance 15Metros Bater\u00eda AAA, Los controles intuitivos y el puntero l\u00e1ser rojo facilitan las presentaciones, incluso en los locales m\u00e1s oscuros, El radio de acci\u00f3n de 15 metros y el indicador de estado de las pilas ayudan a convertir una mera presentaci\u00f3n en algo extraordinario,  No requiere software, basta con conectar el receptor a un puerto USB y ya puede usarlo, Los botones se localizan f\u00e1cilmente con el tacto. Y el dise\u00f1o suavemente contorneado es perfecto para la mano. Tendr\u00e1 todo bajo control desde la primera a la \u00faltima diapositiva.La audiencia ver\u00e1 f\u00e1cilmente lo que se\u00f1ala.1, Con la tecnolog\u00eda inal\u00e1mbrica de 2,4 GHz disfrutar\u00e1 de libertad de movimientos para desplazarse por la sala y relacionarse con los asistentes para que la presentaci\u00f3n resulte m\u00e1s impactante.<\/p>\n<div class=\"shopcommerce-product-attributes\">\n<h4>Especificaciones<\/h4>\n<ul class=\"product-specs\">\n<li><strong>CONDICI\u00d3N:<\/strong> NUEVO<\/li>\n<li><strong>COLOR:<\/strong> NEGRO<\/li>\n<li><strong>MARCA:<\/strong> LOGITECH<\/li>\n<li><strong>MODELO:<\/strong> 910-001354<\/li>\n<li><strong>FUENTE DEL PRODUCTO:<\/strong> N\/A<\/li>\n<li><strong>ES KIT:<\/strong> NO<\/li>\n<li><strong>UNIDADES DE DIMENSI\u00d3N:<\/strong> MM<\/li>\n<li><strong>UNIDAD DE PESO:<\/strong> GR<\/li>\n<li><strong>SKU:<\/strong> 910-001354<\/li>\n<li><strong>NOMBRE O DESCRIPCION:<\/strong> Apuntador LOGITECH Laser R400 COLOR Negro<\/li>\n<li><strong>IMAGEN:<\/strong> Si<\/li>\n<li><strong>EAN:<\/strong> 10097855061611<\/li>\n<li><strong>SKU SIMPLE:<\/strong> 910-001354<\/li>\n<li><strong>PRECIO:<\/strong> N\/A<\/li>\n<li><strong>STOCK:<\/strong> 22<\/li>\n<li><strong>M\u00c9TODO DE ENV\u00cdO:<\/strong> N\/A<\/li>\n<li><strong>ANCHURA DEL PAQUETE DE ENV\u00cdO:<\/strong> 39 mm<\/li>\n<li><strong>ALTURA DEL PAQUETE DE ENV\u00cdO:<\/strong> 115,5 mm<\/li>\n<li><strong>LARGO DEL PAQUETE DE ENV\u00cdO:<\/strong> N\/A<\/li>\n<li><strong>PESO DEL PAQUETE:<\/strong> 64 gr<\/li>\n<li><strong>CANAL EXCLUSIVO:<\/strong> N\/A<\/li>\n<li><strong>PRODUCTO NUEVO:<\/strong> si<\/li>\n<li><strong>CARACTERISTICAS:<\/strong> APUNTADOR R400 Logitech Wireless Receptor USB Compatible Win-Mac Laser Rojo Alcance 15Metros Bater\u00eda AAA, Los controles intuitivos y el puntero l\u00e1ser rojo facilitan las presentaciones, incluso en los locales m\u00e1s oscuros, El radio de acci\u00f3n de 15 metros y el indicador de estado de las pilas ayudan a convertir una mera presentaci\u00f3n en algo extraordinario,  No requiere software, basta con conectar el receptor a un puerto USB y ya puede usarlo, Los botones se localizan f\u00e1cilmente con el tacto. Y el dise\u00f1o suavemente contorneado es perfecto para la mano. Tendr\u00e1 todo bajo control desde la primera a la \u00faltima diapositiva.La audiencia ver\u00e1 f\u00e1cilmente lo que se\u00f1ala.1, Con la tecnolog\u00eda inal\u00e1mbrica de 2,4 GHz disfrutar\u00e1 de libertad de movimientos para desplazarse por la sala y relacionarse con los asistentes para que la presentaci\u00f3n resulte m\u00e1s impactante.<\/li>\n<\/ul>\n<\/div>\n","protected":false},"excerpt":{"rendered":"<p>APUNTADOR R400 Logitech Wireless Receptor USB Compatible Win-Mac Laser Rojo Alcance 15Metros Bater\u00eda AAA, Los controles intuitivos y el puntero l\u00e1ser rojo facilitan las presentaciones, incluso en los locales m\u00e1s<\/p>\n","protected":false},"featured_media":13756,"comment_status":"open","ping_status":"closed","template":"","meta":{"_monsterinsights_skip_tracking":false,"_monsterinsights_sitenote_active":false,"_monsterinsights_sitenote_note":"","_monsterinsights_sitenote_category":0},"aioseo_notices":[],"_links":{"self":[{"href":"https:\/\/hekalsoluciones.com\/hekalsoluciones\/wp-json\/wp\/v2\/product\/13755"}],"collection":[{"href":"https:\/\/hekalsoluciones.com\/hekalsoluciones\/wp-json\/wp\/v2\/product"}],"about":[{"href":"https:\/\/hekalsoluciones.com\/hekalsoluciones\/wp-json\/wp\/v2\/types\/product"}],"replies":[{"embeddable":true,"href":"https:\/\/hekalsoluciones.com\/hekalsoluciones\/wp-json\/wp\/v2\/comments?post=13755"}],"wp:featuredmedia":[{"embeddable":true,"href":"https:\/\/hekalsoluciones.com\/hekalsoluciones\/wp-json\/wp\/v2\/media\/13756"}],"wp:attachment":[{"href":"https:\/\/hekalsoluciones.com\/hekalsoluciones\/wp-json\/wp\/v2\/media?parent=13755"}],"curies":[{"name":"wp","href":"https:\/\/api.w.org\/{rel}","templated":true}]}}