{"id":13764,"date":"2026-03-13T14:19:55","date_gmt":"2026-03-13T14:19:55","guid":{"rendered":"https:\/\/hekalsoluciones.com\/hekalsoluciones\/producto\/combo-logitech-teclado-y-mouse-mk345-espanol-inalambrico-receptor-usb-negro\/"},"modified":"2026-03-29T01:32:53","modified_gmt":"2026-03-29T01:32:53","slug":"combo-logitech-teclado-y-mouse-mk345-espanol-inalambrico-receptor-usb-negro","status":"publish","type":"product","link":"https:\/\/hekalsoluciones.com\/hekalsoluciones\/producto\/combo-logitech-teclado-y-mouse-mk345-espanol-inalambrico-receptor-usb-negro\/","title":{"rendered":"Combo LOGITECH Teclado y Mouse MK345 Espa\u00f1ol Inal\u00e1mbrico Receptor USB Negro"},"content":{"rendered":"<p>El combo de teclado y mouse Logitech es perfecto para ayudarte a desarrollar tus actividades diarias. Esta combinaci\u00f3n est\u00e1 adaptada para realizar distintas tareas, ya sean laborales, escolares o de cualquier \u00edndole. Comodidad de uso. El teclado cuenta con reposa mu\u00f1ecas, por lo que podr\u00e1s adaptar tus manos de manera c\u00f3moda al entorno f\u00edsico del aparato. Ahora escribir te resultar\u00e1 una tarea m\u00e1s sencilla y reconfortante. Sensor de alta precisi\u00f3n. El mouse del combo posee un sensor \u00f3ptico de alta precisi\u00f3n, el cual te permitir\u00e1 redirigir el cursor de una manera m\u00e1s exacta y sensible que el resto de los sistemas tradicionales<\/p>\n<div class=\"shopcommerce-product-attributes\">\n<h4>Especificaciones<\/h4>\n<ul class=\"product-specs\">\n<li><strong>CONDICI\u00d3N:<\/strong> NUEVO<\/li>\n<li><strong>COLOR:<\/strong> NEGRO<\/li>\n<li><strong>MARCA:<\/strong> LOGITECH<\/li>\n<li><strong>MODELO:<\/strong> Mouse MK345 \/ Teclado ABNT2<\/li>\n<li><strong>FUENTE DEL PRODUCTO:<\/strong> Mouse y Teclado<\/li>\n<li><strong>ES KIT:<\/strong> SI<\/li>\n<li><strong>UNIDADES DE DIMENSI\u00d3N:<\/strong> CM<\/li>\n<li><strong>CON USB:<\/strong> SI<\/li>\n<li><strong>ES GAMER:<\/strong> NO<\/li>\n<li><strong>ES INAL\u00c1MBRICO:<\/strong> SI<\/li>\n<li><strong>ES RECARGABLE:<\/strong> SI<\/li>\n<li><strong>RESOLUCI\u00d3N DEL SENSOR DEL MOUSE\u00a0DPI:<\/strong> <em>N\/A<\/em><\/li>\n<li><strong>RESOLUCI\u00d3N DEL SENSOR DEL MOUSE\u00a0PPI:<\/strong> <em>N\/A<\/em><\/li>\n<li><strong>UNIDAD DE PESO:<\/strong> GR<\/li>\n<li><strong>INCLUYE MOUSEPAD:<\/strong> NO<\/li>\n<li><strong>INCLUYE AURICULARES:<\/strong> NO<\/li>\n<li><strong>SKU:<\/strong> 920-007820<\/li>\n<li><strong>NOMBRE O DESCRIPCION:<\/strong> Combo LOGITECH  Teclado y Mouse MK345 Espa\u00f1ol Inal\u00e1mbrico Receptor USB Negro<\/li>\n<li><strong>EAN:<\/strong> <em>N\/A<\/em><\/li>\n<li><strong>SKU SIMPLE:<\/strong> 920-007820<\/li>\n<li><strong>ANCHURA DEL PAQUETE DE ENV\u00cdO:<\/strong> 67.9 mm<\/li>\n<li><strong>ALTURA DEL PAQUETE DE ENV\u00cdO:<\/strong> 186.7 mm<\/li>\n<li><strong>LARGO DEL PAQUETE DE ENV\u00cdO:<\/strong> 21,4 \/ 38,4<\/li>\n<li><strong>PESO DEL PAQUETE:<\/strong> Kit de teclado y mouse inal\u00e1mbrico Logitech MK345 Espa\u00f1ol Negro<\/li>\n<li><strong>CARACTERISTICAS:<\/strong> El combo de teclado y mouse Logitech es perfecto para ayudarte a desarrollar tus actividades diarias. Esta combinaci\u00f3n est\u00e1 adaptada para realizar distintas tareas, ya sean laborales, escolares o de cualquier \u00edndole. Comodidad de uso. El teclado cuenta con reposa mu\u00f1ecas, por lo que podr\u00e1s adaptar tus manos de manera c\u00f3moda al entorno f\u00edsico del aparato. Ahora escribir te resultar\u00e1 una tarea m\u00e1s sencilla y reconfortante. Sensor de alta precisi\u00f3n. El mouse del combo posee un sensor \u00f3ptico de alta precisi\u00f3n, el cual te permitir\u00e1 redirigir el cursor de una manera m\u00e1s exacta y sensible que el resto de los sistemas tradicionales<\/li>\n<\/ul>\n<\/div>\n","protected":false},"excerpt":{"rendered":"<p>El combo de teclado y mouse Logitech es perfecto para ayudarte a desarrollar tus actividades diarias. Esta combinaci\u00f3n est\u00e1 adaptada para realizar distintas tareas, ya sean laborales, escolares o de<\/p>\n","protected":false},"featured_media":11236,"comment_status":"open","ping_status":"closed","template":"","meta":{"_monsterinsights_skip_tracking":false,"_monsterinsights_sitenote_active":false,"_monsterinsights_sitenote_note":"","_monsterinsights_sitenote_category":0},"aioseo_notices":[],"_links":{"self":[{"href":"https:\/\/hekalsoluciones.com\/hekalsoluciones\/wp-json\/wp\/v2\/product\/13764"}],"collection":[{"href":"https:\/\/hekalsoluciones.com\/hekalsoluciones\/wp-json\/wp\/v2\/product"}],"about":[{"href":"https:\/\/hekalsoluciones.com\/hekalsoluciones\/wp-json\/wp\/v2\/types\/product"}],"replies":[{"embeddable":true,"href":"https:\/\/hekalsoluciones.com\/hekalsoluciones\/wp-json\/wp\/v2\/comments?post=13764"}],"wp:featuredmedia":[{"embeddable":true,"href":"https:\/\/hekalsoluciones.com\/hekalsoluciones\/wp-json\/wp\/v2\/media\/11236"}],"wp:attachment":[{"href":"https:\/\/hekalsoluciones.com\/hekalsoluciones\/wp-json\/wp\/v2\/media?parent=13764"}],"curies":[{"name":"wp","href":"https:\/\/api.w.org\/{rel}","templated":true}]}}