{"id":13767,"date":"2026-03-13T14:19:58","date_gmt":"2026-03-13T14:19:58","guid":{"rendered":"https:\/\/hekalsoluciones.com\/hekalsoluciones\/producto\/combo-teclado-mouse-mk235-logitech-gris\/"},"modified":"2026-05-10T02:44:14","modified_gmt":"2026-05-10T02:44:14","slug":"combo-teclado-mouse-mk235-logitech-gris","status":"publish","type":"product","link":"https:\/\/hekalsoluciones.com\/hekalsoluciones\/producto\/combo-teclado-mouse-mk235-logitech-gris\/","title":{"rendered":"Combo Teclado\/Mouse MK235 Logitech Gris"},"content":{"rendered":"<p>Tama\u00f1o normal y tecnolog\u00eda inal\u00e1mbrica. Teclado de tama\u00f1o normal, mouse de uso ambidiestro, totalmente inal\u00e1mbricos. Este d\u00fao ofrece todas las funciones necesarias integradas en un dise\u00f1o confortable, resistente y f\u00e1cil de usar, y mantiene tu espacio despejado. Con la calidad habitual de Logitech, MK235 es una combinaci\u00f3n hecha para durar. Todas las teclas que necesitas, en un teclado de tama\u00f1o normal, con secci\u00f3n num\u00e9rica y 15 teclas de accesos directos que facilitan al m\u00e1ximo la navegaci\u00f3n y el ingreso de datos. Las teclas suavemente curvadas hacen la experiencia de escritura m\u00e1s c\u00f3moda. El compacto dise\u00f1o port\u00e1til ofrece una forma confortable tanto para usuarios diestros como zurdos. Es f\u00e1cil de usar, cabe en cualquier bolsa y se puede llevar a todas partes. Simplicidad Inal\u00e1mbrica. Sin configuraciones ni complicaciones. El MK235 funciona en cuanto el receptor se conecta al puerto USB. Con una confiable conexi\u00f3n inal\u00e1mbrica, no habr\u00e1 interrupciones en un radio de 10 metros1El radio de acci\u00f3n inal\u00e1mbrico depende de las condiciones del entorno y de los dispositivos, para darte la libertad que necesitas.<\/p>\n<div class=\"shopcommerce-product-attributes\">\n<h4>Especificaciones<\/h4>\n<ul class=\"product-specs\">\n<li><strong>CONDICI\u00d3N:<\/strong> Nuevo<\/li>\n<li><strong>COLOR:<\/strong> Negro<\/li>\n<li><strong>MARCA:<\/strong> LOGITECH<\/li>\n<li><strong>MODELO:<\/strong> 920-007901<\/li>\n<li><strong>FUENTE DEL PRODUCTO:<\/strong> N\/A<\/li>\n<li><strong>ES KIT:<\/strong> si<\/li>\n<li><strong>UNIDADES DE DIMENSI\u00d3N:<\/strong> MM<\/li>\n<li><strong>CON USB:<\/strong> SI<\/li>\n<li><strong>ES GAMER:<\/strong> NO<\/li>\n<li><strong>ES INAL\u00c1MBRICO:<\/strong> SI<\/li>\n<li><strong>ES RECARGABLE:<\/strong> NO<\/li>\n<li><strong>RESOLUCI\u00d3N DEL SENSOR DEL MOUSE\u00a0DPI:<\/strong> <em>N\/A<\/em><\/li>\n<li><strong>RESOLUCI\u00d3N DEL SENSOR DEL MOUSE\u00a0PPI:<\/strong> <em>N\/A<\/em><\/li>\n<li><strong>UNIDAD DE PESO:<\/strong> GR<\/li>\n<li><strong>INCLUYE MOUSEPAD:<\/strong> NO<\/li>\n<li><strong>INCLUYE AURICULARES:<\/strong> NO<\/li>\n<li><strong>SKU:<\/strong> 097855152206<\/li>\n<li><strong>NOMBRE O DESCRIPCION:<\/strong> Combo Teclado\/Mouse MK235 Logitech Gris<\/li>\n<li><strong>IMAGEN:<\/strong> SI<\/li>\n<li><strong>EAN:<\/strong> 10097855120196<\/li>\n<li><strong>SKU SIMPLE:<\/strong> 097855152206<\/li>\n<li><strong>PRECIO:<\/strong> N\/A<\/li>\n<li><strong>STOCK:<\/strong> N\/A<\/li>\n<li><strong>M\u00c9TODO DE ENV\u00cdO:<\/strong> N\/A<\/li>\n<li><strong>ANCHURA DEL PAQUETE DE ENV\u00cdO:<\/strong> 435,5<\/li>\n<li><strong>ALTURA DEL PAQUETE DE ENV\u00cdO:<\/strong> 137,5<\/li>\n<li><strong>LARGO DEL PAQUETE DE ENV\u00cdO:<\/strong> 21,3<\/li>\n<li><strong>PESO DEL PAQUETE:<\/strong> 558<\/li>\n<li><strong>PRODUCTO NUEVO:<\/strong> SI<\/li>\n<li><strong>CARACTERISTICAS:<\/strong> Tama\u00f1o normal y tecnolog\u00eda inal\u00e1mbrica. Teclado de tama\u00f1o normal, mouse de uso ambidiestro, totalmente inal\u00e1mbricos. Este d\u00fao ofrece todas las funciones necesarias integradas en un dise\u00f1o confortable, resistente y f\u00e1cil de usar, y mantiene tu espacio despejado. Con la calidad habitual de Logitech, MK235 es una combinaci\u00f3n hecha para durar. Todas las teclas que necesitas, en un teclado de tama\u00f1o normal, con secci\u00f3n num\u00e9rica y 15 teclas de accesos directos que facilitan al m\u00e1ximo la navegaci\u00f3n y el ingreso de datos. Las teclas suavemente curvadas hacen la experiencia de escritura m\u00e1s c\u00f3moda. El compacto dise\u00f1o port\u00e1til ofrece una forma confortable tanto para usuarios diestros como zurdos. Es f\u00e1cil de usar, cabe en cualquier bolsa y se puede llevar a todas partes. Simplicidad Inal\u00e1mbrica. Sin configuraciones ni complicaciones. El MK235 funciona en cuanto el receptor se conecta al puerto USB. Con una confiable conexi\u00f3n inal\u00e1mbrica, no habr\u00e1 interrupciones en un radio de 10 metros1El radio de acci\u00f3n inal\u00e1mbrico depende de las condiciones del entorno y de los dispositivos, para darte la libertad que necesitas.<\/li>\n<\/ul>\n<\/div>\n","protected":false},"excerpt":{"rendered":"<p>Tama\u00f1o normal y tecnolog\u00eda inal\u00e1mbrica. Teclado de tama\u00f1o normal, mouse de uso ambidiestro, totalmente inal\u00e1mbricos. Este d\u00fao ofrece todas las funciones necesarias integradas en un dise\u00f1o confortable, resistente y f\u00e1cil<\/p>\n","protected":false},"featured_media":11237,"comment_status":"open","ping_status":"closed","template":"","meta":{"_monsterinsights_skip_tracking":false,"_monsterinsights_sitenote_active":false,"_monsterinsights_sitenote_note":"","_monsterinsights_sitenote_category":0},"aioseo_notices":[],"_links":{"self":[{"href":"https:\/\/hekalsoluciones.com\/hekalsoluciones\/wp-json\/wp\/v2\/product\/13767"}],"collection":[{"href":"https:\/\/hekalsoluciones.com\/hekalsoluciones\/wp-json\/wp\/v2\/product"}],"about":[{"href":"https:\/\/hekalsoluciones.com\/hekalsoluciones\/wp-json\/wp\/v2\/types\/product"}],"replies":[{"embeddable":true,"href":"https:\/\/hekalsoluciones.com\/hekalsoluciones\/wp-json\/wp\/v2\/comments?post=13767"}],"wp:featuredmedia":[{"embeddable":true,"href":"https:\/\/hekalsoluciones.com\/hekalsoluciones\/wp-json\/wp\/v2\/media\/11237"}],"wp:attachment":[{"href":"https:\/\/hekalsoluciones.com\/hekalsoluciones\/wp-json\/wp\/v2\/media?parent=13767"}],"curies":[{"name":"wp","href":"https:\/\/api.w.org\/{rel}","templated":true}]}}