{"id":13806,"date":"2026-03-14T10:38:55","date_gmt":"2026-03-14T10:38:55","guid":{"rendered":"https:\/\/hekalsoluciones.com\/hekalsoluciones\/producto\/impresora-brother-t730dw-multifunci-wi-fi-neg-16ppm-color-15ppm-usb-2-0-duplex-adf\/"},"modified":"2026-04-28T23:47:09","modified_gmt":"2026-04-28T23:47:09","slug":"impresora-brother-t730dw-multifunci-wi-fi-neg-16ppm-color-15ppm-usb-2-0-duplex-adf","status":"publish","type":"product","link":"https:\/\/hekalsoluciones.com\/hekalsoluciones\/producto\/impresora-brother-t730dw-multifunci-wi-fi-neg-16ppm-color-15ppm-usb-2-0-duplex-adf\/","title":{"rendered":"Impresora Brother T730DW Multifunci\/Wi-fi \/Neg 16ppm, color 15ppm\/ USB 2.0\/Duplex\/ADF"},"content":{"rendered":"<p>Impresora Brother T730DW Multifunci\/Wi-fi \/Neg 16ppm, color 15ppm\/ USB 2.0\/Duplex\/ADF<\/p>\n<div class=\"shopcommerce-product-attributes\">\n<h4>Especificaciones<\/h4>\n<ul class=\"product-specs\">\n<li><strong>CONDICI\u00d3N:<\/strong> NUEVO<\/li>\n<li><strong>COLOR:<\/strong> NEGRO<\/li>\n<li><strong>MARCA:<\/strong> BROTHER<\/li>\n<li><strong>MODELO:<\/strong> T730DW<\/li>\n<li><strong>L\u00cdNEA DE PRODUCTOS:<\/strong> Inyecci\u00f3n de Tinta<\/li>\n<li><strong>MODELO ALFANUMERICO:<\/strong> <em>N\/A<\/em><\/li>\n<li><strong>MODELO DETALLADO:<\/strong> <em>N\/A<\/em><\/li>\n<li><strong>CON WI-FI:<\/strong> SI<\/li>\n<li><strong>ES KIT:<\/strong> NO<\/li>\n<li><strong>ACCESORIOS INCLUIDOS:<\/strong> SI<\/li>\n<li><strong>CANTIDAD DE CARTUCHOS:<\/strong> 4<\/li>\n<li><strong>CANTIDAD DE CHAROLAS:<\/strong> 1<\/li>\n<li><strong>VELOCIDAD DE IMPRESION EN COLOR:<\/strong> 15 ipm (ISO) \/ 23 ppm (ECO)<\/li>\n<li><strong>VELOCIDAD DE IMPRESION EN BLANCO Y NEGRO:<\/strong> 16 ipm (ISO) \/ 27 ppm (ECO)<\/li>\n<li><strong>UNIDADES DE DIMENSI\u00d3N:<\/strong> CM<\/li>\n<li><strong>UNIDAD DE VELOCIDAD DEL PROCESADOR:<\/strong> <em>N\/A<\/em><\/li>\n<li><strong>TIPOS DE PAPEL:<\/strong> Papel normal, papel para inyecci\u00f3n de tinta, papel reciclado, papel satinado.<\/li>\n<li><strong>CAPACIDAD M\u00c1XIMA DE HOJAS:<\/strong> 150<\/li>\n<li><strong>TIPO DE PANTALLA:<\/strong> LCD de 1 l\u00ednea (16 caracteres)<\/li>\n<li><strong>TIPO DE IMPRESORA:<\/strong> Recarga Continua<\/li>\n<li><strong>TIPO DE IMPRESI\u00d3N:<\/strong> Inyecci\u00f3n de Tinta<\/li>\n<li><strong>CON BLUETOOTH:<\/strong> NO<\/li>\n<li><strong>CON USB:<\/strong> SI<\/li>\n<li><strong>TECNOLOG\u00cdA DE IMPRESI\u00d3N:<\/strong> Inyecci\u00f3n de Tinta<\/li>\n<li><strong>CONEXIONES M\u00d3VILES:<\/strong> <em>N\/A<\/em><\/li>\n<li><strong>ES PORT\u00c1TIL:<\/strong> NO<\/li>\n<li><strong>TAMANOS DE PAPEL:<\/strong> A4, carta, legal, legal de M\u00e9xico, Folio, ejecutivo, A5, A6, Foto (4&#215;6&quot;), ficha (5&#215;8&quot;), Foto-2L (5&#215;7&quot;), sobre C5, Com-10, sobre DL, monarca ;ADF (ancho\/largo): 139,7\/210 mm a 215,9\/355,6 mm (5,5\/8,3&quot; a 8,5\/14,0&quot;)<\/li>\n<li><strong>UNIDAD DE PESO:<\/strong> KG<\/li>\n<li><strong>FUNCIONES DE LA IMPRESORA:<\/strong> Impresi\u00f3n, escaner, copiado<\/li>\n<li><strong>SKU:<\/strong> DCPT730DW<\/li>\n<li><strong>NOMBRE O DESCRIPCION:<\/strong> Impresora Brother T730DW Multifunci\/Wi-fi \/Neg 16ppm, color 15ppm\/ USB 2.0\/Duplex\/ADF<\/li>\n<li><strong>CARACTERISTICAS:<\/strong> Impresora Brother T730DW Multifunci\/Wi-fi \/Neg 16ppm, color 15ppm\/ USB 2.0\/Duplex\/ADF<\/li>\n<li><strong>EAN:<\/strong> 012502676867<\/li>\n<li><strong>ANCHURA DEL PAQUETE DE ENV\u00cdO:<\/strong> 46,3<\/li>\n<li><strong>ALTURA DEL PAQUETE DE ENV\u00cdO:<\/strong> 45,6<\/li>\n<li><strong>LARGO DEL PAQUETE DE ENV\u00cdO:<\/strong> 34,3<\/li>\n<li><strong>PESO DEL PAQUETE:<\/strong> 9,3<\/li>\n<li><strong>NOMBRE:<\/strong> <em>N\/A<\/em><\/li>\n<\/ul>\n<\/div>\n","protected":false},"excerpt":{"rendered":"<p>Impresora Brother T730DW Multifunci\/Wi-fi \/Neg 16ppm, color 15ppm\/ USB 2.0\/Duplex\/ADF Especificaciones CONDICI\u00d3N: NUEVO COLOR: NEGRO MARCA: BROTHER MODELO: T730DW L\u00cdNEA DE PRODUCTOS: Inyecci\u00f3n de Tinta MODELO ALFANUMERICO: N\/A MODELO DETALLADO:<\/p>\n","protected":false},"featured_media":10955,"comment_status":"open","ping_status":"closed","template":"","meta":{"_monsterinsights_skip_tracking":false,"_monsterinsights_sitenote_active":false,"_monsterinsights_sitenote_note":"","_monsterinsights_sitenote_category":0},"aioseo_notices":[],"_links":{"self":[{"href":"https:\/\/hekalsoluciones.com\/hekalsoluciones\/wp-json\/wp\/v2\/product\/13806"}],"collection":[{"href":"https:\/\/hekalsoluciones.com\/hekalsoluciones\/wp-json\/wp\/v2\/product"}],"about":[{"href":"https:\/\/hekalsoluciones.com\/hekalsoluciones\/wp-json\/wp\/v2\/types\/product"}],"replies":[{"embeddable":true,"href":"https:\/\/hekalsoluciones.com\/hekalsoluciones\/wp-json\/wp\/v2\/comments?post=13806"}],"wp:featuredmedia":[{"embeddable":true,"href":"https:\/\/hekalsoluciones.com\/hekalsoluciones\/wp-json\/wp\/v2\/media\/10955"}],"wp:attachment":[{"href":"https:\/\/hekalsoluciones.com\/hekalsoluciones\/wp-json\/wp\/v2\/media?parent=13806"}],"curies":[{"name":"wp","href":"https:\/\/api.w.org\/{rel}","templated":true}]}}