{"id":13812,"date":"2026-03-16T23:12:59","date_gmt":"2026-03-16T23:12:59","guid":{"rendered":"https:\/\/hekalsoluciones.com\/hekalsoluciones\/producto\/officejet-200\/"},"modified":"2026-04-28T17:42:41","modified_gmt":"2026-04-28T17:42:41","slug":"officejet-200","status":"publish","type":"product","link":"https:\/\/hekalsoluciones.com\/hekalsoluciones\/producto\/officejet-200\/","title":{"rendered":"OfficeJet 200"},"content":{"rendered":"<p>F\u00e1cil conexi\u00f3n a su PC con el puerto USB incorporado,Obtenga un rendimiento vers\u00e1til: imprima, escanee y copie,Cuente con impresiones de alta calidad todo el tiempo, Compatibilidad con multiples tama\u00f1os de papel,Un a\u00f1o de garant\u00eda limitada para hardware,Copiadora|Esc\u00e1ner.La forma simple de obtener lo esencial. Con la configuraci\u00f3n impecable desde l<\/p>\n<div class=\"shopcommerce-product-attributes\">\n<h4>Especificaciones<\/h4>\n<ul class=\"product-specs\">\n<li><strong>CONDICI\u00d3N:<\/strong> NUEVO<\/li>\n<li><strong>COLOR:<\/strong> NEGRO<\/li>\n<li><strong>MARCA:<\/strong> HP<\/li>\n<li><strong>MODELO:<\/strong> OfficeJet 200<\/li>\n<li><strong>L\u00cdNEA DE PRODUCTOS:<\/strong> Inyecci\u00f3n t\u00e9rmica de tinta HP<\/li>\n<li><strong>VOLTAJE:<\/strong> 0.00<\/li>\n<li><strong>MODELO ALFANUMERICO:<\/strong> N\/A<\/li>\n<li><strong>MODELO DETALLADO:<\/strong> N\/A<\/li>\n<li><strong>CON WI-FI:<\/strong> SI<\/li>\n<li><strong>ES KIT:<\/strong> NO<\/li>\n<li><strong>ACCESORIOS INCLUIDOS:<\/strong> NO<\/li>\n<li><strong>CANTIDAD DE CARTUCHOS:<\/strong> 2<\/li>\n<li><strong>CANTIDAD DE CHAROLAS:<\/strong> <em>N\/A<\/em><\/li>\n<li><strong>VELOCIDAD PROCESADOR:<\/strong> 525.00<\/li>\n<li><strong>VELOCIDAD DE IMPRESION EN COLOR:<\/strong> &quot; Color (A4, ISO): Color (A4, ISO): Con CA: hasta 7 ppm<\/li>\n<li><strong>VELOCIDAD DE IMPRESION EN BLANCO Y NEGRO:<\/strong> &quot; Negro (A4, ISO): Negro (A4, ISO): Con CA: hasta 10 ppm<\/li>\n<li><strong>UNIDADES DE DIMENSI\u00d3N:<\/strong> CM<\/li>\n<li><strong>UNIDAD DE VELOCIDAD DEL PROCESADOR:<\/strong> GHz<\/li>\n<li><strong>TIPOS DE PAPEL:<\/strong> Papel normal, papeles fotogr\u00e1ficos HP , papel mate para folletos o papel profesional HP , papel mate para presentaciones HP , papel brillante para folletos o papel profesional HP , otros papeles de inyecci\u00f3n de tinta fotogr\u00e1ficos, otros papeles de inyecci\u00f3n de tinta mate, otros papeles de inyecci\u00f3n de tinta brillantes, papel normal, ligero\/reciclad<\/li>\n<li><strong>CAPACIDAD M\u00c1XIMA DE HOJAS:<\/strong> 50<\/li>\n<li><strong>TIPO DE PANTALLA:<\/strong> N\/A<\/li>\n<li><strong>TIPO DE IMPRESORA:<\/strong> portatil Inyecci\u00f3n t\u00e9rmica de tinta<\/li>\n<li><strong>TIPO DE IMPRESI\u00d3N:<\/strong> Inyecci\u00f3n t\u00e9rmica de tinta  HP<\/li>\n<li><strong>CON BLUETOOTH:<\/strong> NO<\/li>\n<li><strong>CON USB:<\/strong> SI<\/li>\n<li><strong>TECNOLOG\u00cdA DE IMPRESI\u00d3N:<\/strong>  Inyecci\u00f3n t\u00e9rmica de tinta  HP<\/li>\n<li><strong>CONEXIONES M\u00d3VILES:<\/strong> SI<\/li>\n<li><strong>ES PORT\u00c1TIL:<\/strong> SI<\/li>\n<li><strong>TAMANOS DE PAPEL:<\/strong> &quot; Tama\u00f1o de soporte Personalizado (m\u00e9trica): Personalizado (m\u00e9trica): De 76,2 x 216 mm a 101 x 355,6 mm \/ Compatible (m\u00e9trica): Compatible (m\u00e9trica): A4, A5, A6, B5 (ISO), B5 (JIS)<\/li>\n<li><strong>UNIDAD DE PESO:<\/strong> KG<\/li>\n<li><strong>FUNCIONES DE LA IMPRESORA:<\/strong> Impresora<\/li>\n<li><strong>SKU:<\/strong> CZ993A#AKY<\/li>\n<li><strong>NOMBRE O DESCRIPCION:<\/strong> Impresora HP OfficeJet 200\/Wi-fi \/Neg 10ppm, color 9ppm\/Bater\u00eda\/Portatil<\/li>\n<li><strong>IMAGEN:<\/strong> Si<\/li>\n<li><strong>EAN:<\/strong> 889894941244<\/li>\n<li><strong>SKU SIMPLE:<\/strong> CZ993A<\/li>\n<li><strong>PRECIO:<\/strong> N\/A<\/li>\n<li><strong>STOCK:<\/strong> N\/A<\/li>\n<li><strong>M\u00c9TODO DE ENV\u00cdO:<\/strong> N\/A<\/li>\n<li><strong>ANCHURA DEL PAQUETE DE ENV\u00cdO:<\/strong> 6,9<\/li>\n<li><strong>ALTURA DEL PAQUETE DE ENV\u00cdO:<\/strong> 36,4<\/li>\n<li><strong>LARGO DEL PAQUETE DE ENV\u00cdO:<\/strong> 18,6<\/li>\n<li><strong>PESO DEL PAQUETE:<\/strong> 3,6<\/li>\n<li><strong>CANAL EXCLUSIVO:<\/strong> N\/A<\/li>\n<li><strong>NOMBRE:<\/strong> OfficeJet 200<\/li>\n<li><strong>CARACTERISTICAS:<\/strong> F\u00e1cil conexi\u00f3n a su PC con el puerto USB incorporado,Obtenga un rendimiento vers\u00e1til: imprima, escanee y copie,Cuente con impresiones de alta calidad todo el tiempo, Compatibilidad con multiples tama\u00f1os de papel,Un a\u00f1o de garant\u00eda limitada para hardware,Copiadora|Esc\u00e1ner.La forma simple de obtener lo esencial. Con la configuraci\u00f3n impecable desde l<\/li>\n<\/ul>\n<\/div>\n","protected":false},"excerpt":{"rendered":"<p>F\u00e1cil conexi\u00f3n a su PC con el puerto USB incorporado,Obtenga un rendimiento vers\u00e1til: imprima, escanee y copie,Cuente con impresiones de alta calidad todo el tiempo, Compatibilidad con multiples tama\u00f1os de<\/p>\n","protected":false},"featured_media":13813,"comment_status":"open","ping_status":"closed","template":"","meta":{"_monsterinsights_skip_tracking":false,"_monsterinsights_sitenote_active":false,"_monsterinsights_sitenote_note":"","_monsterinsights_sitenote_category":0},"aioseo_notices":[],"_links":{"self":[{"href":"https:\/\/hekalsoluciones.com\/hekalsoluciones\/wp-json\/wp\/v2\/product\/13812"}],"collection":[{"href":"https:\/\/hekalsoluciones.com\/hekalsoluciones\/wp-json\/wp\/v2\/product"}],"about":[{"href":"https:\/\/hekalsoluciones.com\/hekalsoluciones\/wp-json\/wp\/v2\/types\/product"}],"replies":[{"embeddable":true,"href":"https:\/\/hekalsoluciones.com\/hekalsoluciones\/wp-json\/wp\/v2\/comments?post=13812"}],"wp:featuredmedia":[{"embeddable":true,"href":"https:\/\/hekalsoluciones.com\/hekalsoluciones\/wp-json\/wp\/v2\/media\/13813"}],"wp:attachment":[{"href":"https:\/\/hekalsoluciones.com\/hekalsoluciones\/wp-json\/wp\/v2\/media?parent=13812"}],"curies":[{"name":"wp","href":"https:\/\/api.w.org\/{rel}","templated":true}]}}