{"id":13839,"date":"2026-03-20T22:16:40","date_gmt":"2026-03-20T22:16:40","guid":{"rendered":"https:\/\/hekalsoluciones.com\/hekalsoluciones\/producto\/tarjeta-sd-sandisk-256gb-extreme-pro\/"},"modified":"2026-03-26T22:59:37","modified_gmt":"2026-03-26T22:59:37","slug":"tarjeta-sd-sandisk-256gb-extreme-pro","status":"publish","type":"product","link":"https:\/\/hekalsoluciones.com\/hekalsoluciones\/producto\/tarjeta-sd-sandisk-256gb-extreme-pro\/","title":{"rendered":"Tarjeta SD SanDisk 256GB Extreme PRO"},"content":{"rendered":"<p>Esta tarjeta SDXC se destaca por su gran capacidad de registro de datos, que potencia la velocidad de transferencia y ofrece un uso c\u00f3modo y pr\u00e1ctico. Resulta ideal para grabar videos de alta resoluci\u00f3n y calidad. Optimiza tu espacio y gana tiempo. SanDisk es sin\u00f3nimo de rendimiento, calidad y confiabilidad. No solo te permitir\u00e1 fotografiar momentos, sino que adem\u00e1s ser\u00e1s capaz de almacenar y compartir cada experiencia, donde sea que te encuentre la inspiraci\u00f3n. Con SanDisk podr\u00e1s capturar, preservar, acceder y transformar diversidad de datos.<\/p>\n<div class=\"shopcommerce-product-attributes\">\n<h4>Especificaciones<\/h4>\n<ul class=\"product-specs\">\n<li><strong>CONDICI\u00d3N:<\/strong> NUEVO<\/li>\n<li><strong>COLOR:<\/strong> NEGRO<\/li>\n<li><strong>MARCA:<\/strong> SANDISK<\/li>\n<li><strong>MODELO:<\/strong> SDSDXXD-256G-GN4IN<\/li>\n<li><strong>L\u00cdNEA DE PRODUCTOS:<\/strong> Memorias<\/li>\n<li><strong>FUENTE DEL PRODUCTO:<\/strong> SanDisk<\/li>\n<li><strong>ES KIT:<\/strong> NO<\/li>\n<li><strong>CANTIDAD DE PINES:<\/strong> <em>N\/A<\/em><\/li>\n<li><strong>VOLTAJE DE ALIMENTACI\u00d3N:<\/strong> 0.00<\/li>\n<li><strong>VELOCIDAD:<\/strong> <em>N\/A<\/em><\/li>\n<li><strong>VELOCIDAD DE TRANSFERENCIA:<\/strong> <em>N\/A<\/em><\/li>\n<li><strong>USO:<\/strong> <em>N\/A<\/em><\/li>\n<li><strong>UNIDADES DE DIMENSI\u00d3N:<\/strong> MM<\/li>\n<li><strong>CAPACIDAD TOTAL MB:<\/strong> 264.14<\/li>\n<li><strong>CAPACIDAD TOTAL GB:<\/strong> 256.00<\/li>\n<li><strong>TECNOLOG\u00cdA DE MEMORIA:<\/strong> <em>N\/A<\/em><\/li>\n<li><strong>ES GAMER:<\/strong> NO<\/li>\n<li><strong>FORMATO DE MEMORIA:<\/strong> SDXC<\/li>\n<li><strong>MODULOS DE MEMORIA:<\/strong> <em>N\/A<\/em><\/li>\n<li><strong>UNIDAD DE PESO:<\/strong> GR<\/li>\n<li><strong>LATENCIA CAS:<\/strong> <em>N\/A<\/em><\/li>\n<li><strong>SKU:<\/strong> SDSDXXD-256G-GN4IN<\/li>\n<li><strong>NOMBRE O DESCRIPCION:<\/strong> Tarjeta SD SanDisk 256GB Extreme PRO<\/li>\n<li><strong>EAN:<\/strong> <em>N\/A<\/em><\/li>\n<li><strong>SKU SIMPLE:<\/strong> SDSDXXD-256G-GN4IN<\/li>\n<li><strong>ANCHURA DEL PAQUETE DE ENV\u00cdO:<\/strong> <em>N\/A<\/em><\/li>\n<li><strong>ALTURA DEL PAQUETE DE ENV\u00cdO:<\/strong> <em>N\/A<\/em><\/li>\n<li><strong>LARGO DEL PAQUETE DE ENV\u00cdO:<\/strong> <em>N\/A<\/em><\/li>\n<li><strong>PESO DEL PAQUETE:<\/strong> <em>N\/A<\/em><\/li>\n<li><strong>CARACTERISTICAS:<\/strong> Esta tarjeta SDXC se destaca por su gran capacidad de registro de datos, que potencia la velocidad de transferencia y ofrece un uso c\u00f3modo y pr\u00e1ctico. Resulta ideal para grabar videos de alta resoluci\u00f3n y calidad. Optimiza tu espacio y gana tiempo. SanDisk es sin\u00f3nimo de rendimiento, calidad y confiabilidad. No solo te permitir\u00e1 fotografiar momentos, sino que adem\u00e1s ser\u00e1s capaz de almacenar y compartir cada experiencia, donde sea que te encuentre la inspiraci\u00f3n. Con SanDisk podr\u00e1s capturar, preservar, acceder y transformar diversidad de datos.<\/li>\n<\/ul>\n<\/div>\n","protected":false},"excerpt":{"rendered":"<p>Esta tarjeta SDXC se destaca por su gran capacidad de registro de datos, que potencia la velocidad de transferencia y ofrece un uso c\u00f3modo y pr\u00e1ctico. Resulta ideal para grabar<\/p>\n","protected":false},"featured_media":13840,"comment_status":"open","ping_status":"closed","template":"","meta":{"_monsterinsights_skip_tracking":false,"_monsterinsights_sitenote_active":false,"_monsterinsights_sitenote_note":"","_monsterinsights_sitenote_category":0},"aioseo_notices":[],"_links":{"self":[{"href":"https:\/\/hekalsoluciones.com\/hekalsoluciones\/wp-json\/wp\/v2\/product\/13839"}],"collection":[{"href":"https:\/\/hekalsoluciones.com\/hekalsoluciones\/wp-json\/wp\/v2\/product"}],"about":[{"href":"https:\/\/hekalsoluciones.com\/hekalsoluciones\/wp-json\/wp\/v2\/types\/product"}],"replies":[{"embeddable":true,"href":"https:\/\/hekalsoluciones.com\/hekalsoluciones\/wp-json\/wp\/v2\/comments?post=13839"}],"wp:featuredmedia":[{"embeddable":true,"href":"https:\/\/hekalsoluciones.com\/hekalsoluciones\/wp-json\/wp\/v2\/media\/13840"}],"wp:attachment":[{"href":"https:\/\/hekalsoluciones.com\/hekalsoluciones\/wp-json\/wp\/v2\/media?parent=13839"}],"curies":[{"name":"wp","href":"https:\/\/api.w.org\/{rel}","templated":true}]}}