{"id":13855,"date":"2026-03-26T21:51:37","date_gmt":"2026-03-26T21:51:37","guid":{"rendered":"https:\/\/hekalsoluciones.com\/hekalsoluciones\/producto\/impresora-hp-laserjet-m408dn-color-blanco\/"},"modified":"2026-04-23T17:33:53","modified_gmt":"2026-04-23T17:33:53","slug":"impresora-hp-laserjet-m408dn-color-blanco","status":"publish","type":"product","link":"https:\/\/hekalsoluciones.com\/hekalsoluciones\/producto\/impresora-hp-laserjet-m408dn-color-blanco\/","title":{"rendered":"Impresora HP LaserJet M408DN COLOR Blanco"},"content":{"rendered":"<p>La impresora es adecuada para entornos de trabajo con una demanda moderada a alta de impresi\u00f3n. Con una velocidad eficiente de 42 ppm, ofrece flexibilidad de conectividad a trav\u00e9s de red y USB. Su memoria de 256 MB y resoluci\u00f3n de 1200&#215;1200 ppp garantizan una gesti\u00f3n eficiente y una calidad de impresi\u00f3n n\u00edtida. La funci\u00f3n E-PRINT sugiere compatibilidad con servicios en la nube o m\u00f3viles. Con un ciclo m\u00e1ximo de trabajo de hasta 80,000 p\u00e1ginas y un volumen mensual recomendado de 1500 a 3500 p\u00e1ginas, es una opci\u00f3n s\u00f3lida para entornos de oficina con necesidades considerables de impresi\u00f3n.<\/p>\n<div class=\"shopcommerce-product-attributes\">\n<h4>Especificaciones<\/h4>\n<ul class=\"product-specs\">\n<li><strong>CONDICI\u00d3N:<\/strong> NUEVO<\/li>\n<li><strong>COLOR:<\/strong> BLANCO<\/li>\n<li><strong>MARCA:<\/strong> HP<\/li>\n<li><strong>MODELO:<\/strong> Impresora HP LaserJet M408DN<\/li>\n<li><strong>L\u00cdNEA DE PRODUCTOS:<\/strong> SI<\/li>\n<li><strong>VOLTAJE:<\/strong> 0.00<\/li>\n<li><strong>MODELO ALFANUMERICO:<\/strong> 7UQ75A#BGJ<\/li>\n<li><strong>MODELO DETALLADO:<\/strong> 7UQ75A#BGJ<\/li>\n<li><strong>CON WI-FI:<\/strong> SI<\/li>\n<li><strong>ES KIT:<\/strong> NO<\/li>\n<li><strong>ACCESORIOS INCLUIDOS:<\/strong> NO<\/li>\n<li><strong>CANTIDAD DE CARTUCHOS:<\/strong> 1<\/li>\n<li><strong>CANTIDAD DE CHAROLAS:<\/strong> <em>N\/A<\/em><\/li>\n<li><strong>VELOCIDAD PROCESADOR:<\/strong> 600.00<\/li>\n<li><strong>VELOCIDAD DE IMPRESION EN COLOR:<\/strong> N\/A<\/li>\n<li><strong>VELOCIDAD DE IMPRESION EN BLANCO Y NEGRO:<\/strong> Hasta40 ppm<\/li>\n<li><strong>UNIDADES DE DIMENSI\u00d3N:<\/strong> MM<\/li>\n<li><strong>UNIDAD DE VELOCIDAD DEL PROCESADOR:<\/strong> MHz<\/li>\n<li><strong>TIPOS DE PAPEL:<\/strong> &quot;Bandeja 1: 60 a 220 g\/m\u00b2<\/li>\n<li><strong>CAPACIDAD M\u00c1XIMA DE HOJAS:<\/strong> <em>N\/A<\/em><\/li>\n<li><strong>TIPO DE PANTALLA:<\/strong> LCD de 2 l\u00edneas<\/li>\n<li><strong>TIPO DE IMPRESORA:<\/strong> Impresora Monocromatica<\/li>\n<li><strong>TIPO DE IMPRESI\u00d3N:<\/strong> TONER<\/li>\n<li><strong>CON BLUETOOTH:<\/strong> NO<\/li>\n<li><strong>CON USB:<\/strong> SI<\/li>\n<li><strong>TECNOLOG\u00cdA DE IMPRESI\u00d3N:<\/strong> LASER<\/li>\n<li><strong>CONEXIONES M\u00d3VILES:<\/strong> NO<\/li>\n<li><strong>ES PORT\u00c1TIL:<\/strong> NO<\/li>\n<li><strong>TAMANOS DE PAPEL:<\/strong> &quot;Bandeja 1: A4, A5, A6, B5 (ISO), B5 (JIS), Oficio, Sobre (DL, C5, C6)<\/li>\n<li><strong>UNIDAD DE PESO:<\/strong> KG<\/li>\n<li><strong>FUNCIONES DE LA IMPRESORA:<\/strong> IMPRESORA LASER MONOCROMATICA<\/li>\n<li><strong>SKU:<\/strong> 7UQ75A#BGJ<\/li>\n<li><strong>NOMBRE O DESCRIPCION:<\/strong> Impresora HP LaserJet M408DN<\/li>\n<li><strong>IMAGEN:<\/strong> SI<\/li>\n<li><strong>EAN:<\/strong> 194850414022<\/li>\n<li><strong>SKU SIMPLE:<\/strong> 7UQ75A#BGJ<\/li>\n<li><strong>PRECIO:<\/strong> N\/A<\/li>\n<li><strong>STOCK:<\/strong> N\/A<\/li>\n<li><strong>M\u00c9TODO DE ENV\u00cdO:<\/strong> N\/A<\/li>\n<li><strong>ANCHURA DEL PAQUETE DE ENV\u00cdO:<\/strong> 366<\/li>\n<li><strong>ALTURA DEL PAQUETE DE ENV\u00cdO:<\/strong> 402<\/li>\n<li><strong>LARGO DEL PAQUETE DE ENV\u00cdO:<\/strong> 642,2<\/li>\n<li><strong>PESO DEL PAQUETE:<\/strong> 16,04<\/li>\n<li><strong>CANAL EXCLUSIVO:<\/strong> N\/A<\/li>\n<li><strong>PRODUCTO NUEVO:<\/strong> SI<\/li>\n<li><strong>NOMBRE:<\/strong> Impresora HP LaserJet M408DN COLOR Blanco<\/li>\n<li><strong>CARACTERISTICAS:<\/strong> La impresora es adecuada para entornos de trabajo con una demanda moderada a alta de impresi\u00f3n. Con una velocidad eficiente de 42 ppm, ofrece flexibilidad de conectividad a trav\u00e9s de red y USB. Su memoria de 256 MB y resoluci\u00f3n de 1200&#215;1200 ppp garantizan una gesti\u00f3n eficiente y una calidad de impresi\u00f3n n\u00edtida. La funci\u00f3n E-PRINT sugiere compatibilidad con servicios en la nube o m\u00f3viles. Con un ciclo m\u00e1ximo de trabajo de hasta 80,000 p\u00e1ginas y un volumen mensual recomendado de 1500 a 3500 p\u00e1ginas, es una opci\u00f3n s\u00f3lida para entornos de oficina con necesidades considerables de impresi\u00f3n.<\/li>\n<\/ul>\n<\/div>\n","protected":false},"excerpt":{"rendered":"<p>La impresora es adecuada para entornos de trabajo con una demanda moderada a alta de impresi\u00f3n. Con una velocidad eficiente de 42 ppm, ofrece flexibilidad de conectividad a trav\u00e9s de<\/p>\n","protected":false},"featured_media":13856,"comment_status":"open","ping_status":"closed","template":"","meta":{"_monsterinsights_skip_tracking":false,"_monsterinsights_sitenote_active":false,"_monsterinsights_sitenote_note":"","_monsterinsights_sitenote_category":0},"aioseo_notices":[],"_links":{"self":[{"href":"https:\/\/hekalsoluciones.com\/hekalsoluciones\/wp-json\/wp\/v2\/product\/13855"}],"collection":[{"href":"https:\/\/hekalsoluciones.com\/hekalsoluciones\/wp-json\/wp\/v2\/product"}],"about":[{"href":"https:\/\/hekalsoluciones.com\/hekalsoluciones\/wp-json\/wp\/v2\/types\/product"}],"replies":[{"embeddable":true,"href":"https:\/\/hekalsoluciones.com\/hekalsoluciones\/wp-json\/wp\/v2\/comments?post=13855"}],"wp:featuredmedia":[{"embeddable":true,"href":"https:\/\/hekalsoluciones.com\/hekalsoluciones\/wp-json\/wp\/v2\/media\/13856"}],"wp:attachment":[{"href":"https:\/\/hekalsoluciones.com\/hekalsoluciones\/wp-json\/wp\/v2\/media?parent=13855"}],"curies":[{"name":"wp","href":"https:\/\/api.w.org\/{rel}","templated":true}]}}