{"id":13903,"date":"2026-04-16T15:40:34","date_gmt":"2026-04-16T15:40:34","guid":{"rendered":"https:\/\/hekalsoluciones.com\/hekalsoluciones\/producto\/mouse-m170-logitech-inalambrico-rojo\/"},"modified":"2026-04-28T12:27:06","modified_gmt":"2026-04-28T12:27:06","slug":"mouse-m170-logitech-inalambrico-rojo","status":"publish","type":"product","link":"https:\/\/hekalsoluciones.com\/hekalsoluciones\/producto\/mouse-m170-logitech-inalambrico-rojo\/","title":{"rendered":"Mouse M170 Logitech Inal\u00e1mbrico Rojo"},"content":{"rendered":"<p>Receptor USB Compatible Win-Mac Duraci\u00f3n Bater\u00eda Hasta 12 Meses. El M170 est\u00e1 listo a la vez que t\u00fa. Simplemente conecta el receptor a un puerto USB de tu dispositivo para comenzar a trabajar en cuesti\u00f3n de segundos. Con su peque\u00f1o tama\u00f1o y el fluido control del cursor, es fant\u00e1stico para espacios de trabajo reducidos y mesas llenas de cosas. Tiene un dise\u00f1o ambidiestro y un tama\u00f1o id\u00f3neo para la bolsa de la laptop, para que zurdos y diestros puedan trabajar donde quieran. Navegaci\u00f3n sencilla gracias a un desplazamiento controlado l\u00ednea a l\u00ednea y a un seguimiento \u00f3ptico. El sensor \u00f3ptico ofrece un control del cursor suave y preciso en casi cualquier superficie. As\u00ed los movimientos del rat\u00f3n son m\u00e1s exactos, sin desperdiciar ning\u00fan clic.<\/p>\n<div class=\"shopcommerce-product-attributes\">\n<h4>Especificaciones<\/h4>\n<ul class=\"product-specs\">\n<li><strong>CONDICI\u00d3N:<\/strong> nuevo<\/li>\n<li><strong>COLOR:<\/strong> Rojo<\/li>\n<li><strong>MARCA:<\/strong> Logitech<\/li>\n<li><strong>MODELO:<\/strong> no<\/li>\n<li><strong>L\u00cdNEA DE PRODUCTOS:<\/strong> Mouse<\/li>\n<li><strong>MODELO ALFANUMERICO:<\/strong> no<\/li>\n<li><strong>MODELO DETALLADO:<\/strong> no<\/li>\n<li><strong>FUENTE DEL PRODUCTO:<\/strong> n\/a<\/li>\n<li><strong>ES KIT:<\/strong> no<\/li>\n<li><strong>ALCANCE MAXIMO EN CM:<\/strong> 0.00<\/li>\n<li><strong>ALCANCE MAXIMO EN M:<\/strong> 10.00<\/li>\n<li><strong>ALCANCE MAXIMO EN KM:<\/strong> 0.00<\/li>\n<li><strong>ALCANCE MAXIMO EN PIES:<\/strong> 0.00<\/li>\n<li><strong>TIPO DE SENSOR:<\/strong> &quot;Desplazamiento l\u00ednea a l\u00ednea<br \/>\nRueda de desplazamiento: S\u00ed, 2D, \u00f3ptico&quot;<\/li>\n<li><strong>TIPO DE MOUSE:<\/strong> inalambrico<\/li>\n<li><strong>CON BLUETOOTH:<\/strong> SI<\/li>\n<li><strong>CON CABLE:<\/strong> no<\/li>\n<li><strong>CON CABLE RETR\u00c1CTIL:<\/strong> no<\/li>\n<li><strong>CON INTERRUPTOR DE AHORRO DE ENERG\u00cdA:<\/strong> no<\/li>\n<li><strong>CON LUCES:<\/strong> no<\/li>\n<li><strong>CON RUEDA DE DESPLAZAMIENTO:<\/strong> si<\/li>\n<li><strong>TECNOLOG\u00cdA DEL SENSOR:<\/strong> &quot;Seguimiento \u00f3ptico uniforme<br \/>\nDPI (m\u00edn.\/m\u00e1x.): 1000\u00b1&quot;<\/li>\n<li><strong>ES INAL\u00c1MBRICO USB:<\/strong> si<\/li>\n<li><strong>ES RECARGABLE:<\/strong> no<\/li>\n<li><strong>RESOLUCI\u00d3N DEL SENSOR DEL MOUSE\u00a0DPI:<\/strong> 1000\u00b1<\/li>\n<li><strong>RESOLUCI\u00d3N DEL SENSOR DEL MOUSE\u00a0PPI:<\/strong> <em>N\/A<\/em><\/li>\n<li><strong>RADIO FRECUENCIA:<\/strong> N\/A<\/li>\n<li><strong>NUMERO DE BOTONES:<\/strong> 3<\/li>\n<li><strong>INTERFACES:<\/strong> n\/a<\/li>\n<li><strong>INCLUYE MOUSEPAD:<\/strong> no<\/li>\n<li><strong>SKU:<\/strong> 910-004941<\/li>\n<li><strong>NOMBRE O DESCRIPCION:<\/strong> Mouse M170 Logitech Inal\u00e1mbrico Rojo<\/li>\n<li><strong>IMAGEN:<\/strong> SI<\/li>\n<li><strong>EAN:<\/strong> 10097855124194<\/li>\n<li><strong>CANAL EXCLUSIVO:<\/strong> N\/A<\/li>\n<li><strong>PRODUCTO NUEVO:<\/strong> si<\/li>\n<li><strong>CARACTERISTICAS:<\/strong> Receptor USB Compatible Win-Mac Duraci\u00f3n Bater\u00eda Hasta 12 Meses. El M170 est\u00e1 listo a la vez que t\u00fa. Simplemente conecta el receptor a un puerto USB de tu dispositivo para comenzar a trabajar en cuesti\u00f3n de segundos. Con su peque\u00f1o tama\u00f1o y el fluido control del cursor, es fant\u00e1stico para espacios de trabajo reducidos y mesas llenas de cosas. Tiene un dise\u00f1o ambidiestro y un tama\u00f1o id\u00f3neo para la bolsa de la laptop, para que zurdos y diestros puedan trabajar donde quieran. Navegaci\u00f3n sencilla gracias a un desplazamiento controlado l\u00ednea a l\u00ednea y a un seguimiento \u00f3ptico. El sensor \u00f3ptico ofrece un control del cursor suave y preciso en casi cualquier superficie. As\u00ed los movimientos del rat\u00f3n son m\u00e1s exactos, sin desperdiciar ning\u00fan clic.<\/li>\n<\/ul>\n<\/div>\n","protected":false},"excerpt":{"rendered":"<p>Receptor USB Compatible Win-Mac Duraci\u00f3n Bater\u00eda Hasta 12 Meses. El M170 est\u00e1 listo a la vez que t\u00fa. Simplemente conecta el receptor a un puerto USB de tu dispositivo para<\/p>\n","protected":false},"featured_media":13904,"comment_status":"open","ping_status":"closed","template":"","meta":{"_monsterinsights_skip_tracking":false,"_monsterinsights_sitenote_active":false,"_monsterinsights_sitenote_note":"","_monsterinsights_sitenote_category":0},"aioseo_notices":[],"_links":{"self":[{"href":"https:\/\/hekalsoluciones.com\/hekalsoluciones\/wp-json\/wp\/v2\/product\/13903"}],"collection":[{"href":"https:\/\/hekalsoluciones.com\/hekalsoluciones\/wp-json\/wp\/v2\/product"}],"about":[{"href":"https:\/\/hekalsoluciones.com\/hekalsoluciones\/wp-json\/wp\/v2\/types\/product"}],"replies":[{"embeddable":true,"href":"https:\/\/hekalsoluciones.com\/hekalsoluciones\/wp-json\/wp\/v2\/comments?post=13903"}],"wp:featuredmedia":[{"embeddable":true,"href":"https:\/\/hekalsoluciones.com\/hekalsoluciones\/wp-json\/wp\/v2\/media\/13904"}],"wp:attachment":[{"href":"https:\/\/hekalsoluciones.com\/hekalsoluciones\/wp-json\/wp\/v2\/media?parent=13903"}],"curies":[{"name":"wp","href":"https:\/\/api.w.org\/{rel}","templated":true}]}}