{"id":13913,"date":"2026-04-16T15:40:45","date_gmt":"2026-04-16T15:40:45","guid":{"rendered":"https:\/\/hekalsoluciones.com\/hekalsoluciones\/producto\/hub-logitech-de-microfono-rally-color-negro\/"},"modified":"2026-05-04T10:36:33","modified_gmt":"2026-05-04T10:36:33","slug":"hub-logitech-de-microfono-rally-color-negro","status":"publish","type":"product","link":"https:\/\/hekalsoluciones.com\/hekalsoluciones\/producto\/hub-logitech-de-microfono-rally-color-negro\/","title":{"rendered":"Hub LOGITECH De Micr\u00f3fono Rally COLOR Negro"},"content":{"rendered":"<p>Los hubs de micr\u00f3fono Rally ofrecen flexibilidad de colocaci\u00f3n de micr\u00f3fonos en pr\u00e1cticamente cualquier mesa de conferencias. Una alternativa a los micr\u00f3fono conectados en serie, el hub de micr\u00f3fono Rally proporciona tres conexiones aptas para cualquier combinaci\u00f3n de micr\u00f3fonos o hubs adicionales. Con los accesorios para montaje bajo la mesa se disimulan los cables y se obtiene un entorno m\u00e1s despejado.<\/p>\n<div class=\"shopcommerce-product-attributes\">\n<h4>Especificaciones<\/h4>\n<ul class=\"product-specs\">\n<li><strong>CONDICI\u00d3N:<\/strong> NUEVO<\/li>\n<li><strong>COLOR:<\/strong> NEGRO<\/li>\n<li><strong>MARCA:<\/strong> LOGITECH<\/li>\n<li><strong>MODELO:<\/strong> <em>N\/A<\/em><\/li>\n<li><strong>MODELO DETALLADO:<\/strong> <em>N\/A<\/em><\/li>\n<li><strong>FUENTE DEL PRODUCTO:<\/strong> <em>N\/A<\/em><\/li>\n<li><strong>ES KIT:<\/strong> NO<\/li>\n<li><strong>ACCESORIOS INCLUIDOS:<\/strong> SI<\/li>\n<li><strong>CANTIDAD DE MICR\u00d3FONOS:<\/strong> 12<\/li>\n<li><strong>COMPATIBILIDAD:<\/strong> Rally, Rally Plus, Rally Bar o Rally Bar Mini<\/li>\n<li><strong>CON CONEXI\u00d3N BLUETOOTH:<\/strong> NO<\/li>\n<li><strong>CON PARLANTE INCORPORADO:<\/strong> NO<\/li>\n<li><strong>CONECTOR DE SALIDA:<\/strong> <em>N\/A<\/em><\/li>\n<li><strong>ES INAL\u00c1MBRICO:<\/strong> SI<\/li>\n<li><strong>FORMATO:<\/strong> <em>N\/A<\/em><\/li>\n<li><strong>LARGO DEL CABLE CM:<\/strong> 2.95<\/li>\n<li><strong>LARGO DEL CABLE MM:<\/strong> 0.00<\/li>\n<li><strong>IMPEDANCIA:<\/strong> <em>N\/A<\/em><\/li>\n<li><strong>FRECUENCIA M\u00cdNIMA:<\/strong> <em>N\/A<\/em><\/li>\n<li><strong>FRECUENCIA M\u00c1XIMA:<\/strong> <em>N\/A<\/em><\/li>\n<li><strong>SKU:<\/strong> 939-001647<\/li>\n<li><strong>NOMBRE O DESCRIPCION:<\/strong> Hub LOGITECH De Micr\u00f3fono Rally COLOR Negro<\/li>\n<li><strong>EAN:<\/strong> <em>N\/A<\/em><\/li>\n<li><strong>SKU SIMPLE:<\/strong> 939-001647<\/li>\n<li><strong>ANCHURA DEL PAQUETE DE ENV\u00cdO:<\/strong> 102 mm<\/li>\n<li><strong>ALTURA DEL PAQUETE DE ENV\u00cdO:<\/strong> 16 mm<\/li>\n<li><strong>CARACTERISTICAS:<\/strong> Los hubs de micr\u00f3fono Rally ofrecen flexibilidad de colocaci\u00f3n de micr\u00f3fonos en pr\u00e1cticamente cualquier mesa de conferencias. Una alternativa a los micr\u00f3fono conectados en serie, el hub de micr\u00f3fono Rally proporciona tres conexiones aptas para cualquier combinaci\u00f3n de micr\u00f3fonos o hubs adicionales. Con los accesorios para montaje bajo la mesa se disimulan los cables y se obtiene un entorno m\u00e1s despejado.<\/li>\n<\/ul>\n<\/div>\n","protected":false},"excerpt":{"rendered":"<p>Los hubs de micr\u00f3fono Rally ofrecen flexibilidad de colocaci\u00f3n de micr\u00f3fonos en pr\u00e1cticamente cualquier mesa de conferencias. Una alternativa a los micr\u00f3fono conectados en serie, el hub de micr\u00f3fono Rally<\/p>\n","protected":false},"featured_media":11089,"comment_status":"open","ping_status":"closed","template":"","meta":{"_monsterinsights_skip_tracking":false,"_monsterinsights_sitenote_active":false,"_monsterinsights_sitenote_note":"","_monsterinsights_sitenote_category":0},"aioseo_notices":[],"_links":{"self":[{"href":"https:\/\/hekalsoluciones.com\/hekalsoluciones\/wp-json\/wp\/v2\/product\/13913"}],"collection":[{"href":"https:\/\/hekalsoluciones.com\/hekalsoluciones\/wp-json\/wp\/v2\/product"}],"about":[{"href":"https:\/\/hekalsoluciones.com\/hekalsoluciones\/wp-json\/wp\/v2\/types\/product"}],"replies":[{"embeddable":true,"href":"https:\/\/hekalsoluciones.com\/hekalsoluciones\/wp-json\/wp\/v2\/comments?post=13913"}],"wp:featuredmedia":[{"embeddable":true,"href":"https:\/\/hekalsoluciones.com\/hekalsoluciones\/wp-json\/wp\/v2\/media\/11089"}],"wp:attachment":[{"href":"https:\/\/hekalsoluciones.com\/hekalsoluciones\/wp-json\/wp\/v2\/media?parent=13913"}],"curies":[{"name":"wp","href":"https:\/\/api.w.org\/{rel}","templated":true}]}}