{"id":13928,"date":"2026-04-16T15:40:56","date_gmt":"2026-04-16T15:40:56","guid":{"rendered":"https:\/\/hekalsoluciones.com\/hekalsoluciones\/producto\/combo-inalambrico-teclado-y-raton-ref-330\/"},"modified":"2026-04-28T01:18:29","modified_gmt":"2026-04-28T01:18:29","slug":"combo-inalambrico-teclado-y-raton-ref-330","status":"publish","type":"product","link":"https:\/\/hekalsoluciones.com\/hekalsoluciones\/producto\/combo-inalambrico-teclado-y-raton-ref-330\/","title":{"rendered":"Combo inalambrico teclado y rat\u00f3n ref. 330"},"content":{"rendered":"<p>Combinaci\u00f3n de teclado y rat\u00f3n inal\u00e1mbricos 330<\/p>\n<div class=\"shopcommerce-product-attributes\">\n<h4>Especificaciones<\/h4>\n<ul class=\"product-specs\">\n<li><strong>ACCESORIOS INCLUIDOS:<\/strong> <em>N\/A<\/em><\/li>\n<\/ul>\n<\/div>\n","protected":false},"excerpt":{"rendered":"<p>Combinaci\u00f3n de teclado y rat\u00f3n inal\u00e1mbricos 330 Especificaciones ACCESORIOS INCLUIDOS: N\/A<\/p>\n","protected":false},"featured_media":11141,"comment_status":"open","ping_status":"closed","template":"","meta":{"_monsterinsights_skip_tracking":false,"_monsterinsights_sitenote_active":false,"_monsterinsights_sitenote_note":"","_monsterinsights_sitenote_category":0},"aioseo_notices":[],"_links":{"self":[{"href":"https:\/\/hekalsoluciones.com\/hekalsoluciones\/wp-json\/wp\/v2\/product\/13928"}],"collection":[{"href":"https:\/\/hekalsoluciones.com\/hekalsoluciones\/wp-json\/wp\/v2\/product"}],"about":[{"href":"https:\/\/hekalsoluciones.com\/hekalsoluciones\/wp-json\/wp\/v2\/types\/product"}],"replies":[{"embeddable":true,"href":"https:\/\/hekalsoluciones.com\/hekalsoluciones\/wp-json\/wp\/v2\/comments?post=13928"}],"wp:featuredmedia":[{"embeddable":true,"href":"https:\/\/hekalsoluciones.com\/hekalsoluciones\/wp-json\/wp\/v2\/media\/11141"}],"wp:attachment":[{"href":"https:\/\/hekalsoluciones.com\/hekalsoluciones\/wp-json\/wp\/v2\/media?parent=13928"}],"curies":[{"name":"wp","href":"https:\/\/api.w.org\/{rel}","templated":true}]}}