{"id":13936,"date":"2026-04-16T15:41:03","date_gmt":"2026-04-16T15:41:03","guid":{"rendered":"https:\/\/hekalsoluciones.com\/hekalsoluciones\/producto\/diadema-logitech-zone-cableada-uc\/"},"modified":"2026-04-17T20:24:08","modified_gmt":"2026-04-17T20:24:08","slug":"diadema-logitech-zone-cableada-uc","status":"publish","type":"product","link":"https:\/\/hekalsoluciones.com\/hekalsoluciones\/producto\/diadema-logitech-zone-cableada-uc\/","title":{"rendered":"Diadema logitech Zone Cableada UC"},"content":{"rendered":"<p>Los auriculares Zone Wired est\u00e1n dise\u00f1ados con amplios controladores de 40 mm para deleitar tus o\u00eddos. Los graves plenos, las n\u00edtidas frecuencias m\u00e1s altas y la distorsi\u00f3n incre\u00edblemente baja crean un gratificante sonido general, tanto en videollamadas como al escuchar m\u00fasica o alternando entre ambas actividades. An\u00edmate a crear tu propia burbuja de audio a tu gusto, con unos auriculares con cable que suenan genial incluso en los entornos de trabajo abiertos m\u00e1s concurridos.<\/p>\n<div class=\"shopcommerce-product-attributes\">\n<h4>Especificaciones<\/h4>\n<ul class=\"product-specs\">\n<li><strong>CONDICI\u00d3N:<\/strong> NUEVO<\/li>\n<li><strong>COLOR:<\/strong> NEGRO<\/li>\n<li><strong>MARCA:<\/strong> LOGITECH<\/li>\n<li><strong>MODELO:<\/strong> ZONE<\/li>\n<li><strong>L\u00cdNEA DE PRODUCTOS:<\/strong> ZONE<\/li>\n<li><strong>MODELO ALFANUMERICO:<\/strong> ZONE<\/li>\n<li><strong>MODELO DETALLADO:<\/strong> DIADEMA ZONE<\/li>\n<li><strong>FUENTE DEL PRODUCTO:<\/strong> N\/A<\/li>\n<li><strong>ES KIT:<\/strong> NO<\/li>\n<li><strong>ACCESORIOS INCLUIDOS:<\/strong> <em>N\/A<\/em><\/li>\n<li><strong>ALCANCE INALAMBRICO:<\/strong> 30 mts<\/li>\n<li><strong>VIDA MEDIA DE BATER\u00cdA:<\/strong> Duraci\u00f3n de bater\u00eda (tiempo en conversaci\u00f3n): 14 horas (ANC activado), 15 horas (ANC desactivado<\/li>\n<li><strong>USOS APTOS:<\/strong> Aud\u00edfonos con micr\u00f3fono Bluetooth dise\u00f1ados para ayudarte a trabajar en cualquier sitio con sonido excepcional, micr\u00f3fono volteable para silenciar y carga inal\u00e1mbrica<\/li>\n<li><strong>UNIDADES DE DIMENSI\u00d3N:<\/strong> CM<\/li>\n<li><strong>CARGA INALAMBRICA:<\/strong> NO<\/li>\n<li><strong>TIPO DE CONECTOR:<\/strong> USB, Bluettoth<\/li>\n<li><strong>CON BLUETOOTH:<\/strong> NO<\/li>\n<li><strong>CONSOLA COMPATIBLE:<\/strong> N\/A<\/li>\n<li><strong>SENSIBILIDAD:<\/strong> 100-8KHz<\/li>\n<li><strong>RESPUESTA EN FRECUENCIA:<\/strong> 85-20 kHz a 3dB<\/li>\n<li><strong>ES GAMER:<\/strong> NO<\/li>\n<li><strong>ES INAL\u00c1MBRICO:<\/strong> NO<\/li>\n<li><strong>ES MONOAURAL:<\/strong> NO<\/li>\n<li><strong>ES RESISTENTE AL AGUA:<\/strong> NO<\/li>\n<li><strong>FORMATO:<\/strong> N\/A<\/li>\n<li><strong>TAMANO EFECTIVO DE MEMORIA:<\/strong> N\/A<\/li>\n<li><strong>UNIDAD DE PESO:<\/strong> KG<\/li>\n<li><strong>UNIDAD DE DIAFRAGMA:<\/strong> N\/A<\/li>\n<li><strong>LARGO DEL CABLE CM:<\/strong> 0.00<\/li>\n<li><strong>LARGO DEL CABLE MM:<\/strong> 0.00<\/li>\n<li><strong>INCLUYE BASE DE CARGA:<\/strong> NO<\/li>\n<li><strong>IMPEDANCIA:<\/strong> N\/A<\/li>\n<li><strong>SKU:<\/strong> 981-000876<\/li>\n<li><strong>NOMBRE O DESCRIPCION:<\/strong> Diadema logitech Zone Cableada UC<\/li>\n<li><strong>IMAGEN:<\/strong> SI<\/li>\n<li><strong>EAN:<\/strong> 097855157928<\/li>\n<li><strong>SKU SIMPLE:<\/strong> 981-000876<\/li>\n<li><strong>PRECIO:<\/strong> N\/A<\/li>\n<li><strong>STOCK:<\/strong> N\/A<\/li>\n<li><strong>M\u00c9TODO DE ENV\u00cdO:<\/strong> N\/A<\/li>\n<li><strong>ANCHURA DEL PAQUETE DE ENV\u00cdO:<\/strong> 176,7<\/li>\n<li><strong>ALTURA DEL PAQUETE DE ENV\u00cdO:<\/strong> 174,7<\/li>\n<li><strong>LARGO DEL PAQUETE DE ENV\u00cdO:<\/strong> 70,7<\/li>\n<li><strong>PESO DEL PAQUETE:<\/strong> 0,1808<\/li>\n<li><strong>CANAL EXCLUSIVO:<\/strong> N\/A<\/li>\n<li><strong>PRODUCTO NUEVO:<\/strong> SI<\/li>\n<li><strong>NOMBRE:<\/strong> Diadema logitech Zone Cableada UC<\/li>\n<li><strong>CARACTERISTICAS:<\/strong> Los auriculares Zone Wired est\u00e1n dise\u00f1ados con amplios controladores de 40 mm para deleitar tus o\u00eddos. Los graves plenos, las n\u00edtidas frecuencias m\u00e1s altas y la distorsi\u00f3n incre\u00edblemente baja crean un gratificante sonido general, tanto en videollamadas como al escuchar m\u00fasica o alternando entre ambas actividades. An\u00edmate a crear tu propia burbuja de audio a tu gusto, con unos auriculares con cable que suenan genial incluso en los entornos de trabajo abiertos m\u00e1s concurridos.<\/li>\n<\/ul>\n<\/div>\n","protected":false},"excerpt":{"rendered":"<p>Los auriculares Zone Wired est\u00e1n dise\u00f1ados con amplios controladores de 40 mm para deleitar tus o\u00eddos. Los graves plenos, las n\u00edtidas frecuencias m\u00e1s altas y la distorsi\u00f3n incre\u00edblemente baja crean<\/p>\n","protected":false},"featured_media":13937,"comment_status":"open","ping_status":"closed","template":"","meta":{"_monsterinsights_skip_tracking":false,"_monsterinsights_sitenote_active":false,"_monsterinsights_sitenote_note":"","_monsterinsights_sitenote_category":0},"aioseo_notices":[],"_links":{"self":[{"href":"https:\/\/hekalsoluciones.com\/hekalsoluciones\/wp-json\/wp\/v2\/product\/13936"}],"collection":[{"href":"https:\/\/hekalsoluciones.com\/hekalsoluciones\/wp-json\/wp\/v2\/product"}],"about":[{"href":"https:\/\/hekalsoluciones.com\/hekalsoluciones\/wp-json\/wp\/v2\/types\/product"}],"replies":[{"embeddable":true,"href":"https:\/\/hekalsoluciones.com\/hekalsoluciones\/wp-json\/wp\/v2\/comments?post=13936"}],"wp:featuredmedia":[{"embeddable":true,"href":"https:\/\/hekalsoluciones.com\/hekalsoluciones\/wp-json\/wp\/v2\/media\/13937"}],"wp:attachment":[{"href":"https:\/\/hekalsoluciones.com\/hekalsoluciones\/wp-json\/wp\/v2\/media?parent=13936"}],"curies":[{"name":"wp","href":"https:\/\/api.w.org\/{rel}","templated":true}]}}