{"id":13965,"date":"2026-04-16T15:41:32","date_gmt":"2026-04-16T15:41:32","guid":{"rendered":"https:\/\/hekalsoluciones.com\/hekalsoluciones\/producto\/camara-logitech-brio-100-off-white\/"},"modified":"2026-04-27T21:34:25","modified_gmt":"2026-04-27T21:34:25","slug":"camara-logitech-brio-100-off-white","status":"publish","type":"product","link":"https:\/\/hekalsoluciones.com\/hekalsoluciones\/producto\/camara-logitech-brio-100-off-white\/","title":{"rendered":"C\u00e1mara LOGITECH Brio 100 Off-White"},"content":{"rendered":"<p>C\u00e1mara web Full HD 1080p con equilibrio de iluminaci\u00f3n autom\u00e1tico, tapa de privacidad integrada y micr\u00f3fono integrado.<\/p>\n<div class=\"shopcommerce-product-attributes\">\n<h4>Especificaciones<\/h4>\n<ul class=\"product-specs\">\n<li><strong>CONDICI\u00d3N:<\/strong> NUEVO<\/li>\n<li><strong>COLOR:<\/strong> BLANCO<\/li>\n<li><strong>MARCA:<\/strong> LOGITECH<\/li>\n<li><strong>MODELO:<\/strong> BRIO 100<\/li>\n<li><strong>MODELO ALFANUMERICO:<\/strong> BRIO 100<\/li>\n<li><strong>MODELO DETALLADO:<\/strong> BRIO 100<\/li>\n<li><strong>FUENTE DEL PRODUCTO:<\/strong> <em>N\/A<\/em><\/li>\n<li><strong>ES KIT:<\/strong> NO<\/li>\n<li><strong>TIPO DE LENTE:<\/strong> <em>N\/A<\/em><\/li>\n<li><strong>CON MICR\u00d3FONO INCORPORADO:<\/strong> SI<\/li>\n<li><strong>CON PROTECCI\u00d3N DE IMAGEN:<\/strong> SI<\/li>\n<li><strong>FLUIDEZ DE VIDEO:<\/strong> 30FPS<\/li>\n<li><strong>SISTEMA OPERATIVO QUE SOPORTA:<\/strong> Windows, macOS o ChromeOS y pr\u00e1cticamente cualquier plataforma de videollamada de uso com\u00fan.<\/li>\n<li><strong>RESOLUCI\u00d3N DE PANTALLA:<\/strong> Full HD<\/li>\n<li><strong>RESOLUCI\u00d3N DE LA IMAGEN:<\/strong> 1080<\/li>\n<li><strong>INTERFACES:<\/strong> <em>N\/A<\/em><\/li>\n<li><strong>SKU:<\/strong> <em>N\/A<\/em><\/li>\n<li><strong>NOMBRE O DESCRIPCION:<\/strong> <em>N\/A<\/em><\/li>\n<li><strong>EAN:<\/strong> <em>N\/A<\/em><\/li>\n<li><strong>SKU SIMPLE:<\/strong> <em>N\/A<\/em><\/li>\n<li><strong>ANCHURA DEL PAQUETE DE ENV\u00cdO:<\/strong> <em>N\/A<\/em><\/li>\n<li><strong>LARGO DEL PAQUETE DE ENV\u00cdO:<\/strong> <em>N\/A<\/em><\/li>\n<li><strong>PESO DEL PAQUETE:<\/strong> <em>N\/A<\/em><\/li>\n<li><strong>ACABADO DE LA ESTRUCTURA:<\/strong> <em>N\/A<\/em><\/li>\n<li><strong>NOMBRE:<\/strong> C\u00e1mara LOGITECH Brio 100 Off-White<\/li>\n<li><strong>CARACTERISTICAS:<\/strong> C\u00e1mara web Full HD 1080p con equilibrio de iluminaci\u00f3n autom\u00e1tico, tapa de privacidad integrada y micr\u00f3fono integrado.<\/li>\n<\/ul>\n<\/div>\n","protected":false},"excerpt":{"rendered":"<p>C\u00e1mara web Full HD 1080p con equilibrio de iluminaci\u00f3n autom\u00e1tico, tapa de privacidad integrada y micr\u00f3fono integrado. Especificaciones CONDICI\u00d3N: NUEVO COLOR: BLANCO MARCA: LOGITECH MODELO: BRIO 100 MODELO ALFANUMERICO: BRIO<\/p>\n","protected":false},"featured_media":11215,"comment_status":"open","ping_status":"closed","template":"","meta":{"_monsterinsights_skip_tracking":false,"_monsterinsights_sitenote_active":false,"_monsterinsights_sitenote_note":"","_monsterinsights_sitenote_category":0},"aioseo_notices":[],"_links":{"self":[{"href":"https:\/\/hekalsoluciones.com\/hekalsoluciones\/wp-json\/wp\/v2\/product\/13965"}],"collection":[{"href":"https:\/\/hekalsoluciones.com\/hekalsoluciones\/wp-json\/wp\/v2\/product"}],"about":[{"href":"https:\/\/hekalsoluciones.com\/hekalsoluciones\/wp-json\/wp\/v2\/types\/product"}],"replies":[{"embeddable":true,"href":"https:\/\/hekalsoluciones.com\/hekalsoluciones\/wp-json\/wp\/v2\/comments?post=13965"}],"wp:featuredmedia":[{"embeddable":true,"href":"https:\/\/hekalsoluciones.com\/hekalsoluciones\/wp-json\/wp\/v2\/media\/11215"}],"wp:attachment":[{"href":"https:\/\/hekalsoluciones.com\/hekalsoluciones\/wp-json\/wp\/v2\/media?parent=13965"}],"curies":[{"name":"wp","href":"https:\/\/api.w.org\/{rel}","templated":true}]}}