{"id":13980,"date":"2026-04-16T15:41:48","date_gmt":"2026-04-16T15:41:48","guid":{"rendered":"https:\/\/hekalsoluciones.com\/hekalsoluciones\/producto\/portatil-9kp97-dell-pro-essential-15-pv15250-13th-core-i7-1355u16-512-15-y1\/"},"modified":"2026-05-04T17:16:09","modified_gmt":"2026-05-04T17:16:09","slug":"portatil-9kp97-dell-pro-essential-15-pv15250-13th-core-i7-1355u16-512-15-y1","status":"publish","type":"product","link":"https:\/\/hekalsoluciones.com\/hekalsoluciones\/producto\/portatil-9kp97-dell-pro-essential-15-pv15250-13th-core-i7-1355u16-512-15-y1\/","title":{"rendered":"Portatil 9KP97 Dell Pro Essential 15 PV15250 13th Core\u2122 i7 1355U,16\/512\/15\/Y1"},"content":{"rendered":"<p>9KP97 Portatil  Dell Pro Essential 15 PV15250 13th Raptor Lake Procesador Intel\u00ae Core\u2122 i7 1355U (10 Cores, 12M Cache, up to 5.0 GHz, NO TOPS)  16GB DDR5: 1x16GB, at 4400 MT\/s, SSD 512GB QLC CL25 M.2, 15.6-inch FHD+ (1920&#215;1200) Narrow Border, LED-Backlit; Red:Realtek Wi-Fi 6 RTL8852BE, 2&#215;2, 802.11ax, MU-MIMO, Bluetooth\u00ae wireless card; Gr\u00e1ficos: Intel UHD Graphics, Teclado en espa\u00f1ol, mouse touchpad; Puertos: 1 HDMI 1.4, M.2 2230\/2280 slot for solid-state drive; 1 SD 3.0 card slot, 2 USB 3.2 Gen; 1 USB 2.0; Audio: Headset Jack; Bater\u00eda:4-Cell Battery, 54WHr (Integrated),  Fuente de alimentaci\u00f3n E4 65W 4.5mm Rug V2r; Sistema Operativo: Windows 11 Pro; Color: Plata; Peso: 1.65kg; aproxGarant\u00eda: 1 a\u00f1o Estandares Militares + Chip TPM + Teclado Num\u00e9rico (anterior Latitude3550) (PV15250_I7RPLR16512PWPS_1W)<\/p>\n","protected":false},"excerpt":{"rendered":"<p>9KP97 Portatil Dell Pro Essential 15 PV15250 13th Raptor Lake Procesador Intel\u00ae Core\u2122 i7 1355U (10 Cores, 12M Cache, up to 5.0 GHz, NO TOPS) 16GB DDR5: 1x16GB, at 4400<\/p>\n","protected":false},"featured_media":13981,"comment_status":"open","ping_status":"closed","template":"","meta":{"_monsterinsights_skip_tracking":false,"_monsterinsights_sitenote_active":false,"_monsterinsights_sitenote_note":"","_monsterinsights_sitenote_category":0},"aioseo_notices":[],"_links":{"self":[{"href":"https:\/\/hekalsoluciones.com\/hekalsoluciones\/wp-json\/wp\/v2\/product\/13980"}],"collection":[{"href":"https:\/\/hekalsoluciones.com\/hekalsoluciones\/wp-json\/wp\/v2\/product"}],"about":[{"href":"https:\/\/hekalsoluciones.com\/hekalsoluciones\/wp-json\/wp\/v2\/types\/product"}],"replies":[{"embeddable":true,"href":"https:\/\/hekalsoluciones.com\/hekalsoluciones\/wp-json\/wp\/v2\/comments?post=13980"}],"wp:featuredmedia":[{"embeddable":true,"href":"https:\/\/hekalsoluciones.com\/hekalsoluciones\/wp-json\/wp\/v2\/media\/13981"}],"wp:attachment":[{"href":"https:\/\/hekalsoluciones.com\/hekalsoluciones\/wp-json\/wp\/v2\/media?parent=13980"}],"curies":[{"name":"wp","href":"https:\/\/api.w.org\/{rel}","templated":true}]}}