{"id":13985,"date":"2026-04-16T15:41:53","date_gmt":"2026-04-16T15:41:53","guid":{"rendered":"https:\/\/hekalsoluciones.com\/hekalsoluciones\/producto\/monitor-dahua-gamer-25-panel-ips-full-hd-1920-x-1080-169-tiempo-de-respuesta-rapido-de-05-ms-200-hz-sin-borrosidad-ni-imagenes-superpuestas-con-od-1-x-dp-1-4-1-x-hdmi-2-0-1-x-s\/"},"modified":"2026-04-16T21:32:48","modified_gmt":"2026-04-16T21:32:48","slug":"monitor-dahua-gamer-25-panel-ips-full-hd-1920-x-1080-169-tiempo-de-respuesta-rapido-de-05-ms-200-hz-sin-borrosidad-ni-imagenes-superpuestas-con-od-1-x-dp-1-4-1-x-hdmi-2-0-1-x-s","status":"publish","type":"product","link":"https:\/\/hekalsoluciones.com\/hekalsoluciones\/producto\/monitor-dahua-gamer-25-panel-ips-full-hd-1920-x-1080-169-tiempo-de-respuesta-rapido-de-05-ms-200-hz-sin-borrosidad-ni-imagenes-superpuestas-con-od-1-x-dp-1-4-1-x-hdmi-2-0-1-x-s\/","title":{"rendered":"Monitor Dahua Gamer 25 panel IPS, FULL HD 1920 X 1080 16:9, Tiempo de respuesta r\u00e1pido de 0,5 ms 200 HZ sin borrosidad ni im\u00e1genes superpuestas (con OD), 1 \u00d7 DP 1.4, 1 \u00d7 HDMI 2.0, 1 \u00d7 Salida de audio, Amplia gama de colores, 85 % NTSC, Satisface las necesidades de textura de imagen de los dise\u00f1adores y jugadores, \u00c1ngulo de visi\u00f3n extra amplio"},"content":{"rendered":"<p>Monitor Dahua Gamer 25 panel IPS, FULL HD 1920 X 1080 16:9, Tiempo de .respuesta r\u00e1pido de 0,5 ms 180 HZ sin borrosidad ni im\u00e1genes superpuestas (con OD),  1 \u00d7 DP 1.4, 1 \u00d7 HDMI 2.0, 1 \u00d7 Salida de audio, Amplia gama de colores, 85 % NTSC, Satisface las necesidades de textura de imagen de los dise\u00f1adores y jugadores, \u00c1ngulo de visi\u00f3n extra amplio de<\/p>\n","protected":false},"excerpt":{"rendered":"<p>Monitor Dahua Gamer 25 panel IPS, FULL HD 1920 X 1080 16:9, Tiempo de .respuesta r\u00e1pido de 0,5 ms 180 HZ sin borrosidad ni im\u00e1genes superpuestas (con OD), 1 \u00d7<\/p>\n","protected":false},"featured_media":13986,"comment_status":"open","ping_status":"closed","template":"","meta":{"_monsterinsights_skip_tracking":false,"_monsterinsights_sitenote_active":false,"_monsterinsights_sitenote_note":"","_monsterinsights_sitenote_category":0},"aioseo_notices":[],"_links":{"self":[{"href":"https:\/\/hekalsoluciones.com\/hekalsoluciones\/wp-json\/wp\/v2\/product\/13985"}],"collection":[{"href":"https:\/\/hekalsoluciones.com\/hekalsoluciones\/wp-json\/wp\/v2\/product"}],"about":[{"href":"https:\/\/hekalsoluciones.com\/hekalsoluciones\/wp-json\/wp\/v2\/types\/product"}],"replies":[{"embeddable":true,"href":"https:\/\/hekalsoluciones.com\/hekalsoluciones\/wp-json\/wp\/v2\/comments?post=13985"}],"wp:featuredmedia":[{"embeddable":true,"href":"https:\/\/hekalsoluciones.com\/hekalsoluciones\/wp-json\/wp\/v2\/media\/13986"}],"wp:attachment":[{"href":"https:\/\/hekalsoluciones.com\/hekalsoluciones\/wp-json\/wp\/v2\/media?parent=13985"}],"curies":[{"name":"wp","href":"https:\/\/api.w.org\/{rel}","templated":true}]}}