{"id":13996,"date":"2026-04-16T15:53:49","date_gmt":"2026-04-16T15:53:49","guid":{"rendered":"https:\/\/hekalsoluciones.com\/hekalsoluciones\/producto\/monitor-22-resolucion-full-hd-1920-x-1080-panel-ips-contraste-estatico-30001-y-relacion-de-aspecto-169-hdmi-y-vga-100-hz-soporte-amd-freesync-garantia-3-anos\/"},"modified":"2026-04-28T12:27:04","modified_gmt":"2026-04-28T12:27:04","slug":"monitor-22-resolucion-full-hd-1920-x-1080-panel-ips-contraste-estatico-30001-y-relacion-de-aspecto-169-hdmi-y-vga-100-hz-soporte-amd-freesync-garantia-3-anos","status":"publish","type":"product","link":"https:\/\/hekalsoluciones.com\/hekalsoluciones\/producto\/monitor-22-resolucion-full-hd-1920-x-1080-panel-ips-contraste-estatico-30001-y-relacion-de-aspecto-169-hdmi-y-vga-100-hz-soporte-amd-freesync-garantia-3-anos\/","title":{"rendered":"Monitor 22\u201d, resoluci\u00f3n Full HD (1920 \u00d7 1080), Panel IPS, contraste est\u00e1tico 3000:1 y relaci\u00f3n de aspecto 16:9. HDMI y VGA 120 Hz, soporte AMD FreeSync, garant\u00eda 3 a\u00f1os."},"content":{"rendered":"<p>monitor LED de 22\u201d con resoluci\u00f3n Full HD (1920 \u00d7 1080), panel VA, contraste est\u00e1tico 3000:1 y relaci\u00f3n de aspecto 16:9. Dispone de 1\u00d7 HDMI y 1\u00d7 D-Sub (VGA), frecuencia de actualizaci\u00f3n hasta 100Hz, soporte AMD FreeSync, montaje VESA 75 \u00d7 75 mm y funciones Flicker Free y Eye Saver Mode para uso prolongado, garant\u00eda 3 a\u00f1os.<\/p>\n<div class=\"shopcommerce-product-attributes\">\n<h4>Especificaciones<\/h4>\n<ul class=\"product-specs\">\n<li><strong>ACCESORIOS INCLUIDOS:<\/strong> <em>N\/A<\/em><\/li>\n<\/ul>\n<\/div>\n","protected":false},"excerpt":{"rendered":"<p>monitor LED de 22\u201d con resoluci\u00f3n Full HD (1920 \u00d7 1080), panel VA, contraste est\u00e1tico 3000:1 y relaci\u00f3n de aspecto 16:9. Dispone de 1\u00d7 HDMI y 1\u00d7 D-Sub (VGA), frecuencia<\/p>\n","protected":false},"featured_media":10955,"comment_status":"open","ping_status":"closed","template":"","meta":{"_monsterinsights_skip_tracking":false,"_monsterinsights_sitenote_active":false,"_monsterinsights_sitenote_note":"","_monsterinsights_sitenote_category":0},"aioseo_notices":[],"_links":{"self":[{"href":"https:\/\/hekalsoluciones.com\/hekalsoluciones\/wp-json\/wp\/v2\/product\/13996"}],"collection":[{"href":"https:\/\/hekalsoluciones.com\/hekalsoluciones\/wp-json\/wp\/v2\/product"}],"about":[{"href":"https:\/\/hekalsoluciones.com\/hekalsoluciones\/wp-json\/wp\/v2\/types\/product"}],"replies":[{"embeddable":true,"href":"https:\/\/hekalsoluciones.com\/hekalsoluciones\/wp-json\/wp\/v2\/comments?post=13996"}],"wp:featuredmedia":[{"embeddable":true,"href":"https:\/\/hekalsoluciones.com\/hekalsoluciones\/wp-json\/wp\/v2\/media\/10955"}],"wp:attachment":[{"href":"https:\/\/hekalsoluciones.com\/hekalsoluciones\/wp-json\/wp\/v2\/media?parent=13996"}],"curies":[{"name":"wp","href":"https:\/\/api.w.org\/{rel}","templated":true}]}}