{"id":13997,"date":"2026-04-16T15:53:53","date_gmt":"2026-04-16T15:53:53","guid":{"rendered":"https:\/\/hekalsoluciones.com\/hekalsoluciones\/producto\/camara-web-logitech-todo-en-uno-manos-libres-color-negro\/"},"modified":"2026-04-27T21:31:28","modified_gmt":"2026-04-27T21:31:28","slug":"camara-web-logitech-todo-en-uno-manos-libres-color-negro","status":"publish","type":"product","link":"https:\/\/hekalsoluciones.com\/hekalsoluciones\/producto\/camara-web-logitech-todo-en-uno-manos-libres-color-negro\/","title":{"rendered":"C\u00e1mara Web LOGITECH Todo En Uno Manos Libres COLOR Negro"},"content":{"rendered":"<p>Full HD 1080 USB Compatible Win-Mac Panor\u00e1mica de 180\u00b0 Ampl\u00eda Hasta X1.2 HD. Gran valor para peque\u00f1os equipos. Los equipos peque\u00f1os pueden realizar sus propias videoconferencias en cualquier momento y lugar. El sistema de videoconferencia todo-en-uno BCC950, con su c\u00e1mara web de alta definici\u00f3n y sistema manos libres Plug and Play, es ideal para salas peque\u00f1as o equipos de 1 a 4 personas. Se configura r\u00e1pida y f\u00e1cilmente en un escritorio de oficina o en una mesa de conferencias. El video HD y el audio n\u00edtido combinan alta calidad y alto valor. Dise\u00f1o todo-en-uno. Sencillamente Plug and Play. BCC950 ofrece audio de banda ancha de un sistema manos libres full d\u00faplex y v\u00eddeo HD de una c\u00e1mara robotizada. En otras palabras, es todo lo necesario para realizar una peque\u00f1a videoconferencia con hasta cuatro personas en una sala. Con un dise\u00f1o compacto y una c\u00e1mara robotizada a la altura de los ojos, BCC950 ha sido dise\u00f1ado pensando en grupos peque\u00f1os. Gracias a la bocina omnidireccional y el micr\u00f3fono con supresi\u00f3n de ruido, todos los participantes de la reuni\u00f3n pueden escuchar lo que se dice, y ser escuchados, en un radio de 2,4 metros. BCC950 se puede usar en oficinas privadas, oficinas en casa o pr\u00e1cticamente en cualquier espacio semiprivado.<\/p>\n<div class=\"shopcommerce-product-attributes\">\n<h4>Especificaciones<\/h4>\n<ul class=\"product-specs\">\n<li><strong>CONDICI\u00d3N:<\/strong> NUEVO<\/li>\n<li><strong>COLOR:<\/strong> NEGRO<\/li>\n<li><strong>MARCA:<\/strong> LOGITECH<\/li>\n<li><strong>MODELO:<\/strong> CAMARA BCC950<\/li>\n<li><strong>L\u00cdNEA DE PRODUCTOS:<\/strong> N\/A<\/li>\n<li><strong>MODELO ALFANUMERICO:<\/strong> BCC950<\/li>\n<li><strong>MODELO DETALLADO:<\/strong> CAMARA BCC950<\/li>\n<li><strong>FUENTE DEL PRODUCTO:<\/strong> N\/A<\/li>\n<li><strong>ES KIT:<\/strong> SI<\/li>\n<li><strong>ZOOM:<\/strong> SI<\/li>\n<li><strong>UNIDADES DE DIMENSI\u00d3N:<\/strong> CM<\/li>\n<li><strong>TIPO DE LENTE:<\/strong> N\/A<\/li>\n<li><strong>CON MICR\u00d3FONO INCORPORADO:<\/strong> SI<\/li>\n<li><strong>CON PROTECCI\u00d3N DE IMAGEN:<\/strong> NO<\/li>\n<li><strong>FLUIDEZ DE VIDEO:<\/strong> N\/A<\/li>\n<li><strong>SISTEMA OPERATIVO QUE SOPORTA:<\/strong> Windows\u00ae 7 o Windows\u00ae 8<\/li>\n<li><strong>RESOLUCI\u00d3N DE PANTALLA:<\/strong> 1080<\/li>\n<li><strong>RESOLUCI\u00d3N DE LA IMAGEN:<\/strong> 1080<\/li>\n<li><strong>UNIDAD DE PESO:<\/strong> KG<\/li>\n<li><strong>INTERFACES:<\/strong> N\/A<\/li>\n<li><strong>SKU:<\/strong> 960-000866<\/li>\n<li><strong>NOMBRE O DESCRIPCION:<\/strong> C\u00e1mara web todo en uno Logitech manos libres color negro<\/li>\n<li><strong>IMAGEN:<\/strong> SI<\/li>\n<li><strong>EAN:<\/strong> 097855088499<\/li>\n<li><strong>SKU SIMPLE:<\/strong> 960-000866<\/li>\n<li><strong>PRECIO:<\/strong> N\/A<\/li>\n<li><strong>STOCK:<\/strong> N\/A<\/li>\n<li><strong>M\u00c9TODO DE ENV\u00cdO:<\/strong> N\/A<\/li>\n<li><strong>ANCHURA DEL PAQUETE DE ENV\u00cdO:<\/strong> 17,70<\/li>\n<li><strong>ALTURA DEL PAQUETE DE ENV\u00cdO:<\/strong> 12,93<\/li>\n<li><strong>LARGO DEL PAQUETE DE ENV\u00cdO:<\/strong> 17,29<\/li>\n<li><strong>PESO DEL PAQUETE:<\/strong> 1,80<\/li>\n<li><strong>CANAL EXCLUSIVO:<\/strong> N\/A<\/li>\n<li><strong>ACABADO DE LA ESTRUCTURA:<\/strong> N\/A<\/li>\n<li><strong>NOMBRE:<\/strong> C\u00e1mara Web LOGITECH Todo En Uno Manos Libres COLOR Negro<\/li>\n<li><strong>CARACTERISTICAS:<\/strong> Full HD 1080 USB Compatible Win-Mac Panor\u00e1mica de 180\u00b0 Ampl\u00eda Hasta X1.2 HD. Gran valor para peque\u00f1os equipos. Los equipos peque\u00f1os pueden realizar sus propias videoconferencias en cualquier momento y lugar. El sistema de videoconferencia todo-en-uno BCC950, con su c\u00e1mara web de alta definici\u00f3n y sistema manos libres Plug and Play, es ideal para salas peque\u00f1as o equipos de 1 a 4 personas. Se configura r\u00e1pida y f\u00e1cilmente en un escritorio de oficina o en una mesa de conferencias. El video HD y el audio n\u00edtido combinan alta calidad y alto valor. Dise\u00f1o todo-en-uno. Sencillamente Plug and Play. BCC950 ofrece audio de banda ancha de un sistema manos libres full d\u00faplex y v\u00eddeo HD de una c\u00e1mara robotizada. En otras palabras, es todo lo necesario para realizar una peque\u00f1a videoconferencia con hasta cuatro personas en una sala. Con un dise\u00f1o compacto y una c\u00e1mara robotizada a la altura de los ojos, BCC950 ha sido dise\u00f1ado pensando en grupos peque\u00f1os. Gracias a la bocina omnidireccional y el micr\u00f3fono con supresi\u00f3n de ruido, todos los participantes de la reuni\u00f3n pueden escuchar lo que se dice, y ser escuchados, en un radio de 2,4 metros. BCC950 se puede usar en oficinas privadas, oficinas en casa o pr\u00e1cticamente en cualquier espacio semiprivado.<\/li>\n<\/ul>\n<\/div>\n","protected":false},"excerpt":{"rendered":"<p>Full HD 1080 USB Compatible Win-Mac Panor\u00e1mica de 180\u00b0 Ampl\u00eda Hasta X1.2 HD. Gran valor para peque\u00f1os equipos. Los equipos peque\u00f1os pueden realizar sus propias videoconferencias en cualquier momento y<\/p>\n","protected":false},"featured_media":13998,"comment_status":"open","ping_status":"closed","template":"","meta":{"_monsterinsights_skip_tracking":false,"_monsterinsights_sitenote_active":false,"_monsterinsights_sitenote_note":"","_monsterinsights_sitenote_category":0},"aioseo_notices":[],"_links":{"self":[{"href":"https:\/\/hekalsoluciones.com\/hekalsoluciones\/wp-json\/wp\/v2\/product\/13997"}],"collection":[{"href":"https:\/\/hekalsoluciones.com\/hekalsoluciones\/wp-json\/wp\/v2\/product"}],"about":[{"href":"https:\/\/hekalsoluciones.com\/hekalsoluciones\/wp-json\/wp\/v2\/types\/product"}],"replies":[{"embeddable":true,"href":"https:\/\/hekalsoluciones.com\/hekalsoluciones\/wp-json\/wp\/v2\/comments?post=13997"}],"wp:featuredmedia":[{"embeddable":true,"href":"https:\/\/hekalsoluciones.com\/hekalsoluciones\/wp-json\/wp\/v2\/media\/13998"}],"wp:attachment":[{"href":"https:\/\/hekalsoluciones.com\/hekalsoluciones\/wp-json\/wp\/v2\/media?parent=13997"}],"curies":[{"name":"wp","href":"https:\/\/api.w.org\/{rel}","templated":true}]}}