{"id":14002,"date":"2026-04-16T15:53:58","date_gmt":"2026-04-16T15:53:58","guid":{"rendered":"https:\/\/hekalsoluciones.com\/hekalsoluciones\/producto\/camara-web-logitech-empresarial-c930e-color-negro\/"},"modified":"2026-04-27T21:31:28","modified_gmt":"2026-04-27T21:31:28","slug":"camara-web-logitech-empresarial-c930e-color-negro","status":"publish","type":"product","link":"https:\/\/hekalsoluciones.com\/hekalsoluciones\/producto\/camara-web-logitech-empresarial-c930e-color-negro\/","title":{"rendered":"C\u00e1mara Web LOGITECH Empresarial C930e COLOR Negro"},"content":{"rendered":"<p>La C930e es una c\u00e1mara avanzada HD 1080p que proporciona video excelente en pr\u00e1cticamente cualquier entorno, aunque haya poca luz o retroiluminaci\u00f3n extrema. La compresi\u00f3n de video H.264 y un generoso campo visual ancho de 90\u00b0 contribuyen a hacer de la C930e la mejor alternativa a las reuniones en persona, La C930e permite mejores reuniones por video La resoluci\u00f3n HD 1080p\/30 fps con ajustes de RightLight\u2122 2 y una lente de alta precisi\u00f3n proporcionan video de excelente calidad en cualquier entorno. El sensor de imagen de gama alta ofrece calidad HD constante sin crear desenfoques ni efectos dentados, incluso con valores de zoom altos.Encuadra perfectamente tu espaci\u00f3 y tu propia imagen con un generoso campo visual diagonal de 90\u00b0, enfoque autom\u00e1tico HD, panor\u00e1mica, inclinaci\u00f3n y zoom HD 4x. El campo visual ancho sin distorsi\u00f3n combinado con el vers\u00e1til zoom digital permiten a la C930e capturar el contenido de la pizarra y mostrar objetos f\u00e1cilmente. El campo visual diagonal de 90\u00b0.<\/p>\n<div class=\"shopcommerce-product-attributes\">\n<h4>Especificaciones<\/h4>\n<ul class=\"product-specs\">\n<li><strong>CONDICI\u00d3N:<\/strong> NUEVO<\/li>\n<li><strong>COLOR:<\/strong> NEGRO<\/li>\n<li><strong>MARCA:<\/strong> LOGITECH<\/li>\n<li><strong>MODELO:<\/strong> N\/A<\/li>\n<li><strong>L\u00cdNEA DE PRODUCTOS:<\/strong> Si<\/li>\n<li><strong>MODELO ALFANUMERICO:<\/strong> N\/A<\/li>\n<li><strong>MODELO DETALLADO:<\/strong> Logitech Webcam C930e dispone del campo de visi\u00f3n m\u00e1s amplio jam\u00e1s visto en una c\u00e1mara de escritorio: 90 grados. Y es la primera c\u00e1mara con codificaci\u00f3n HD 1080p H.264\/SVC UVC 1.5, la tecnolog\u00eda m\u00e1s avanzada que libera ancho de banda del ordenador gracias al procesamiento de v\u00eddeo integrado en la c\u00e1mara. Con funciones de panor\u00e1mico, inclinaci\u00f3n y z<\/li>\n<li><strong>FUENTE DEL PRODUCTO:<\/strong> N\/A<\/li>\n<li><strong>ES KIT:<\/strong> NO<\/li>\n<li><strong>ZOOM:<\/strong> SI<\/li>\n<li><strong>UNIDADES DE DIMENSI\u00d3N:<\/strong> IN<\/li>\n<li><strong>TIPO DE LENTE:<\/strong> N\/A<\/li>\n<li><strong>CON MICR\u00d3FONO INCORPORADO:<\/strong> Si<\/li>\n<li><strong>CON PROTECCI\u00d3N DE IMAGEN:<\/strong> Si<\/li>\n<li><strong>FLUIDEZ DE VIDEO:<\/strong> N\/A<\/li>\n<li><strong>SISTEMA OPERATIVO QUE SOPORTA:<\/strong> Con certificaci\u00f3n para Microsoft\u00ae LyncTM 2013 y Skype\u00ae, compatible con la mayor\u00eda de aplicaciones UC y de conferencias Web<\/li>\n<li><strong>RESOLUCI\u00d3N DE PANTALLA:<\/strong> Full HD 1080p\/30 fps<\/li>\n<li><strong>RESOLUCI\u00d3N DE LA IMAGEN:<\/strong> 1080<\/li>\n<li><strong>UNIDAD DE PESO:<\/strong> OZ<\/li>\n<li><strong>INTERFACES:<\/strong> H.264 con codificaci\u00f3n de v\u00eddeo escalable (SVC) y tecnolog\u00eda de codificaci\u00f3n UVC 1.5<\/li>\n<li><strong>SKU:<\/strong> 960-000971<\/li>\n<li><strong>NOMBRE O DESCRIPCION:<\/strong> La C930e es una c\u00e1mara avanzada HD 1080p que proporciona video excelente en pr\u00e1cticamente cualquier entorno, aunque haya poca luz o retroiluminaci\u00f3n extrema. La compresi\u00f3n de video H.264 y un generoso campo visual ancho de 90\u00b0 contribuyen a hacer de la C930e la mejor alternativa a las reuniones en persona, La C930e permite mejores reuniones por video La resoluci\u00f3n HD 1080p\/30 fps con ajustes de RightLight\u2122 2 y una lente de alta precisi\u00f3n proporcionan video de excelente calidad en cualquier entorno. El sensor de imagen de gama alta ofrece calidad HD constante sin crear desenfoques ni efectos dentados, incluso con valores de zoom altos.Encuadra perfectamente tu espaci\u00f3 y tu propia imagen con un generoso campo visual diagonal de 90\u00b0, enfoque autom\u00e1tico HD, panor\u00e1mica, inclinaci\u00f3n y zoom HD 4x. El campo visual ancho sin distorsi\u00f3n combinado con el vers\u00e1til zoom digital permiten a la C930e capturar el contenido de la pizarra y mostrar objetos f\u00e1cilmente. El campo visual diagonal de 90\u00b0.<\/li>\n<li><strong>IMAGEN:<\/strong> SI<\/li>\n<li><strong>EAN:<\/strong> 97855095985<\/li>\n<li><strong>SKU SIMPLE:<\/strong> 960-000971<\/li>\n<li><strong>PRECIO:<\/strong> N\/A<\/li>\n<li><strong>STOCK:<\/strong> N\/A<\/li>\n<li><strong>M\u00c9TODO DE ENV\u00cdO:<\/strong> N\/A<\/li>\n<li><strong>ANCHURA DEL PAQUETE DE ENV\u00cdO:<\/strong> 11.41 in<\/li>\n<li><strong>ALTURA DEL PAQUETE DE ENV\u00cdO:<\/strong> 23.622 in<\/li>\n<li><strong>LARGO DEL PAQUETE DE ENV\u00cdO:<\/strong> 16.7717 in<\/li>\n<li><strong>PESO DEL PAQUETE:<\/strong> 423.2832 oz<\/li>\n<li><strong>CANAL EXCLUSIVO:<\/strong> N\/A<\/li>\n<li><strong>ACABADO DE LA ESTRUCTURA:<\/strong> N\/A<\/li>\n<li><strong>NOMBRE:<\/strong> C\u00e1mara Web LOGITECH Empresarial C930e COLOR Negro<\/li>\n<li><strong>CARACTERISTICAS:<\/strong> La C930e es una c\u00e1mara avanzada HD 1080p que proporciona video excelente en pr\u00e1cticamente cualquier entorno, aunque haya poca luz o retroiluminaci\u00f3n extrema. La compresi\u00f3n de video H.264 y un generoso campo visual ancho de 90\u00b0 contribuyen a hacer de la C930e la mejor alternativa a las reuniones en persona, La C930e permite mejores reuniones por video La resoluci\u00f3n HD 1080p\/30 fps con ajustes de RightLight\u2122 2 y una lente de alta precisi\u00f3n proporcionan video de excelente calidad en cualquier entorno. El sensor de imagen de gama alta ofrece calidad HD constante sin crear desenfoques ni efectos dentados, incluso con valores de zoom altos.Encuadra perfectamente tu espaci\u00f3 y tu propia imagen con un generoso campo visual diagonal de 90\u00b0, enfoque autom\u00e1tico HD, panor\u00e1mica, inclinaci\u00f3n y zoom HD 4x. El campo visual ancho sin distorsi\u00f3n combinado con el vers\u00e1til zoom digital permiten a la C930e capturar el contenido de la pizarra y mostrar objetos f\u00e1cilmente. El campo visual diagonal de 90\u00b0.<\/li>\n<\/ul>\n<\/div>\n","protected":false},"excerpt":{"rendered":"<p>La C930e es una c\u00e1mara avanzada HD 1080p que proporciona video excelente en pr\u00e1cticamente cualquier entorno, aunque haya poca luz o retroiluminaci\u00f3n extrema. La compresi\u00f3n de video H.264 y un<\/p>\n","protected":false},"featured_media":11283,"comment_status":"open","ping_status":"closed","template":"","meta":{"_monsterinsights_skip_tracking":false,"_monsterinsights_sitenote_active":false,"_monsterinsights_sitenote_note":"","_monsterinsights_sitenote_category":0},"aioseo_notices":[],"_links":{"self":[{"href":"https:\/\/hekalsoluciones.com\/hekalsoluciones\/wp-json\/wp\/v2\/product\/14002"}],"collection":[{"href":"https:\/\/hekalsoluciones.com\/hekalsoluciones\/wp-json\/wp\/v2\/product"}],"about":[{"href":"https:\/\/hekalsoluciones.com\/hekalsoluciones\/wp-json\/wp\/v2\/types\/product"}],"replies":[{"embeddable":true,"href":"https:\/\/hekalsoluciones.com\/hekalsoluciones\/wp-json\/wp\/v2\/comments?post=14002"}],"wp:featuredmedia":[{"embeddable":true,"href":"https:\/\/hekalsoluciones.com\/hekalsoluciones\/wp-json\/wp\/v2\/media\/11283"}],"wp:attachment":[{"href":"https:\/\/hekalsoluciones.com\/hekalsoluciones\/wp-json\/wp\/v2\/media?parent=14002"}],"curies":[{"name":"wp","href":"https:\/\/api.w.org\/{rel}","templated":true}]}}